{"id":2149,"date":"2023-05-16T00:18:37","date_gmt":"2023-05-16T00:18:37","guid":{"rendered":"https:\/\/kandpconsultancy.com\/?page_id=2149"},"modified":"2024-09-30T09:53:56","modified_gmt":"2024-09-30T09:53:56","slug":"services","status":"publish","type":"page","link":"https:\/\/kandpconsultancy.com\/en\/services\/","title":{"rendered":"Services"},"content":{"rendered":"<div data-elementor-type=\"wp-page\" data-elementor-id=\"2149\" class=\"elementor elementor-2149\" data-elementor-post-type=\"page\">\n\t\t\t\t<div class=\"elementor-element elementor-element-325420b2 e-flex e-con-boxed e-con e-parent\" data-id=\"325420b2\" data-element_type=\"container\" data-e-type=\"container\">\n\t\t\t\t\t<div class=\"e-con-inner\">\n\t\t<div class=\"elementor-element elementor-element-4f870da5 e-con-full e-flex e-con e-child\" data-id=\"4f870da5\" data-element_type=\"container\" data-e-type=\"container\">\n\t\t\t\t<div class=\"elementor-element elementor-element-498a314c elementor-widget elementor-widget-heading\" data-id=\"498a314c\" data-element_type=\"widget\" data-e-type=\"widget\" data-widget_type=\"heading.default\">\n\t\t\t\t<div class=\"elementor-widget-container\">\n\t\t\t\t\t<h2 class=\"elementor-heading-title elementor-size-default\">Our Services<\/h2>\t\t\t\t<\/div>\n\t\t\t\t<\/div>\n\t\t\t\t<\/div>\n\t\t\t\t\t<\/div>\n\t\t\t\t<\/div>\n\t\t<div class=\"elementor-element elementor-element-df43d5a e-flex e-con-boxed e-con e-parent\" data-id=\"df43d5a\" data-element_type=\"container\" data-e-type=\"container\">\n\t\t\t\t\t<div class=\"e-con-inner\">\n\t\t<div class=\"elementor-element elementor-element-64adf71 e-con-full e-flex e-con e-child\" data-id=\"64adf71\" data-element_type=\"container\" data-e-type=\"container\">\n\t\t\t\t<div class=\"elementor-element elementor-element-7e16e6a elementor-position-top elementor-widget elementor-widget-image-box\" data-id=\"7e16e6a\" data-element_type=\"widget\" data-e-type=\"widget\" data-widget_type=\"image-box.default\">\n\t\t\t\t<div class=\"elementor-widget-container\">\n\t\t\t\t\t<div class=\"elementor-image-box-wrapper\"><figure class=\"elementor-image-box-img\"><a href=\"https:\/\/kandpconsultancy.com\/en\/services\/brand-collaborations\/\" tabindex=\"-1\"><img decoding=\"async\" width=\"241\" height=\"99\" src=\"https:\/\/kandpconsultancy.com\/wp-content\/uploads\/2023\/05\/Danismanlik-Hizmetleri.svg\" class=\"attachment-full size-full wp-image-837\" alt=\"\" \/><\/a><\/figure><div class=\"elementor-image-box-content\"><h3 class=\"elementor-image-box-title\"><a href=\"https:\/\/kandpconsultancy.com\/en\/services\/brand-collaborations\/\">Brand Collaborations<\/a><\/h3><p class=\"elementor-image-box-description\">At K &amp; P Consultancy, we establish strong and strategic partnerships between real estate development companies and world-renowned brands. We can detail the services we offer in this context as follows:<\/p><\/div><\/div>\t\t\t\t<\/div>\n\t\t\t\t<\/div>\n\t\t\t\t<div class=\"elementor-element elementor-element-8760d02 elementor-align-center elementor-widget elementor-widget-button\" data-id=\"8760d02\" data-element_type=\"widget\" data-e-type=\"widget\" data-widget_type=\"button.default\">\n\t\t\t\t<div class=\"elementor-widget-container\">\n\t\t\t\t\t\t\t\t\t<div class=\"elementor-button-wrapper\">\n\t\t\t\t\t<a class=\"elementor-button elementor-button-link elementor-size-sm\" href=\"https:\/\/kandpconsultancy.com\/en\/services\/brand-collaborations\/\">\n\t\t\t\t\t\t<span class=\"elementor-button-content-wrapper\">\n\t\t\t\t\t\t\t\t\t<span class=\"elementor-button-text\">Explore<\/span>\n\t\t\t\t\t<\/span>\n\t\t\t\t\t<\/a>\n\t\t\t\t<\/div>\n\t\t\t\t\t\t\t\t<\/div>\n\t\t\t\t<\/div>\n\t\t\t\t<\/div>\n\t\t<div class=\"elementor-element elementor-element-efa7ff3 e-con-full e-flex e-con e-child\" data-id=\"efa7ff3\" data-element_type=\"container\" data-e-type=\"container\">\n\t\t\t\t<div class=\"elementor-element elementor-element-8a43c33 elementor-position-top elementor-widget elementor-widget-image-box\" data-id=\"8a43c33\" data-element_type=\"widget\" data-e-type=\"widget\" data-widget_type=\"image-box.default\">\n\t\t\t\t<div class=\"elementor-widget-container\">\n\t\t\t\t\t<div class=\"elementor-image-box-wrapper\"><figure class=\"elementor-image-box-img\"><a href=\"https:\/\/kandpconsultancy.com\/en\/services\/international-market-research\/\" tabindex=\"-1\"><img decoding=\"async\" width=\"178\" height=\"150\" src=\"https:\/\/kandpconsultancy.com\/wp-content\/uploads\/2023\/05\/Pazar-Arastirmasi.svg\" class=\"attachment-full size-full wp-image-840\" alt=\"\" \/><\/a><\/figure><div class=\"elementor-image-box-content\"><h3 class=\"elementor-image-box-title\"><a href=\"https:\/\/kandpconsultancy.com\/en\/services\/international-market-research\/\">Market Research<\/a><\/h3><p class=\"elementor-image-box-description\">K&amp;P Consultancy's Market Research service provides in-depth analysis of local and global markets, providing comprehensive information ranging from customs consultancy to demographic analysis.\n<\/p><\/div><\/div>\t\t\t\t<\/div>\n\t\t\t\t<\/div>\n\t\t\t\t<div class=\"elementor-element elementor-element-77f2942 elementor-align-center elementor-widget elementor-widget-button\" data-id=\"77f2942\" data-element_type=\"widget\" data-e-type=\"widget\" data-widget_type=\"button.default\">\n\t\t\t\t<div class=\"elementor-widget-container\">\n\t\t\t\t\t\t\t\t\t<div class=\"elementor-button-wrapper\">\n\t\t\t\t\t<a class=\"elementor-button elementor-button-link elementor-size-sm\" href=\"https:\/\/kandpconsultancy.com\/en\/services\/international-market-research\/\">\n\t\t\t\t\t\t<span class=\"elementor-button-content-wrapper\">\n\t\t\t\t\t\t\t\t\t<span class=\"elementor-button-text\">Explore<\/span>\n\t\t\t\t\t<\/span>\n\t\t\t\t\t<\/a>\n\t\t\t\t<\/div>\n\t\t\t\t\t\t\t\t<\/div>\n\t\t\t\t<\/div>\n\t\t\t\t<\/div>\n\t\t<div class=\"elementor-element elementor-element-a59482f e-con-full e-flex e-con e-child\" data-id=\"a59482f\" data-element_type=\"container\" data-e-type=\"container\">\n\t\t\t\t<div class=\"elementor-element elementor-element-4f914b6 elementor-position-top elementor-widget elementor-widget-image-box\" data-id=\"4f914b6\" data-element_type=\"widget\" data-e-type=\"widget\" data-widget_type=\"image-box.default\">\n\t\t\t\t<div class=\"elementor-widget-container\">\n\t\t\t\t\t<div class=\"elementor-image-box-wrapper\"><figure class=\"elementor-image-box-img\"><a href=\"https:\/\/kandpconsultancy.com\/en\/services\/international-country-reporting-services\/\" tabindex=\"-1\"><img decoding=\"async\" width=\"217\" height=\"132\" src=\"https:\/\/kandpconsultancy.com\/wp-content\/uploads\/2023\/05\/Rapor-ve-Ulke-Analiz-Hizmetleri.svg\" class=\"attachment-full size-full wp-image-836\" alt=\"\" \/><\/a><\/figure><div class=\"elementor-image-box-content\"><h3 class=\"elementor-image-box-title\"><a href=\"https:\/\/kandpconsultancy.com\/en\/services\/international-country-reporting-services\/\">Report and Country Analysis Services<\/a><\/h3><p class=\"elementor-image-box-description\">K &amp; P Consultancy offers comprehensive country and report analysis to strengthen organizations' international operations. Strengthen your business on a global level with reports on economic structure, sector breakdowns and market supply and demand charts.<\/p><\/div><\/div>\t\t\t\t<\/div>\n\t\t\t\t<\/div>\n\t\t\t\t<div class=\"elementor-element elementor-element-248ead6 elementor-align-center elementor-widget elementor-widget-button\" data-id=\"248ead6\" data-element_type=\"widget\" data-e-type=\"widget\" data-widget_type=\"button.default\">\n\t\t\t\t<div class=\"elementor-widget-container\">\n\t\t\t\t\t\t\t\t\t<div class=\"elementor-button-wrapper\">\n\t\t\t\t\t<a class=\"elementor-button elementor-button-link elementor-size-sm\" href=\"https:\/\/kandpconsultancy.com\/en\/services\/international-country-reporting-services\/\">\n\t\t\t\t\t\t<span class=\"elementor-button-content-wrapper\">\n\t\t\t\t\t\t\t\t\t<span class=\"elementor-button-text\">Explore<\/span>\n\t\t\t\t\t<\/span>\n\t\t\t\t\t<\/a>\n\t\t\t\t<\/div>\n\t\t\t\t\t\t\t\t<\/div>\n\t\t\t\t<\/div>\n\t\t\t\t<\/div>\n\t\t<div class=\"elementor-element elementor-element-ba9c672 e-con-full e-flex e-con e-child\" data-id=\"ba9c672\" data-element_type=\"container\" data-e-type=\"container\">\n\t\t\t\t<div class=\"elementor-element elementor-element-a2fe073 elementor-position-top elementor-widget elementor-widget-image-box\" data-id=\"a2fe073\" data-element_type=\"widget\" data-e-type=\"widget\" data-widget_type=\"image-box.default\">\n\t\t\t\t<div class=\"elementor-widget-container\">\n\t\t\t\t\t<div class=\"elementor-image-box-wrapper\"><figure class=\"elementor-image-box-img\"><a href=\"https:\/\/kandpconsultancy.com\/en\/services\/consultancy-services\/\" tabindex=\"-1\"><img decoding=\"async\" width=\"241\" height=\"99\" src=\"https:\/\/kandpconsultancy.com\/wp-content\/uploads\/2023\/05\/Danismanlik-Hizmetleri.svg\" class=\"attachment-full size-full wp-image-837\" alt=\"\" \/><\/a><\/figure><div class=\"elementor-image-box-content\"><h3 class=\"elementor-image-box-title\"><a href=\"https:\/\/kandpconsultancy.com\/en\/services\/consultancy-services\/\">Consulting Services<\/a><\/h3><p class=\"elementor-image-box-description\">\"K &amp; P Consultancy\" provides corporate advisory, M&amp;A advisory, investment advisory and financial advisory services. These services help companies improve their workflow, grow, guide investment decisions and manage their financial operations more efficiently.<\/p><\/div><\/div>\t\t\t\t<\/div>\n\t\t\t\t<\/div>\n\t\t\t\t<div class=\"elementor-element elementor-element-65943ca elementor-align-center elementor-widget elementor-widget-button\" data-id=\"65943ca\" data-element_type=\"widget\" data-e-type=\"widget\" data-widget_type=\"button.default\">\n\t\t\t\t<div class=\"elementor-widget-container\">\n\t\t\t\t\t\t\t\t\t<div class=\"elementor-button-wrapper\">\n\t\t\t\t\t<a class=\"elementor-button elementor-button-link elementor-size-sm\" href=\"https:\/\/kandpconsultancy.com\/en\/services\/consultancy-services\/\">\n\t\t\t\t\t\t<span class=\"elementor-button-content-wrapper\">\n\t\t\t\t\t\t\t\t\t<span class=\"elementor-button-text\">Explore<\/span>\n\t\t\t\t\t<\/span>\n\t\t\t\t\t<\/a>\n\t\t\t\t<\/div>\n\t\t\t\t\t\t\t\t<\/div>\n\t\t\t\t<\/div>\n\t\t\t\t<\/div>\n\t\t<div class=\"elementor-element elementor-element-2ee2af2 e-con-full e-flex e-con e-child\" data-id=\"2ee2af2\" data-element_type=\"container\" data-e-type=\"container\">\n\t\t\t\t<div class=\"elementor-element elementor-element-1ad6770 elementor-position-top elementor-widget elementor-widget-image-box\" data-id=\"1ad6770\" data-element_type=\"widget\" data-e-type=\"widget\" data-widget_type=\"image-box.default\">\n\t\t\t\t<div class=\"elementor-widget-container\">\n\t\t\t\t\t<div class=\"elementor-image-box-wrapper\"><figure class=\"elementor-image-box-img\"><a href=\"https:\/\/kandpconsultancy.com\/en\/services\/investment-management-services\/\" tabindex=\"-1\"><img loading=\"lazy\" decoding=\"async\" width=\"151\" height=\"150\" src=\"https:\/\/kandpconsultancy.com\/wp-content\/uploads\/2023\/05\/Yatirim-Yonetimi-Danismanligi.svg\" class=\"attachment-full size-full wp-image-833\" alt=\"\" \/><\/a><\/figure><div class=\"elementor-image-box-content\"><h3 class=\"elementor-image-box-title\"><a href=\"https:\/\/kandpconsultancy.com\/en\/services\/investment-management-services\/\">Investment Management Services<\/a><\/h3><p class=\"elementor-image-box-description\">K &amp; P Consultancy offers a wide range of consultancy services from investment management to market analysis, from brand concept creation to project development. It also specializes in investment feasibility, budget analysis, construction processes and operational management.<\/p><\/div><\/div>\t\t\t\t<\/div>\n\t\t\t\t<\/div>\n\t\t\t\t<div class=\"elementor-element elementor-element-4757d1f elementor-align-center elementor-widget elementor-widget-button\" data-id=\"4757d1f\" data-element_type=\"widget\" data-e-type=\"widget\" data-widget_type=\"button.default\">\n\t\t\t\t<div class=\"elementor-widget-container\">\n\t\t\t\t\t\t\t\t\t<div class=\"elementor-button-wrapper\">\n\t\t\t\t\t<a class=\"elementor-button elementor-button-link elementor-size-sm\" href=\"https:\/\/kandpconsultancy.com\/en\/services\/investment-management-services\/\">\n\t\t\t\t\t\t<span class=\"elementor-button-content-wrapper\">\n\t\t\t\t\t\t\t\t\t<span class=\"elementor-button-text\">Explore<\/span>\n\t\t\t\t\t<\/span>\n\t\t\t\t\t<\/a>\n\t\t\t\t<\/div>\n\t\t\t\t\t\t\t\t<\/div>\n\t\t\t\t<\/div>\n\t\t\t\t<\/div>\n\t\t<div class=\"elementor-element elementor-element-9f6da7c e-con-full e-flex e-con e-child\" data-id=\"9f6da7c\" data-element_type=\"container\" data-e-type=\"container\">\n\t\t\t\t<div class=\"elementor-element elementor-element-c01a538 elementor-position-top elementor-widget elementor-widget-image-box\" data-id=\"c01a538\" data-element_type=\"widget\" data-e-type=\"widget\" data-widget_type=\"image-box.default\">\n\t\t\t\t<div class=\"elementor-widget-container\">\n\t\t\t\t\t<div class=\"elementor-image-box-wrapper\"><figure class=\"elementor-image-box-img\"><a href=\"https:\/\/kandpconsultancy.com\/en\/services\/asset-management\/\" tabindex=\"-1\"><img loading=\"lazy\" decoding=\"async\" width=\"222\" height=\"81\" src=\"https:\/\/kandpconsultancy.com\/wp-content\/uploads\/2023\/05\/Varlik-Yonetimi.svg\" class=\"attachment-full size-full wp-image-834\" alt=\"\" \/><\/a><\/figure><div class=\"elementor-image-box-content\"><h3 class=\"elementor-image-box-title\"><a href=\"https:\/\/kandpconsultancy.com\/en\/services\/asset-management\/\">Asset Management<\/a><\/h3><p class=\"elementor-image-box-description\">K &amp; P Consultancy offers services with experienced asset managers who analyze the risk and investment appetite of investors in the increasingly complex structure of the financial sector. While producing individual solutions, it considers not only the individual, but also his\/her family and company.<\/p><\/div><\/div>\t\t\t\t<\/div>\n\t\t\t\t<\/div>\n\t\t\t\t<div class=\"elementor-element elementor-element-56d97fd elementor-align-center elementor-widget elementor-widget-button\" data-id=\"56d97fd\" data-element_type=\"widget\" data-e-type=\"widget\" data-widget_type=\"button.default\">\n\t\t\t\t<div class=\"elementor-widget-container\">\n\t\t\t\t\t\t\t\t\t<div class=\"elementor-button-wrapper\">\n\t\t\t\t\t<a class=\"elementor-button elementor-button-link elementor-size-sm\" href=\"https:\/\/kandpconsultancy.com\/en\/services\/asset-management\/\">\n\t\t\t\t\t\t<span class=\"elementor-button-content-wrapper\">\n\t\t\t\t\t\t\t\t\t<span class=\"elementor-button-text\">Explore<\/span>\n\t\t\t\t\t<\/span>\n\t\t\t\t\t<\/a>\n\t\t\t\t<\/div>\n\t\t\t\t\t\t\t\t<\/div>\n\t\t\t\t<\/div>\n\t\t\t\t<\/div>\n\t\t<div class=\"elementor-element elementor-element-b5af013 e-con-full e-flex e-con e-child\" data-id=\"b5af013\" data-element_type=\"container\" data-e-type=\"container\">\n\t\t\t\t<div class=\"elementor-element elementor-element-c3c01d9 elementor-position-top elementor-widget elementor-widget-image-box\" data-id=\"c3c01d9\" data-element_type=\"widget\" data-e-type=\"widget\" data-widget_type=\"image-box.default\">\n\t\t\t\t<div class=\"elementor-widget-container\">\n\t\t\t\t\t<div class=\"elementor-image-box-wrapper\"><figure class=\"elementor-image-box-img\"><a href=\"https:\/\/kandpconsultancy.com\/en\/services\/engineering-and-design\/\" tabindex=\"-1\"><img loading=\"lazy\" decoding=\"async\" width=\"235\" height=\"181\" src=\"https:\/\/kandpconsultancy.com\/wp-content\/uploads\/2023\/05\/Muhendislik-ve-Tasarim.svg\" class=\"attachment-full size-full wp-image-838\" alt=\"\" \/><\/a><\/figure><div class=\"elementor-image-box-content\"><h3 class=\"elementor-image-box-title\"><a href=\"https:\/\/kandpconsultancy.com\/en\/services\/engineering-and-design\/\">Engineering and Design<\/a><\/h3><p class=\"elementor-image-box-description\">K&amp;P Consultancy offers a range of services including architectural and interior design concepts, technical drawings and project supervision to meet the engineering and design needs of your investments.<\/p><\/div><\/div>\t\t\t\t<\/div>\n\t\t\t\t<\/div>\n\t\t\t\t<div class=\"elementor-element elementor-element-54e709c elementor-align-center elementor-widget elementor-widget-button\" data-id=\"54e709c\" data-element_type=\"widget\" data-e-type=\"widget\" data-widget_type=\"button.default\">\n\t\t\t\t<div class=\"elementor-widget-container\">\n\t\t\t\t\t\t\t\t\t<div class=\"elementor-button-wrapper\">\n\t\t\t\t\t<a class=\"elementor-button elementor-button-link elementor-size-sm\" href=\"https:\/\/kandpconsultancy.com\/en\/services\/engineering-and-design\/\">\n\t\t\t\t\t\t<span class=\"elementor-button-content-wrapper\">\n\t\t\t\t\t\t\t\t\t<span class=\"elementor-button-text\">Explore<\/span>\n\t\t\t\t\t<\/span>\n\t\t\t\t\t<\/a>\n\t\t\t\t<\/div>\n\t\t\t\t\t\t\t\t<\/div>\n\t\t\t\t<\/div>\n\t\t\t\t<\/div>\n\t\t<div class=\"elementor-element elementor-element-627abf3 e-con-full e-flex e-con e-child\" data-id=\"627abf3\" data-element_type=\"container\" data-e-type=\"container\">\n\t\t\t\t<div class=\"elementor-element elementor-element-50e7ee7 elementor-position-top elementor-widget elementor-widget-image-box\" data-id=\"50e7ee7\" data-element_type=\"widget\" data-e-type=\"widget\" data-widget_type=\"image-box.default\">\n\t\t\t\t<div class=\"elementor-widget-container\">\n\t\t\t\t\t<div class=\"elementor-image-box-wrapper\"><figure class=\"elementor-image-box-img\"><a href=\"https:\/\/kandpconsultancy.com\/en\/services\/international-raw-material-trade\/\" tabindex=\"-1\"><img loading=\"lazy\" decoding=\"async\" width=\"235\" height=\"181\" src=\"https:\/\/kandpconsultancy.com\/wp-content\/uploads\/2023\/05\/Muhendislik-ve-Tasarim.svg\" class=\"attachment-full size-full wp-image-838\" alt=\"\" \/><\/a><\/figure><div class=\"elementor-image-box-content\"><h3 class=\"elementor-image-box-title\"><a href=\"https:\/\/kandpconsultancy.com\/en\/services\/international-raw-material-trade\/\">International Raw Material Trade<\/a><\/h3><p class=\"elementor-image-box-description\">K &amp; P Consultancy offers effective, durable and innovative solutions in raw material buying and selling processes with a focus on customer satisfaction.<\/p><\/div><\/div>\t\t\t\t<\/div>\n\t\t\t\t<\/div>\n\t\t\t\t<div class=\"elementor-element elementor-element-6534caa elementor-align-center elementor-widget elementor-widget-button\" data-id=\"6534caa\" data-element_type=\"widget\" data-e-type=\"widget\" data-widget_type=\"button.default\">\n\t\t\t\t<div class=\"elementor-widget-container\">\n\t\t\t\t\t\t\t\t\t<div class=\"elementor-button-wrapper\">\n\t\t\t\t\t<a class=\"elementor-button elementor-button-link elementor-size-sm\" href=\"https:\/\/kandpconsultancy.com\/en\/services\/international-raw-material-trade\/\">\n\t\t\t\t\t\t<span class=\"elementor-button-content-wrapper\">\n\t\t\t\t\t\t\t\t\t<span class=\"elementor-button-text\">Explore<\/span>\n\t\t\t\t\t<\/span>\n\t\t\t\t\t<\/a>\n\t\t\t\t<\/div>\n\t\t\t\t\t\t\t\t<\/div>\n\t\t\t\t<\/div>\n\t\t\t\t<\/div>\n\t\t<div class=\"elementor-element elementor-element-585b39a e-con-full e-flex e-con e-child\" data-id=\"585b39a\" data-element_type=\"container\" data-e-type=\"container\">\n\t\t\t\t<div class=\"elementor-element elementor-element-b469ec0 elementor-position-top elementor-widget elementor-widget-image-box\" data-id=\"b469ec0\" data-element_type=\"widget\" data-e-type=\"widget\" data-widget_type=\"image-box.default\">\n\t\t\t\t<div class=\"elementor-widget-container\">\n\t\t\t\t\t<div class=\"elementor-image-box-wrapper\"><figure class=\"elementor-image-box-img\"><a href=\"https:\/\/kandpconsultancy.com\/en\/services\/international-equipment-trade\/\" tabindex=\"-1\"><img loading=\"lazy\" decoding=\"async\" width=\"235\" height=\"181\" src=\"https:\/\/kandpconsultancy.com\/wp-content\/uploads\/2023\/05\/Muhendislik-ve-Tasarim.svg\" class=\"attachment-full size-full wp-image-838\" alt=\"\" \/><\/a><\/figure><div class=\"elementor-image-box-content\"><h3 class=\"elementor-image-box-title\"><a href=\"https:\/\/kandpconsultancy.com\/en\/services\/international-equipment-trade\/\">International Equipment Trade<\/a><\/h3><p class=\"elementor-image-box-description\">K&amp;P Consultancy optimizes businesses' international trade and exports and provides market insights.<\/p><\/div><\/div>\t\t\t\t<\/div>\n\t\t\t\t<\/div>\n\t\t\t\t<div class=\"elementor-element elementor-element-23de439 elementor-align-center elementor-widget elementor-widget-button\" data-id=\"23de439\" data-element_type=\"widget\" data-e-type=\"widget\" data-widget_type=\"button.default\">\n\t\t\t\t<div class=\"elementor-widget-container\">\n\t\t\t\t\t\t\t\t\t<div class=\"elementor-button-wrapper\">\n\t\t\t\t\t<a class=\"elementor-button elementor-button-link elementor-size-sm\" href=\"https:\/\/kandpconsultancy.com\/en\/services\/international-equipment-trade\/\">\n\t\t\t\t\t\t<span class=\"elementor-button-content-wrapper\">\n\t\t\t\t\t\t\t\t\t<span class=\"elementor-button-text\">Explore<\/span>\n\t\t\t\t\t<\/span>\n\t\t\t\t\t<\/a>\n\t\t\t\t<\/div>\n\t\t\t\t\t\t\t\t<\/div>\n\t\t\t\t<\/div>\n\t\t\t\t<\/div>\n\t\t\t\t\t<\/div>\n\t\t\t\t<\/div>\n\t\t\t\t<\/div>","protected":false},"excerpt":{"rendered":"<p>Hizmetlerimiz Marka \u0130\u015fbirlikleri K &#038; P Consultancy olarak, Gayrimenkul Geli\u015ftirici firmalar ve d\u00fcnyaca \u00fcnl\u00fc markalar aras\u0131nda g\u00fc\u00e7l\u00fc ve stratejik i\u015fbirlikleri olu\u015fturuyoruz. Bu kapsamda sundu\u011fumuz hizmetleri \u015fu \u015fekilde detayland\u0131rabiliriz: Ke\u015ffet Pazar Ara\u015ft\u0131rmas\u0131 K &#038; P Consultancy &#8216;nin Pazar Ara\u015ft\u0131rmas\u0131 hizmeti, yerel ve global pazarlar\u0131 derinlemesine analiz ederek, g\u00fcmr\u00fck dan\u0131\u015fmanl\u0131\u011f\u0131ndan demografik analizlere kadar geni\u015f kapsaml\u0131 bilgi sa\u011flar. [&hellip;]<\/p>\n","protected":false},"author":3,"featured_media":0,"parent":0,"menu_order":0,"comment_status":"closed","ping_status":"closed","template":"elementor_header_footer","meta":{"iawp_total_views":57,"footnotes":""},"class_list":["post-2149","page","type-page","status-publish","hentry"],"_links":{"self":[{"href":"https:\/\/kandpconsultancy.com\/en\/wp-json\/wp\/v2\/pages\/2149","targetHints":{"allow":["GET"]}}],"collection":[{"href":"https:\/\/kandpconsultancy.com\/en\/wp-json\/wp\/v2\/pages"}],"about":[{"href":"https:\/\/kandpconsultancy.com\/en\/wp-json\/wp\/v2\/types\/page"}],"author":[{"embeddable":true,"href":"https:\/\/kandpconsultancy.com\/en\/wp-json\/wp\/v2\/users\/3"}],"replies":[{"embeddable":true,"href":"https:\/\/kandpconsultancy.com\/en\/wp-json\/wp\/v2\/comments?post=2149"}],"version-history":[{"count":0,"href":"https:\/\/kandpconsultancy.com\/en\/wp-json\/wp\/v2\/pages\/2149\/revisions"}],"wp:attachment":[{"href":"https:\/\/kandpconsultancy.com\/en\/wp-json\/wp\/v2\/media?parent=2149"}],"curies":[{"name":"wp","href":"https:\/\/api.w.org\/{rel}","templated":true}]}}