{"id":2154,"date":"2023-05-16T00:19:33","date_gmt":"2023-05-16T00:19:33","guid":{"rendered":"https:\/\/kandpconsultancy.com\/?page_id=2154"},"modified":"2024-09-30T10:00:27","modified_gmt":"2024-09-30T10:00:27","slug":"sectors","status":"publish","type":"page","link":"https:\/\/kandpconsultancy.com\/en\/sectors\/","title":{"rendered":"Sectors"},"content":{"rendered":"<div data-elementor-type=\"wp-page\" data-elementor-id=\"2154\" class=\"elementor elementor-2154\" data-elementor-post-type=\"page\">\n\t\t\t\t<div class=\"elementor-element elementor-element-461163ef e-flex e-con-boxed e-con e-parent\" data-id=\"461163ef\" data-element_type=\"container\" data-e-type=\"container\">\n\t\t\t\t\t<div class=\"e-con-inner\">\n\t\t<div class=\"elementor-element elementor-element-5343c469 e-con-full e-flex e-con e-child\" data-id=\"5343c469\" data-element_type=\"container\" data-e-type=\"container\">\n\t\t\t\t<div class=\"elementor-element elementor-element-5d1c9671 elementor-widget__width-initial elementor-widget elementor-widget-heading\" data-id=\"5d1c9671\" data-element_type=\"widget\" data-e-type=\"widget\" data-widget_type=\"heading.default\">\n\t\t\t\t<div class=\"elementor-widget-container\">\n\t\t\t\t\t<h2 class=\"elementor-heading-title elementor-size-default\">Sectors<\/h2>\t\t\t\t<\/div>\n\t\t\t\t<\/div>\n\t\t\t\t<\/div>\n\t\t\t\t\t<\/div>\n\t\t\t\t<\/div>\n\t\t<div class=\"elementor-element elementor-element-75f7c020 e-con-full e-flex e-con e-parent\" data-id=\"75f7c020\" data-element_type=\"container\" data-e-type=\"container\">\n\t\t\t\t<div class=\"elementor-element elementor-element-5f9bf659 elementor-widget-divider--view-line elementor-widget elementor-widget-divider\" data-id=\"5f9bf659\" data-element_type=\"widget\" data-e-type=\"widget\" data-widget_type=\"divider.default\">\n\t\t\t\t<div class=\"elementor-widget-container\">\n\t\t\t\t\t\t\t<div class=\"elementor-divider\">\n\t\t\t<span class=\"elementor-divider-separator\">\n\t\t\t\t\t\t<\/span>\n\t\t<\/div>\n\t\t\t\t\t\t<\/div>\n\t\t\t\t<\/div>\n\t\t\t\t<\/div>\n\t\t<div class=\"elementor-element elementor-element-15309323 e-flex e-con-boxed e-con e-parent\" data-id=\"15309323\" data-element_type=\"container\" data-e-type=\"container\">\n\t\t\t\t\t<div class=\"e-con-inner\">\n\t\t<div class=\"elementor-element elementor-element-d1eb206 e-con-full e-flex e-con e-child\" data-id=\"d1eb206\" data-element_type=\"container\" data-e-type=\"container\">\n\t\t\t\t<div class=\"elementor-element elementor-element-971a220 elementor-position-top elementor-widget elementor-widget-image-box\" data-id=\"971a220\" data-element_type=\"widget\" data-e-type=\"widget\" data-widget_type=\"image-box.default\">\n\t\t\t\t<div class=\"elementor-widget-container\">\n\t\t\t\t\t<div class=\"elementor-image-box-wrapper\"><figure class=\"elementor-image-box-img\"><a href=\"https:\/\/kandpconsultancy.com\/en\/sectors\/consultancy\/\" tabindex=\"-1\"><img fetchpriority=\"high\" decoding=\"async\" width=\"370\" height=\"270\" src=\"https:\/\/kandpconsultancy.com\/wp-content\/uploads\/2023\/05\/Perakende.png\" class=\"attachment-full size-full wp-image-968\" alt=\"\" srcset=\"https:\/\/kandpconsultancy.com\/wp-content\/uploads\/2023\/05\/Perakende.png 370w, https:\/\/kandpconsultancy.com\/wp-content\/uploads\/2023\/05\/Perakende-300x219.png 300w\" sizes=\"(max-width: 370px) 100vw, 370px\" \/><\/a><\/figure><div class=\"elementor-image-box-content\"><h3 class=\"elementor-image-box-title\"><a href=\"https:\/\/kandpconsultancy.com\/en\/sectors\/consultancy\/\">Consulting<\/a><\/h3><p class=\"elementor-image-box-description\">With its experienced team, K &amp; P Consultancy supports companies to grow, improve processes and manage risks, while assisting in the implementation of strategies and entry into global capital markets.<\/p><\/div><\/div>\t\t\t\t<\/div>\n\t\t\t\t<\/div>\n\t\t\t\t<div class=\"elementor-element elementor-element-819ead3 elementor-align-left elementor-widget elementor-widget-button\" data-id=\"819ead3\" data-element_type=\"widget\" data-e-type=\"widget\" data-widget_type=\"button.default\">\n\t\t\t\t<div class=\"elementor-widget-container\">\n\t\t\t\t\t\t\t\t\t<div class=\"elementor-button-wrapper\">\n\t\t\t\t\t<a class=\"elementor-button elementor-button-link elementor-size-sm\" href=\"https:\/\/kandpconsultancy.com\/en\/sectors\/consultancy\/\">\n\t\t\t\t\t\t<span class=\"elementor-button-content-wrapper\">\n\t\t\t\t\t\t\t\t\t<span class=\"elementor-button-text\">Explore<\/span>\n\t\t\t\t\t<\/span>\n\t\t\t\t\t<\/a>\n\t\t\t\t<\/div>\n\t\t\t\t\t\t\t\t<\/div>\n\t\t\t\t<\/div>\n\t\t\t\t<\/div>\n\t\t<div class=\"elementor-element elementor-element-1712681f e-con-full e-flex e-con e-child\" data-id=\"1712681f\" data-element_type=\"container\" data-e-type=\"container\">\n\t\t\t\t<div class=\"elementor-element elementor-element-4e6e22cd elementor-position-top elementor-widget elementor-widget-image-box\" data-id=\"4e6e22cd\" data-element_type=\"widget\" data-e-type=\"widget\" data-widget_type=\"image-box.default\">\n\t\t\t\t<div class=\"elementor-widget-container\">\n\t\t\t\t\t<div class=\"elementor-image-box-wrapper\"><figure class=\"elementor-image-box-img\"><a href=\"https:\/\/kandpconsultancy.com\/en\/sectors\/chemistry\/\" tabindex=\"-1\"><img decoding=\"async\" width=\"370\" height=\"270\" src=\"https:\/\/kandpconsultancy.com\/wp-content\/uploads\/2023\/05\/Kimya.png\" class=\"attachment-full size-full wp-image-970\" alt=\"\" srcset=\"https:\/\/kandpconsultancy.com\/wp-content\/uploads\/2023\/05\/Kimya.png 370w, https:\/\/kandpconsultancy.com\/wp-content\/uploads\/2023\/05\/Kimya-300x219.png 300w\" sizes=\"(max-width: 370px) 100vw, 370px\" \/><\/a><\/figure><div class=\"elementor-image-box-content\"><h3 class=\"elementor-image-box-title\"><a href=\"https:\/\/kandpconsultancy.com\/en\/sectors\/chemistry\/\">Chemistry <\/a><\/h3><p class=\"elementor-image-box-description\">With its experience in the chemical industry, K &amp; P Consultancy offers affordable services backed by data from reliable sources. It offers your business a strategic partnership in identifying opportunities and challenges in the chemical market.<\/p><\/div><\/div>\t\t\t\t<\/div>\n\t\t\t\t<\/div>\n\t\t\t\t<div class=\"elementor-element elementor-element-2b96d92c elementor-align-left elementor-widget elementor-widget-button\" data-id=\"2b96d92c\" data-element_type=\"widget\" data-e-type=\"widget\" data-widget_type=\"button.default\">\n\t\t\t\t<div class=\"elementor-widget-container\">\n\t\t\t\t\t\t\t\t\t<div class=\"elementor-button-wrapper\">\n\t\t\t\t\t<a class=\"elementor-button elementor-button-link elementor-size-sm\" href=\"https:\/\/kandpconsultancy.com\/en\/sectors\/chemistry\/\">\n\t\t\t\t\t\t<span class=\"elementor-button-content-wrapper\">\n\t\t\t\t\t\t\t\t\t<span class=\"elementor-button-text\">Explore<\/span>\n\t\t\t\t\t<\/span>\n\t\t\t\t\t<\/a>\n\t\t\t\t<\/div>\n\t\t\t\t\t\t\t\t<\/div>\n\t\t\t\t<\/div>\n\t\t\t\t<\/div>\n\t\t<div class=\"elementor-element elementor-element-0231823 e-con-full e-flex e-con e-child\" data-id=\"0231823\" data-element_type=\"container\" data-e-type=\"container\">\n\t\t\t\t<div class=\"elementor-element elementor-element-d02141d elementor-position-top elementor-widget elementor-widget-image-box\" data-id=\"d02141d\" data-element_type=\"widget\" data-e-type=\"widget\" data-widget_type=\"image-box.default\">\n\t\t\t\t<div class=\"elementor-widget-container\">\n\t\t\t\t\t<div class=\"elementor-image-box-wrapper\"><figure class=\"elementor-image-box-img\"><a href=\"https:\/\/kandpconsultancy.com\/en\/sectors\/finance\/\" tabindex=\"-1\"><img decoding=\"async\" width=\"370\" height=\"270\" src=\"https:\/\/kandpconsultancy.com\/wp-content\/uploads\/2023\/05\/Finans.png\" class=\"attachment-full size-full wp-image-959\" alt=\"\" srcset=\"https:\/\/kandpconsultancy.com\/wp-content\/uploads\/2023\/05\/Finans.png 370w, https:\/\/kandpconsultancy.com\/wp-content\/uploads\/2023\/05\/Finans-300x219.png 300w\" sizes=\"(max-width: 370px) 100vw, 370px\" \/><\/a><\/figure><div class=\"elementor-image-box-content\"><h3 class=\"elementor-image-box-title\"><a href=\"https:\/\/kandpconsultancy.com\/en\/sectors\/finance\/\">Finance<\/a><\/h3><p class=\"elementor-image-box-description\">The financial sector plays a critical role for a company's profitability and growth. K &amp; P Consultancy helps to manage financial processes effectively with our experienced team to maintain the balance of risk and return.<\/p><\/div><\/div>\t\t\t\t<\/div>\n\t\t\t\t<\/div>\n\t\t\t\t<div class=\"elementor-element elementor-element-279b8d2 elementor-align-left elementor-widget elementor-widget-button\" data-id=\"279b8d2\" data-element_type=\"widget\" data-e-type=\"widget\" data-widget_type=\"button.default\">\n\t\t\t\t<div class=\"elementor-widget-container\">\n\t\t\t\t\t\t\t\t\t<div class=\"elementor-button-wrapper\">\n\t\t\t\t\t<a class=\"elementor-button elementor-button-link elementor-size-sm\" href=\"https:\/\/kandpconsultancy.com\/en\/sectors\/finance\/\">\n\t\t\t\t\t\t<span class=\"elementor-button-content-wrapper\">\n\t\t\t\t\t\t\t\t\t<span class=\"elementor-button-text\">Explore<\/span>\n\t\t\t\t\t<\/span>\n\t\t\t\t\t<\/a>\n\t\t\t\t<\/div>\n\t\t\t\t\t\t\t\t<\/div>\n\t\t\t\t<\/div>\n\t\t\t\t<\/div>\n\t\t<div class=\"elementor-element elementor-element-037eda6 e-con-full e-flex e-con e-child\" data-id=\"037eda6\" data-element_type=\"container\" data-e-type=\"container\">\n\t\t\t\t<div class=\"elementor-element elementor-element-04a5018 elementor-position-top elementor-widget elementor-widget-image-box\" data-id=\"04a5018\" data-element_type=\"widget\" data-e-type=\"widget\" data-widget_type=\"image-box.default\">\n\t\t\t\t<div class=\"elementor-widget-container\">\n\t\t\t\t\t<div class=\"elementor-image-box-wrapper\"><figure class=\"elementor-image-box-img\"><a href=\"https:\/\/kandpconsultancy.com\/en\/sectors\/real-estate\/\" tabindex=\"-1\"><img decoding=\"async\" width=\"370\" height=\"270\" src=\"https:\/\/kandpconsultancy.com\/wp-content\/uploads\/2023\/05\/Finans.png\" class=\"attachment-full size-full wp-image-959\" alt=\"\" srcset=\"https:\/\/kandpconsultancy.com\/wp-content\/uploads\/2023\/05\/Finans.png 370w, https:\/\/kandpconsultancy.com\/wp-content\/uploads\/2023\/05\/Finans-300x219.png 300w\" sizes=\"(max-width: 370px) 100vw, 370px\" \/><\/a><\/figure><div class=\"elementor-image-box-content\"><h3 class=\"elementor-image-box-title\"><a href=\"https:\/\/kandpconsultancy.com\/en\/sectors\/real-estate\/\">Real Estate<\/a><\/h3><p class=\"elementor-image-box-description\">K&amp;P Consultancy provides investors with expert support for smart and strategic real estate investments through an in-depth understanding of the trends and dynamics in the real estate sector.<\/p><\/div><\/div>\t\t\t\t<\/div>\n\t\t\t\t<\/div>\n\t\t\t\t<div class=\"elementor-element elementor-element-73db1ae elementor-align-left elementor-widget elementor-widget-button\" data-id=\"73db1ae\" data-element_type=\"widget\" data-e-type=\"widget\" data-widget_type=\"button.default\">\n\t\t\t\t<div class=\"elementor-widget-container\">\n\t\t\t\t\t\t\t\t\t<div class=\"elementor-button-wrapper\">\n\t\t\t\t\t<a class=\"elementor-button elementor-button-link elementor-size-sm\" href=\"https:\/\/kandpconsultancy.com\/en\/sectors\/real-estate\/\">\n\t\t\t\t\t\t<span class=\"elementor-button-content-wrapper\">\n\t\t\t\t\t\t\t\t\t<span class=\"elementor-button-text\">Explore<\/span>\n\t\t\t\t\t<\/span>\n\t\t\t\t\t<\/a>\n\t\t\t\t<\/div>\n\t\t\t\t\t\t\t\t<\/div>\n\t\t\t\t<\/div>\n\t\t\t\t<\/div>\n\t\t<div class=\"elementor-element elementor-element-0313bc4 e-con-full e-flex e-con e-child\" data-id=\"0313bc4\" data-element_type=\"container\" data-e-type=\"container\">\n\t\t\t\t<div class=\"elementor-element elementor-element-8a4ad4c elementor-position-top elementor-widget elementor-widget-image-box\" data-id=\"8a4ad4c\" data-element_type=\"widget\" data-e-type=\"widget\" data-widget_type=\"image-box.default\">\n\t\t\t\t<div class=\"elementor-widget-container\">\n\t\t\t\t\t<div class=\"elementor-image-box-wrapper\"><figure class=\"elementor-image-box-img\"><a href=\"https:\/\/kandpconsultancy.com\/en\/sectors\/construction-and-engineering\/\" tabindex=\"-1\"><img fetchpriority=\"high\" decoding=\"async\" width=\"370\" height=\"270\" src=\"https:\/\/kandpconsultancy.com\/wp-content\/uploads\/2023\/05\/Perakende.png\" class=\"attachment-full size-full wp-image-968\" alt=\"\" srcset=\"https:\/\/kandpconsultancy.com\/wp-content\/uploads\/2023\/05\/Perakende.png 370w, https:\/\/kandpconsultancy.com\/wp-content\/uploads\/2023\/05\/Perakende-300x219.png 300w\" sizes=\"(max-width: 370px) 100vw, 370px\" \/><\/a><\/figure><div class=\"elementor-image-box-content\"><h3 class=\"elementor-image-box-title\"><a href=\"https:\/\/kandpconsultancy.com\/en\/sectors\/construction-and-engineering\/\">Construction and Engineering<\/a><\/h3><p class=\"elementor-image-box-description\">K&amp;P Consultancy makes your complex construction and engineering projects a success. With our experienced engineering team, we support you in all phases of your project and offer innovative solutions to perfect your project.<\/p><\/div><\/div>\t\t\t\t<\/div>\n\t\t\t\t<\/div>\n\t\t\t\t<div class=\"elementor-element elementor-element-bea80d0 elementor-align-left elementor-widget elementor-widget-button\" data-id=\"bea80d0\" data-element_type=\"widget\" data-e-type=\"widget\" data-widget_type=\"button.default\">\n\t\t\t\t<div class=\"elementor-widget-container\">\n\t\t\t\t\t\t\t\t\t<div class=\"elementor-button-wrapper\">\n\t\t\t\t\t<a class=\"elementor-button elementor-button-link elementor-size-sm\" href=\"https:\/\/kandpconsultancy.com\/en\/sectors\/construction-and-engineering\/\">\n\t\t\t\t\t\t<span class=\"elementor-button-content-wrapper\">\n\t\t\t\t\t\t\t\t\t<span class=\"elementor-button-text\">Explore<\/span>\n\t\t\t\t\t<\/span>\n\t\t\t\t\t<\/a>\n\t\t\t\t<\/div>\n\t\t\t\t\t\t\t\t<\/div>\n\t\t\t\t<\/div>\n\t\t\t\t<\/div>\n\t\t<div class=\"elementor-element elementor-element-577e595f e-con-full e-flex e-con e-child\" data-id=\"577e595f\" data-element_type=\"container\" data-e-type=\"container\">\n\t\t\t\t<div class=\"elementor-element elementor-element-1a596aee elementor-position-top elementor-widget elementor-widget-image-box\" data-id=\"1a596aee\" data-element_type=\"widget\" data-e-type=\"widget\" data-widget_type=\"image-box.default\">\n\t\t\t\t<div class=\"elementor-widget-container\">\n\t\t\t\t\t<div class=\"elementor-image-box-wrapper\"><figure class=\"elementor-image-box-img\"><a href=\"https:\/\/kandpconsultancy.com\/en\/sectors\/retail\/\" tabindex=\"-1\"><img fetchpriority=\"high\" decoding=\"async\" width=\"370\" height=\"270\" src=\"https:\/\/kandpconsultancy.com\/wp-content\/uploads\/2023\/05\/Perakende.png\" class=\"attachment-full size-full wp-image-968\" alt=\"\" srcset=\"https:\/\/kandpconsultancy.com\/wp-content\/uploads\/2023\/05\/Perakende.png 370w, https:\/\/kandpconsultancy.com\/wp-content\/uploads\/2023\/05\/Perakende-300x219.png 300w\" sizes=\"(max-width: 370px) 100vw, 370px\" \/><\/a><\/figure><div class=\"elementor-image-box-content\"><h3 class=\"elementor-image-box-title\"><a href=\"https:\/\/kandpconsultancy.com\/en\/sectors\/retail\/\">Retail<\/a><\/h3><p class=\"elementor-image-box-description\">\"K&amp;P Consultancy\" is at your side to deal with the complexity of the retail world. Together with you, we create strategies to meet consumer expectations and increase your sales.<\/p><\/div><\/div>\t\t\t\t<\/div>\n\t\t\t\t<\/div>\n\t\t\t\t<div class=\"elementor-element elementor-element-1ddad3f7 elementor-align-left elementor-widget elementor-widget-button\" data-id=\"1ddad3f7\" data-element_type=\"widget\" data-e-type=\"widget\" data-widget_type=\"button.default\">\n\t\t\t\t<div class=\"elementor-widget-container\">\n\t\t\t\t\t\t\t\t\t<div class=\"elementor-button-wrapper\">\n\t\t\t\t\t<a class=\"elementor-button elementor-button-link elementor-size-sm\" href=\"https:\/\/kandpconsultancy.com\/en\/sectors\/retail\/\">\n\t\t\t\t\t\t<span class=\"elementor-button-content-wrapper\">\n\t\t\t\t\t\t\t\t\t<span class=\"elementor-button-text\">Explore<\/span>\n\t\t\t\t\t<\/span>\n\t\t\t\t\t<\/a>\n\t\t\t\t<\/div>\n\t\t\t\t\t\t\t\t<\/div>\n\t\t\t\t<\/div>\n\t\t\t\t<\/div>\n\t\t<div class=\"elementor-element elementor-element-3f2781a e-con-full e-flex e-con e-child\" data-id=\"3f2781a\" data-element_type=\"container\" data-e-type=\"container\">\n\t\t\t\t<div class=\"elementor-element elementor-element-075aef2 elementor-position-top elementor-widget elementor-widget-image-box\" data-id=\"075aef2\" data-element_type=\"widget\" data-e-type=\"widget\" data-widget_type=\"image-box.default\">\n\t\t\t\t<div class=\"elementor-widget-container\">\n\t\t\t\t\t<div class=\"elementor-image-box-wrapper\"><figure class=\"elementor-image-box-img\"><a href=\"https:\/\/kandpconsultancy.com\/en\/sectors\/agriculture\/\" tabindex=\"-1\"><img fetchpriority=\"high\" decoding=\"async\" width=\"370\" height=\"270\" src=\"https:\/\/kandpconsultancy.com\/wp-content\/uploads\/2023\/05\/Perakende.png\" class=\"attachment-full size-full wp-image-968\" alt=\"\" srcset=\"https:\/\/kandpconsultancy.com\/wp-content\/uploads\/2023\/05\/Perakende.png 370w, https:\/\/kandpconsultancy.com\/wp-content\/uploads\/2023\/05\/Perakende-300x219.png 300w\" sizes=\"(max-width: 370px) 100vw, 370px\" \/><\/a><\/figure><div class=\"elementor-image-box-content\"><h3 class=\"elementor-image-box-title\"><a href=\"https:\/\/kandpconsultancy.com\/en\/sectors\/agriculture\/\">Agriculture<\/a><\/h3><p class=\"elementor-image-box-description\">K&amp;P Consultancy offers strategies to optimize international trade and compile market data in the agricultural sector.<\/p><\/div><\/div>\t\t\t\t<\/div>\n\t\t\t\t<\/div>\n\t\t\t\t<div class=\"elementor-element elementor-element-2464ce3 elementor-align-left elementor-widget elementor-widget-button\" data-id=\"2464ce3\" data-element_type=\"widget\" data-e-type=\"widget\" data-widget_type=\"button.default\">\n\t\t\t\t<div class=\"elementor-widget-container\">\n\t\t\t\t\t\t\t\t\t<div class=\"elementor-button-wrapper\">\n\t\t\t\t\t<a class=\"elementor-button elementor-button-link elementor-size-sm\" href=\"https:\/\/kandpconsultancy.com\/en\/sectors\/agriculture\/\">\n\t\t\t\t\t\t<span class=\"elementor-button-content-wrapper\">\n\t\t\t\t\t\t\t\t\t<span class=\"elementor-button-text\">Explore<\/span>\n\t\t\t\t\t<\/span>\n\t\t\t\t\t<\/a>\n\t\t\t\t<\/div>\n\t\t\t\t\t\t\t\t<\/div>\n\t\t\t\t<\/div>\n\t\t\t\t<\/div>\n\t\t<div class=\"elementor-element elementor-element-2744cb8a e-con-full e-flex e-con e-child\" data-id=\"2744cb8a\" data-element_type=\"container\" data-e-type=\"container\">\n\t\t\t\t<div class=\"elementor-element elementor-element-52bb2459 elementor-position-top elementor-widget elementor-widget-image-box\" data-id=\"52bb2459\" data-element_type=\"widget\" data-e-type=\"widget\" data-widget_type=\"image-box.default\">\n\t\t\t\t<div class=\"elementor-widget-container\">\n\t\t\t\t\t<div class=\"elementor-image-box-wrapper\"><figure class=\"elementor-image-box-img\"><a href=\"https:\/\/kandpconsultancy.com\/en\/sectors\/energy\/\" tabindex=\"-1\"><img loading=\"lazy\" decoding=\"async\" width=\"370\" height=\"270\" src=\"https:\/\/kandpconsultancy.com\/wp-content\/uploads\/2023\/05\/enerji.png\" class=\"attachment-full size-full wp-image-3613\" alt=\"\" srcset=\"https:\/\/kandpconsultancy.com\/wp-content\/uploads\/2023\/05\/enerji.png 370w, https:\/\/kandpconsultancy.com\/wp-content\/uploads\/2023\/05\/enerji-300x219.png 300w\" sizes=\"(max-width: 370px) 100vw, 370px\" \/><\/a><\/figure><div class=\"elementor-image-box-content\"><h3 class=\"elementor-image-box-title\"><a href=\"https:\/\/kandpconsultancy.com\/en\/sectors\/energy\/\">Energy<\/a><\/h3><p class=\"elementor-image-box-description\">The transition from fossil fuels to renewable energy sources ensures the continuous development of the energy sector. \"K&amp;P Consultancy\", with its deep experience in this field, can help you move your business towards a sustainable and innovative energy future.<\/p><\/div><\/div>\t\t\t\t<\/div>\n\t\t\t\t<\/div>\n\t\t\t\t<div class=\"elementor-element elementor-element-52e3d323 elementor-align-left elementor-widget elementor-widget-button\" data-id=\"52e3d323\" data-element_type=\"widget\" data-e-type=\"widget\" data-widget_type=\"button.default\">\n\t\t\t\t<div class=\"elementor-widget-container\">\n\t\t\t\t\t\t\t\t\t<div class=\"elementor-button-wrapper\">\n\t\t\t\t\t<a class=\"elementor-button elementor-button-link elementor-size-sm\" href=\"https:\/\/kandpconsultancy.com\/en\/sectors\/energy\/\">\n\t\t\t\t\t\t<span class=\"elementor-button-content-wrapper\">\n\t\t\t\t\t\t\t\t\t<span class=\"elementor-button-text\">Explore<\/span>\n\t\t\t\t\t<\/span>\n\t\t\t\t\t<\/a>\n\t\t\t\t<\/div>\n\t\t\t\t\t\t\t\t<\/div>\n\t\t\t\t<\/div>\n\t\t\t\t<\/div>\n\t\t\t\t\t<\/div>\n\t\t\t\t<\/div>\n\t\t\t\t<\/div>","protected":false},"excerpt":{"rendered":"<p>Sekt\u00f6rler Dan\u0131\u015fmanl\u0131k K &#038; P Consultancy, deneyimli ekibi ile \u015firketlerin b\u00fcy\u00fcmesini, s\u00fcre\u00e7lerini iyile\u015ftirmesini ve riskleri y\u00f6netmesini desteklerken, stratejilerin hayata ge\u00e7irilmesi ve k\u00fcresel sermaye piyasalar\u0131na giri\u015f konusunda yard\u0131mc\u0131 olur. Ke\u015ffet Kimya K &#038; P Consultancy, kimya end\u00fcstrisindeki deneyimiyle, g\u00fcvenilir kaynaklardan elde edilen verilerle desteklenen uygun fiyatl\u0131 hizmetler sunar. Kimya pazar\u0131ndaki f\u0131rsatlar\u0131 ve zorluklar\u0131 tespit etme konusunda [&hellip;]<\/p>\n","protected":false},"author":3,"featured_media":0,"parent":0,"menu_order":0,"comment_status":"closed","ping_status":"closed","template":"elementor_header_footer","meta":{"iawp_total_views":5,"footnotes":""},"class_list":["post-2154","page","type-page","status-publish","hentry"],"_links":{"self":[{"href":"https:\/\/kandpconsultancy.com\/en\/wp-json\/wp\/v2\/pages\/2154","targetHints":{"allow":["GET"]}}],"collection":[{"href":"https:\/\/kandpconsultancy.com\/en\/wp-json\/wp\/v2\/pages"}],"about":[{"href":"https:\/\/kandpconsultancy.com\/en\/wp-json\/wp\/v2\/types\/page"}],"author":[{"embeddable":true,"href":"https:\/\/kandpconsultancy.com\/en\/wp-json\/wp\/v2\/users\/3"}],"replies":[{"embeddable":true,"href":"https:\/\/kandpconsultancy.com\/en\/wp-json\/wp\/v2\/comments?post=2154"}],"version-history":[{"count":0,"href":"https:\/\/kandpconsultancy.com\/en\/wp-json\/wp\/v2\/pages\/2154\/revisions"}],"wp:attachment":[{"href":"https:\/\/kandpconsultancy.com\/en\/wp-json\/wp\/v2\/media?parent=2154"}],"curies":[{"name":"wp","href":"https:\/\/api.w.org\/{rel}","templated":true}]}}