{"id":2164,"date":"2023-05-16T00:23:08","date_gmt":"2023-05-16T00:23:08","guid":{"rendered":"https:\/\/kandpconsultancy.com\/?page_id=2164"},"modified":"2023-09-17T13:44:48","modified_gmt":"2023-09-17T13:44:48","slug":"corporate","status":"publish","type":"page","link":"https:\/\/kandpconsultancy.com\/en\/corporate\/","title":{"rendered":"Corporate"},"content":{"rendered":"<div data-elementor-type=\"wp-page\" data-elementor-id=\"2164\" class=\"elementor elementor-2164\" data-elementor-post-type=\"page\">\n\t\t\t\t<div class=\"elementor-element elementor-element-12cbca2d e-flex e-con-boxed e-con e-parent\" data-id=\"12cbca2d\" data-element_type=\"container\" data-e-type=\"container\">\n\t\t\t\t\t<div class=\"e-con-inner\">\n\t\t<div class=\"elementor-element elementor-element-5813b28b e-con-full e-flex e-con e-child\" data-id=\"5813b28b\" data-element_type=\"container\" data-e-type=\"container\">\n\t\t\t\t<div class=\"elementor-element elementor-element-4eb49e11 elementor-widget__width-initial elementor-widget elementor-widget-heading\" data-id=\"4eb49e11\" data-element_type=\"widget\" data-e-type=\"widget\" data-widget_type=\"heading.default\">\n\t\t\t\t<div class=\"elementor-widget-container\">\n\t\t\t\t\t<h2 class=\"elementor-heading-title elementor-size-default\">Corporate<\/h2>\t\t\t\t<\/div>\n\t\t\t\t<\/div>\n\t\t\t\t<\/div>\n\t\t\t\t\t<\/div>\n\t\t\t\t<\/div>\n\t\t<div class=\"elementor-element elementor-element-5c213298 e-con-full e-flex e-con e-parent\" data-id=\"5c213298\" data-element_type=\"container\" data-e-type=\"container\">\n\t\t\t\t<div class=\"elementor-element elementor-element-44d17af7 elementor-widget-divider--view-line elementor-widget elementor-widget-divider\" data-id=\"44d17af7\" data-element_type=\"widget\" data-e-type=\"widget\" data-widget_type=\"divider.default\">\n\t\t\t\t<div class=\"elementor-widget-container\">\n\t\t\t\t\t\t\t<div class=\"elementor-divider\">\n\t\t\t<span class=\"elementor-divider-separator\">\n\t\t\t\t\t\t<\/span>\n\t\t<\/div>\n\t\t\t\t\t\t<\/div>\n\t\t\t\t<\/div>\n\t\t\t\t<\/div>\n\t\t<div class=\"elementor-element elementor-element-6375c61b e-flex e-con-boxed e-con e-parent\" data-id=\"6375c61b\" data-element_type=\"container\" data-e-type=\"container\">\n\t\t\t\t\t<div class=\"e-con-inner\">\n\t\t<div class=\"elementor-element elementor-element-1fcdb606 e-con-full e-flex e-con e-child\" data-id=\"1fcdb606\" data-element_type=\"container\" data-e-type=\"container\">\n\t\t\t\t<div class=\"elementor-element elementor-element-73efb1a7 elementor-widget elementor-widget-heading\" data-id=\"73efb1a7\" data-element_type=\"widget\" data-e-type=\"widget\" data-widget_type=\"heading.default\">\n\t\t\t\t<div class=\"elementor-widget-container\">\n\t\t\t\t\t<h2 class=\"elementor-heading-title elementor-size-default\">Who We Are<\/h2>\t\t\t\t<\/div>\n\t\t\t\t<\/div>\n\t\t\t\t<\/div>\n\t\t<div class=\"elementor-element elementor-element-f8f8ee6 e-con-full e-flex e-con e-child\" data-id=\"f8f8ee6\" data-element_type=\"container\" data-e-type=\"container\">\n\t\t\t\t<div class=\"elementor-element elementor-element-172956e6 elementor-widget elementor-widget-text-editor\" data-id=\"172956e6\" data-element_type=\"widget\" data-e-type=\"widget\" data-widget_type=\"text-editor.default\">\n\t\t\t\t<div class=\"elementor-widget-container\">\n\t\t\t\t\t\t\t\t\t<p><b>K &amp; P Consultancy<\/b><span style=\"font-weight: 400;\">, with its dynamic and innovative company structure, always strives to exceed expectations and pioneer international investments. It continues its journey with the vision of taking a leading role in the transformation of solar energy, which stands out among renewable energy types, by conducting comprehensive researches with our expert staff with discipline and with the mission of producing innovative, quality and fast service in this transformation.  Their goal is to provide sustainable value to each customer by always staying one step ahead.\u00a0<\/span><\/p><p><span style=\"font-weight: 400;\">In addition to all these, in addition to providing consultancy support to its clients on investment management, investment opportunities, international taxation, technical services; it also offers management consultancy when the investment is put into operation. <\/span><b>K &amp; P Consultancy<\/b><span style=\"font-weight: 400;\">'s business partners and customers include private sector organizations, individual investors, public institutions and organizations and international organizations.\u00a0\u00a0<\/span><\/p><p><b>K &amp; P Consultancy<\/b><span style=\"font-weight: 400;\"> Plans projects starting from the idea stage, including the \"exit strategy\", and offers high return investment management services to its investors as a package. It examines the design, technical, tax and financial details necessary for profit maximization by making the necessary value engineering calculations to ensure that the investment is realized at minimum cost.<\/span><\/p>\t\t\t\t\t\t\t\t<\/div>\n\t\t\t\t<\/div>\n\t\t\t\t<\/div>\n\t\t\t\t\t<\/div>\n\t\t\t\t<\/div>\n\t\t<div class=\"elementor-element elementor-element-463a2573 e-flex e-con-boxed e-con e-parent\" data-id=\"463a2573\" data-element_type=\"container\" data-e-type=\"container\" data-settings=\"{&quot;background_background&quot;:&quot;classic&quot;}\">\n\t\t\t\t\t<div class=\"e-con-inner\">\n\t\t<div class=\"elementor-element elementor-element-69cbf536 e-con-full e-flex e-con e-child\" data-id=\"69cbf536\" data-element_type=\"container\" data-e-type=\"container\">\n\t\t\t\t<div class=\"elementor-element elementor-element-1606d391 elementor-widget elementor-widget-image\" data-id=\"1606d391\" data-element_type=\"widget\" data-e-type=\"widget\" data-widget_type=\"image.default\">\n\t\t\t\t<div class=\"elementor-widget-container\">\n\t\t\t\t\t\t\t\t\t\t\t\t\t\t\t<img fetchpriority=\"high\" decoding=\"async\" width=\"490\" height=\"1194\" src=\"https:\/\/kandpconsultancy.com\/wp-content\/uploads\/2023\/06\/kandpconsultancy-kurumsal-1.png\" class=\"attachment-full size-full wp-image-4011\" alt=\"\" srcset=\"https:\/\/kandpconsultancy.com\/wp-content\/uploads\/2023\/06\/kandpconsultancy-kurumsal-1.png 490w, https:\/\/kandpconsultancy.com\/wp-content\/uploads\/2023\/06\/kandpconsultancy-kurumsal-1-123x300.png 123w, https:\/\/kandpconsultancy.com\/wp-content\/uploads\/2023\/06\/kandpconsultancy-kurumsal-1-420x1024.png 420w\" sizes=\"(max-width: 490px) 100vw, 490px\" \/>\t\t\t\t\t\t\t\t\t\t\t\t\t\t\t<\/div>\n\t\t\t\t<\/div>\n\t\t\t\t<\/div>\n\t\t<div class=\"elementor-element elementor-element-66691646 e-con-full e-flex e-con e-child\" data-id=\"66691646\" data-element_type=\"container\" data-e-type=\"container\">\n\t\t\t\t<div class=\"elementor-element elementor-element-338e2da7 elementor-widget elementor-widget-heading\" data-id=\"338e2da7\" data-element_type=\"widget\" data-e-type=\"widget\" data-widget_type=\"heading.default\">\n\t\t\t\t<div class=\"elementor-widget-container\">\n\t\t\t\t\t<h2 class=\"elementor-heading-title elementor-size-default\">Why?<\/h2>\t\t\t\t<\/div>\n\t\t\t\t<\/div>\n\t\t\t\t<div class=\"elementor-element elementor-element-6da0f716 elementor-widget elementor-widget-heading\" data-id=\"6da0f716\" data-element_type=\"widget\" data-e-type=\"widget\" data-widget_type=\"heading.default\">\n\t\t\t\t<div class=\"elementor-widget-container\">\n\t\t\t\t\t<h2 class=\"elementor-heading-title elementor-size-default\">K &amp; P Consultancy<\/h2>\t\t\t\t<\/div>\n\t\t\t\t<\/div>\n\t\t\t\t<div class=\"elementor-element elementor-element-5886a43 elementor-widget elementor-widget-text-editor\" data-id=\"5886a43\" data-element_type=\"widget\" data-e-type=\"widget\" data-widget_type=\"text-editor.default\">\n\t\t\t\t<div class=\"elementor-widget-container\">\n\t\t\t\t\t\t\t\t\t<p><b>K &amp; P Consultancy<\/b><span style=\"font-weight: 400;\"> In the projects it develops and manages, the Company prioritizes high efficiency and profitability, focusing on highly profitable and specialized projects to create maximum benefit for its customers and investors.\u00a0<\/span><\/p><p><span style=\"font-weight: 400;\">In order for companies to achieve high profitability, low costs and sustainable growth, they need more and more information that they can use in their strategic decisions. The way to achieve this is to access reliable, accurate and fast information. We are <\/span><b>K &amp; P Consultancy<\/b><span style=\"font-weight: 400;\"> we support your growth by providing you with the most reliable and robust data for your investment decisions.<\/span><\/p>\t\t\t\t\t\t\t\t<\/div>\n\t\t\t\t<\/div>\n\t\t\t\t<\/div>\n\t\t\t\t\t<\/div>\n\t\t\t\t<\/div>\n\t\t<div class=\"elementor-element elementor-element-7e55c08b e-flex e-con-boxed e-con e-parent\" data-id=\"7e55c08b\" data-element_type=\"container\" data-e-type=\"container\">\n\t\t\t\t\t<div class=\"e-con-inner\">\n\t\t<div class=\"elementor-element elementor-element-5df3981 e-con-full e-flex e-con e-child\" data-id=\"5df3981\" data-element_type=\"container\" data-e-type=\"container\">\n\t\t\t\t<div class=\"elementor-element elementor-element-1713c413 elementor-widget elementor-widget-heading\" data-id=\"1713c413\" data-element_type=\"widget\" data-e-type=\"widget\" data-widget_type=\"heading.default\">\n\t\t\t\t<div class=\"elementor-widget-container\">\n\t\t\t\t\t<h2 class=\"elementor-heading-title elementor-size-default\">Mission<\/h2>\t\t\t\t<\/div>\n\t\t\t\t<\/div>\n\t\t\t\t<\/div>\n\t\t<div class=\"elementor-element elementor-element-d06f03c e-con-full e-flex e-con e-child\" data-id=\"d06f03c\" data-element_type=\"container\" data-e-type=\"container\">\n\t\t\t\t<div class=\"elementor-element elementor-element-3cda9b7f elementor-widget elementor-widget-text-editor\" data-id=\"3cda9b7f\" data-element_type=\"widget\" data-e-type=\"widget\" data-widget_type=\"text-editor.default\">\n\t\t\t\t<div class=\"elementor-widget-container\">\n\t\t\t\t\t\t\t\t\t<p style=\"font-weight: 400;\"><span style=\"font-weight: 400;\">Helping our partners to grow and capitalize on the worldwide market. <\/span><b>K &amp; P Consultancy,<\/b><span style=\"font-weight: 400;\"> provides consultancy to investment companies on alternative investments without compromising the principles of quality, reliability and customer service.<\/span><\/p>\t\t\t\t\t\t\t\t<\/div>\n\t\t\t\t<\/div>\n\t\t\t\t<\/div>\n\t\t<div class=\"elementor-element elementor-element-3953c8c8 e-con-full e-flex e-con e-child\" data-id=\"3953c8c8\" data-element_type=\"container\" data-e-type=\"container\">\n\t\t\t\t<div class=\"elementor-element elementor-element-3c700641 elementor-widget elementor-widget-image\" data-id=\"3c700641\" data-element_type=\"widget\" data-e-type=\"widget\" data-widget_type=\"image.default\">\n\t\t\t\t<div class=\"elementor-widget-container\">\n\t\t\t\t\t\t\t\t\t\t\t\t\t\t\t<img decoding=\"async\" width=\"570\" height=\"370\" src=\"https:\/\/kandpconsultancy.com\/wp-content\/uploads\/2023\/05\/misyon-3.png\" class=\"attachment-full size-full wp-image-2665\" alt=\"\" srcset=\"https:\/\/kandpconsultancy.com\/wp-content\/uploads\/2023\/05\/misyon-3.png 570w, https:\/\/kandpconsultancy.com\/wp-content\/uploads\/2023\/05\/misyon-3-300x195.png 300w\" sizes=\"(max-width: 570px) 100vw, 570px\" \/>\t\t\t\t\t\t\t\t\t\t\t\t\t\t\t<\/div>\n\t\t\t\t<\/div>\n\t\t\t\t<\/div>\n\t\t<div class=\"elementor-element elementor-element-490d7a5 e-con-full e-flex e-con e-child\" data-id=\"490d7a5\" data-element_type=\"container\" data-e-type=\"container\">\n\t\t\t\t<div class=\"elementor-element elementor-element-9df7661 elementor-widget elementor-widget-image\" data-id=\"9df7661\" data-element_type=\"widget\" data-e-type=\"widget\" data-widget_type=\"image.default\">\n\t\t\t\t<div class=\"elementor-widget-container\">\n\t\t\t\t\t\t\t\t\t\t\t\t\t\t\t<img decoding=\"async\" width=\"566\" height=\"370\" src=\"https:\/\/kandpconsultancy.com\/wp-content\/uploads\/2023\/05\/misyon-4.png\" class=\"attachment-full size-full wp-image-2668\" alt=\"\" srcset=\"https:\/\/kandpconsultancy.com\/wp-content\/uploads\/2023\/05\/misyon-4.png 566w, https:\/\/kandpconsultancy.com\/wp-content\/uploads\/2023\/05\/misyon-4-300x196.png 300w\" sizes=\"(max-width: 566px) 100vw, 566px\" \/>\t\t\t\t\t\t\t\t\t\t\t\t\t\t\t<\/div>\n\t\t\t\t<\/div>\n\t\t\t\t<\/div>\n\t\t\t\t\t<\/div>\n\t\t\t\t<\/div>\n\t\t<div class=\"elementor-element elementor-element-5d110001 e-con-full e-flex e-con e-parent\" data-id=\"5d110001\" data-element_type=\"container\" data-e-type=\"container\">\n\t\t\t\t<div class=\"elementor-element elementor-element-53fbdf6f elementor-widget-divider--view-line elementor-widget elementor-widget-divider\" data-id=\"53fbdf6f\" data-element_type=\"widget\" data-e-type=\"widget\" data-widget_type=\"divider.default\">\n\t\t\t\t<div class=\"elementor-widget-container\">\n\t\t\t\t\t\t\t<div class=\"elementor-divider\">\n\t\t\t<span class=\"elementor-divider-separator\">\n\t\t\t\t\t\t<\/span>\n\t\t<\/div>\n\t\t\t\t\t\t<\/div>\n\t\t\t\t<\/div>\n\t\t\t\t<\/div>\n\t\t<div class=\"elementor-element elementor-element-cd8e2a4 e-flex e-con-boxed e-con e-parent\" data-id=\"cd8e2a4\" data-element_type=\"container\" data-e-type=\"container\">\n\t\t\t\t\t<div class=\"e-con-inner\">\n\t\t<div class=\"elementor-element elementor-element-7a21b9a3 e-con-full e-flex e-con e-child\" data-id=\"7a21b9a3\" data-element_type=\"container\" data-e-type=\"container\">\n\t\t\t\t<div class=\"elementor-element elementor-element-3d14b4ec elementor-widget elementor-widget-heading\" data-id=\"3d14b4ec\" data-element_type=\"widget\" data-e-type=\"widget\" data-widget_type=\"heading.default\">\n\t\t\t\t<div class=\"elementor-widget-container\">\n\t\t\t\t\t<h2 class=\"elementor-heading-title elementor-size-default\">Vision<\/h2>\t\t\t\t<\/div>\n\t\t\t\t<\/div>\n\t\t\t\t<\/div>\n\t\t<div class=\"elementor-element elementor-element-8f89886 e-con-full e-flex e-con e-child\" data-id=\"8f89886\" data-element_type=\"container\" data-e-type=\"container\">\n\t\t\t\t<div class=\"elementor-element elementor-element-44970257 elementor-widget elementor-widget-text-editor\" data-id=\"44970257\" data-element_type=\"widget\" data-e-type=\"widget\" data-widget_type=\"text-editor.default\">\n\t\t\t\t<div class=\"elementor-widget-container\">\n\t\t\t\t\t\t\t\t\t<p><span style=\"font-weight: 400;\">It is intended to be high criteria. Our team is skillfully organized. Our regional and local meetings are maintained with the necessary notes to have a constant line of communication with our customers, keeping in mind the high level of customer satisfaction and experience. Be open to innovation and change. Integrate ethics into the organizational framework.\u00a0 <\/span><b>K &amp; P Consultancy<\/b><span style=\"font-weight: 400;\"> By keeping the values of honesty and confidentiality above all else, efficient and fast communication is our biggest goal.<\/span><\/p>\t\t\t\t\t\t\t\t<\/div>\n\t\t\t\t<\/div>\n\t\t\t\t<\/div>\n\t\t<div class=\"elementor-element elementor-element-592da54 e-con-full e-flex e-con e-child\" data-id=\"592da54\" data-element_type=\"container\" data-e-type=\"container\">\n\t\t\t\t<div class=\"elementor-element elementor-element-7017f810 elementor-widget elementor-widget-image\" data-id=\"7017f810\" data-element_type=\"widget\" data-e-type=\"widget\" data-widget_type=\"image.default\">\n\t\t\t\t<div class=\"elementor-widget-container\">\n\t\t\t\t\t\t\t\t\t\t\t\t\t\t\t<img loading=\"lazy\" decoding=\"async\" width=\"1170\" height=\"370\" src=\"https:\/\/kandpconsultancy.com\/wp-content\/uploads\/2023\/05\/vizyon.png\" class=\"attachment-full size-full wp-image-2667\" alt=\"\" srcset=\"https:\/\/kandpconsultancy.com\/wp-content\/uploads\/2023\/05\/vizyon.png 1170w, https:\/\/kandpconsultancy.com\/wp-content\/uploads\/2023\/05\/vizyon-300x95.png 300w, https:\/\/kandpconsultancy.com\/wp-content\/uploads\/2023\/05\/vizyon-1024x324.png 1024w, https:\/\/kandpconsultancy.com\/wp-content\/uploads\/2023\/05\/vizyon-768x243.png 768w\" sizes=\"(max-width: 1170px) 100vw, 1170px\" \/>\t\t\t\t\t\t\t\t\t\t\t\t\t\t\t<\/div>\n\t\t\t\t<\/div>\n\t\t\t\t<\/div>\n\t\t\t\t\t<\/div>\n\t\t\t\t<\/div>\n\t\t<div class=\"elementor-element elementor-element-40d60500 e-con-full e-flex e-con e-parent\" data-id=\"40d60500\" data-element_type=\"container\" data-e-type=\"container\">\n\t\t\t\t<div class=\"elementor-element elementor-element-2a3270f9 elementor-widget-divider--view-line elementor-widget elementor-widget-divider\" data-id=\"2a3270f9\" data-element_type=\"widget\" data-e-type=\"widget\" data-widget_type=\"divider.default\">\n\t\t\t\t<div class=\"elementor-widget-container\">\n\t\t\t\t\t\t\t<div class=\"elementor-divider\">\n\t\t\t<span class=\"elementor-divider-separator\">\n\t\t\t\t\t\t<\/span>\n\t\t<\/div>\n\t\t\t\t\t\t<\/div>\n\t\t\t\t<\/div>\n\t\t\t\t<\/div>\n\t\t<div class=\"elementor-element elementor-element-3d8406b9 e-flex e-con-boxed e-con e-parent\" data-id=\"3d8406b9\" data-element_type=\"container\" data-e-type=\"container\">\n\t\t\t\t\t<div class=\"e-con-inner\">\n\t\t<div class=\"elementor-element elementor-element-19224afa e-con-full e-flex e-con e-child\" data-id=\"19224afa\" data-element_type=\"container\" data-e-type=\"container\">\n\t\t\t\t<div class=\"elementor-element elementor-element-211efe49 elementor-widget elementor-widget-heading\" data-id=\"211efe49\" data-element_type=\"widget\" data-e-type=\"widget\" data-widget_type=\"heading.default\">\n\t\t\t\t<div class=\"elementor-widget-container\">\n\t\t\t\t\t<h2 class=\"elementor-heading-title elementor-size-default\">Values<\/h2>\t\t\t\t<\/div>\n\t\t\t\t<\/div>\n\t\t\t\t<\/div>\n\t\t<div class=\"elementor-element elementor-element-664f83d2 e-con-full e-flex e-con e-child\" data-id=\"664f83d2\" data-element_type=\"container\" data-e-type=\"container\">\n\t\t\t\t<div class=\"elementor-element elementor-element-79cde18d elementor-widget elementor-widget-text-editor\" data-id=\"79cde18d\" data-element_type=\"widget\" data-e-type=\"widget\" data-widget_type=\"text-editor.default\">\n\t\t\t\t<div class=\"elementor-widget-container\">\n\t\t\t\t\t\t\t\t\t<p><span style=\"font-weight: 400;\">Our goal is to do the biggest and fairest job possible, to be innovative, to move forward as a team, to respect everyone, to give every idea a chance, to continuously improve knowledge, to demonstrate trust and to ensure excellent quality.<\/span><\/p>\t\t\t\t\t\t\t\t<\/div>\n\t\t\t\t<\/div>\n\t\t\t\t<\/div>\n\t\t<div class=\"elementor-element elementor-element-21e73e8e e-con-full e-flex e-con e-child\" data-id=\"21e73e8e\" data-element_type=\"container\" data-e-type=\"container\">\n\t\t\t\t<div class=\"elementor-element elementor-element-148d107 elementor-widget elementor-widget-image\" data-id=\"148d107\" data-element_type=\"widget\" data-e-type=\"widget\" data-widget_type=\"image.default\">\n\t\t\t\t<div class=\"elementor-widget-container\">\n\t\t\t\t\t\t\t\t\t\t\t\t\t\t\t<img loading=\"lazy\" decoding=\"async\" width=\"1170\" height=\"370\" src=\"https:\/\/kandpconsultancy.com\/wp-content\/uploads\/2023\/05\/degerler.png\" class=\"attachment-full size-full wp-image-2666\" alt=\"\" srcset=\"https:\/\/kandpconsultancy.com\/wp-content\/uploads\/2023\/05\/degerler.png 1170w, https:\/\/kandpconsultancy.com\/wp-content\/uploads\/2023\/05\/degerler-300x95.png 300w, https:\/\/kandpconsultancy.com\/wp-content\/uploads\/2023\/05\/degerler-1024x324.png 1024w, https:\/\/kandpconsultancy.com\/wp-content\/uploads\/2023\/05\/degerler-768x243.png 768w\" sizes=\"(max-width: 1170px) 100vw, 1170px\" \/>\t\t\t\t\t\t\t\t\t\t\t\t\t\t\t<\/div>\n\t\t\t\t<\/div>\n\t\t\t\t<\/div>\n\t\t\t\t\t<\/div>\n\t\t\t\t<\/div>\n\t\t<div class=\"elementor-element elementor-element-2c623737 e-flex e-con-boxed e-con e-parent\" data-id=\"2c623737\" data-element_type=\"container\" data-e-type=\"container\" data-settings=\"{&quot;background_background&quot;:&quot;classic&quot;}\">\n\t\t\t\t\t<div class=\"e-con-inner\">\n\t\t<div class=\"elementor-element elementor-element-44f7c8c e-con-full e-flex e-con e-child\" data-id=\"44f7c8c\" data-element_type=\"container\" data-e-type=\"container\">\n\t\t\t\t<div class=\"elementor-element elementor-element-5a48a230 elementor-widget elementor-widget-heading\" data-id=\"5a48a230\" data-element_type=\"widget\" data-e-type=\"widget\" data-widget_type=\"heading.default\">\n\t\t\t\t<div class=\"elementor-widget-container\">\n\t\t\t\t\t<h2 class=\"elementor-heading-title elementor-size-default\">K&amp;P<\/h2>\t\t\t\t<\/div>\n\t\t\t\t<\/div>\n\t\t\t\t<\/div>\n\t\t\t\t\t<\/div>\n\t\t\t\t<\/div>\n\t\t\t\t<\/div>","protected":false},"excerpt":{"rendered":"<p>Kurumsal Biz Kimiz K &amp; P Consultancy, dinamik ve yenilik\u00e7i \u015firket yap\u0131s\u0131 ile her zaman beklentileri a\u015fmak ve uluslararas\u0131 yat\u0131r\u0131mlara \u00f6nc\u00fcl\u00fck etmek i\u00e7in \u00e7al\u0131\u015fmaktad\u0131r. Uzman kadromuzla kapsaml\u0131 ara\u015ft\u0131rmalar\u0131 disiplinle y\u00fcr\u00fct\u00fcp, yenilenebilir enerji t\u00fcrleri aras\u0131nda \u00f6ne \u00e7\u0131kan g\u00fcne\u015f enerjisine d\u00f6n\u00fc\u015f\u00fcmde \u00f6nc\u00fc rol \u00fcstlenme vizyonu ve bu d\u00f6n\u00fc\u015f\u00fcmde yenilik\u00e7i, kaliteli, h\u0131zl\u0131 hizmet \u00fcretme misyonu ile yolculu\u011funa devam [&hellip;]<\/p>\n","protected":false},"author":3,"featured_media":0,"parent":0,"menu_order":0,"comment_status":"closed","ping_status":"closed","template":"elementor_header_footer","meta":{"iawp_total_views":39,"footnotes":""},"class_list":["post-2164","page","type-page","status-publish","hentry"],"_links":{"self":[{"href":"https:\/\/kandpconsultancy.com\/en\/wp-json\/wp\/v2\/pages\/2164","targetHints":{"allow":["GET"]}}],"collection":[{"href":"https:\/\/kandpconsultancy.com\/en\/wp-json\/wp\/v2\/pages"}],"about":[{"href":"https:\/\/kandpconsultancy.com\/en\/wp-json\/wp\/v2\/types\/page"}],"author":[{"embeddable":true,"href":"https:\/\/kandpconsultancy.com\/en\/wp-json\/wp\/v2\/users\/3"}],"replies":[{"embeddable":true,"href":"https:\/\/kandpconsultancy.com\/en\/wp-json\/wp\/v2\/comments?post=2164"}],"version-history":[{"count":0,"href":"https:\/\/kandpconsultancy.com\/en\/wp-json\/wp\/v2\/pages\/2164\/revisions"}],"wp:attachment":[{"href":"https:\/\/kandpconsultancy.com\/en\/wp-json\/wp\/v2\/media?parent=2164"}],"curies":[{"name":"wp","href":"https:\/\/api.w.org\/{rel}","templated":true}]}}