{"id":2259,"date":"2023-05-16T01:05:37","date_gmt":"2023-05-16T01:05:37","guid":{"rendered":"https:\/\/kandpconsultancy.com\/?page_id=2259"},"modified":"2023-09-17T14:32:09","modified_gmt":"2023-09-17T14:32:09","slug":"international-market-research","status":"publish","type":"page","link":"https:\/\/kandpconsultancy.com\/en\/services\/international-market-research\/","title":{"rendered":"International Market Research"},"content":{"rendered":"\t\t<div data-elementor-type=\"wp-page\" data-elementor-id=\"2259\" class=\"elementor elementor-2259\" data-elementor-post-type=\"page\">\n\t\t\t\t<div class=\"elementor-element elementor-element-73023096 e-flex e-con-boxed e-con e-parent\" data-id=\"73023096\" data-element_type=\"container\" data-e-type=\"container\">\n\t\t\t\t\t<div class=\"e-con-inner\">\n\t\t\t\t<div class=\"elementor-element elementor-element-2ae90b8d elementor-widget elementor-widget-heading\" data-id=\"2ae90b8d\" data-element_type=\"widget\" data-e-type=\"widget\" data-widget_type=\"heading.default\">\n\t\t\t\t<div class=\"elementor-widget-container\">\n\t\t\t\t\t<h2 class=\"elementor-heading-title elementor-size-default\">Uluslararas\u0131 Pazar Ara\u015ft\u0131rmalar\u0131<\/h2>\t\t\t\t<\/div>\n\t\t\t\t<\/div>\n\t\t\t\t\t<\/div>\n\t\t\t\t<\/div>\n\t\t<div class=\"elementor-element elementor-element-4650e830 e-flex e-con-boxed e-con e-parent\" data-id=\"4650e830\" data-element_type=\"container\" data-e-type=\"container\">\n\t\t\t\t\t<div class=\"e-con-inner\">\n\t\t<div class=\"elementor-element elementor-element-83a885 e-flex e-con-boxed e-con e-child\" data-id=\"83a885\" data-element_type=\"container\" data-e-type=\"container\">\n\t\t\t\t\t<div class=\"e-con-inner\">\n\t\t\t\t<div class=\"elementor-element elementor-element-793afcdc elementor-widget elementor-widget-image\" data-id=\"793afcdc\" data-element_type=\"widget\" data-e-type=\"widget\" data-widget_type=\"image.default\">\n\t\t\t\t<div class=\"elementor-widget-container\">\n\t\t\t\t\t\t\t\t\t\t\t\t\t\t\t<img fetchpriority=\"high\" decoding=\"async\" width=\"2000\" height=\"772\" src=\"https:\/\/kandpconsultancy.com\/wp-content\/uploads\/2023\/08\/house-model-on-blueprints-background-engineer-contractor-office-3d-illustration.jpg\" class=\"attachment-full size-full wp-image-4509\" alt=\"\" srcset=\"https:\/\/kandpconsultancy.com\/wp-content\/uploads\/2023\/08\/house-model-on-blueprints-background-engineer-contractor-office-3d-illustration.jpg 2000w, https:\/\/kandpconsultancy.com\/wp-content\/uploads\/2023\/08\/house-model-on-blueprints-background-engineer-contractor-office-3d-illustration-300x116.jpg 300w, https:\/\/kandpconsultancy.com\/wp-content\/uploads\/2023\/08\/house-model-on-blueprints-background-engineer-contractor-office-3d-illustration-1024x395.jpg 1024w, https:\/\/kandpconsultancy.com\/wp-content\/uploads\/2023\/08\/house-model-on-blueprints-background-engineer-contractor-office-3d-illustration-768x296.jpg 768w, https:\/\/kandpconsultancy.com\/wp-content\/uploads\/2023\/08\/house-model-on-blueprints-background-engineer-contractor-office-3d-illustration-1536x593.jpg 1536w\" sizes=\"(max-width: 2000px) 100vw, 2000px\" \/>\t\t\t\t\t\t\t\t\t\t\t\t\t\t\t<\/div>\n\t\t\t\t<\/div>\n\t\t\t\t\t<\/div>\n\t\t\t\t<\/div>\n\t\t\t\t<div class=\"elementor-element elementor-element-10bd1dd6 elementor-widget elementor-widget-text-editor\" data-id=\"10bd1dd6\" data-element_type=\"widget\" data-e-type=\"widget\" data-widget_type=\"text-editor.default\">\n\t\t\t\t<div class=\"elementor-widget-container\">\n\t\t\t\t\t\t\t\t\t<p><span style=\"font-weight: 400;\">\u0130\u015fletmelerde finansal y\u00f6netimin \u00f6nemi abart\u0131lamaz. Ticari faaliyetler b\u00fcy\u00fcd\u00fck\u00e7e para ak\u0131\u015f\u0131 h\u0131zlan\u0131r ve bu paray\u0131 do\u011fru kullanmak esast\u0131r. Finansal y\u00f6netim, \u015firketlerin hem finansal hem de stratejik a\u00e7\u0131dan faydal\u0131 olan sa\u011fl\u0131kl\u0131 kararlar almalar\u0131na, ihtiya\u00e7lar\u0131 belirlemelerine ve gelir-gider dengesi i\u00e7in hedeflere ula\u015fmalar\u0131na yard\u0131mc\u0131 olur.<\/span><\/p><p><span style=\"font-weight: 400;\">B\u00f6yle bir kriz an\u0131nda, i\u015fletmelerin operasyonlar\u0131n\u0131 h\u0131zla istikrara kavu\u015fturmak i\u00e7in zorlu ko\u015fullar\u0131 etkin bir \u015fekilde y\u00f6netme ihtiyac\u0131n\u0131 anl\u0131yoruz. Piyasalar canland\u0131\u011f\u0131nda bu zor zamanlarda da ilerleyebilmeleri i\u00e7in yeniden konumland\u0131rma stratejileri ile destek veriyoruz; kurumsal strateji geli\u015ftirmeden sermaye ve finansmana eri\u015fim yoluyla, finansal yap\u0131land\u0131rmadan birle\u015fme ve sat\u0131n almalara kadar &#8211; d\u00f6n\u00fc\u015f\u00fcm s\u00fcrecinizin her ad\u0131m\u0131nda yan\u0131n\u0131zday\u0131z!<\/span><\/p><p><b>K &amp; P Consultancy<\/b><span style=\"font-weight: 400;\"> olarak Bilan\u00e7o analizi, yat\u0131r\u0131m kararlar\u0131 \u00f6ncesi fizibilite \u00e7al\u0131\u015fmalar\u0131, bankac\u0131l\u0131k ili\u015fkilerinin y\u00f6netimi, t\u00fcm finansal faaliyetlerin planlanmas\u0131, \u015firketlerin finansal durumlar\u0131n\u0131n de\u011ferlendirilmesi, finansal y\u00fck\u00fcml\u00fcl\u00fcklerin analizi, geli\u015fim alanlar\u0131n\u0131n belirlenmesinde \u015firket y\u00f6netimine dan\u0131\u015fmanl\u0131k hizmetleri sunuyoruz.\u00a0<\/span><\/p><p><span style=\"font-weight: 400;\">Ba\u015flang\u0131\u00e7 a\u015famas\u0131ndan b\u00fcy\u00fcme a\u015famas\u0131na, gerekirse olgunluk veya gerileme a\u015famas\u0131na kadar yolculuklar\u0131n\u0131n t\u00fcm a\u015famalar\u0131nda \u00fcst\u00fcn kaliteli hizmetler sunarak m\u00fc\u015fterilerimize ba\u015far\u0131ya ula\u015fmalar\u0131nda yard\u0131mc\u0131 olmaya \u00e7al\u0131\u015f\u0131yoruz, b\u00f6ylece ne olursa olsun emin olabilirsiniz<\/span><\/p>\t\t\t\t\t\t\t\t<\/div>\n\t\t\t\t<\/div>\n\t\t\t\t<div class=\"elementor-element elementor-element-d45073b elementor-widget elementor-widget-text-editor\" data-id=\"d45073b\" data-element_type=\"widget\" data-e-type=\"widget\" data-widget_type=\"text-editor.default\">\n\t\t\t\t<div class=\"elementor-widget-container\">\n\t\t\t\t\t\t\t\t\t<ul><li style=\"font-weight: 400;\" aria-level=\"2\"><span style=\"font-weight: 400;\">\u00a0Hedef pazardaki rakiplerin ara\u015ft\u0131r\u0131lmas\u0131<\/span><\/li><li style=\"font-weight: 400;\" aria-level=\"2\"><span style=\"font-weight: 400;\">\u0130hracat noktas\u0131ndan \u00e7e\u015fitli hedef \u00fclkelere ta\u015f\u0131ma bilgileri, haberle\u015fme d\u00fczey ve kalite ara\u015ft\u0131rmas\u0131<\/span><\/li><li style=\"font-weight: 400;\" aria-level=\"2\"><span style=\"font-weight: 400;\">G\u00fcmr\u00fck i\u015flemleri dan\u0131\u015fmanl\u0131\u011f\u0131,<\/span><\/li><li style=\"font-weight: 400;\" aria-level=\"2\"><span style=\"font-weight: 400;\">Pazarlar aras\u0131 k\u0131yaslama ve kar\u015f\u0131la\u015ft\u0131rma tablolar\u0131<\/span><\/li><li style=\"font-weight: 400;\" aria-level=\"2\"><span style=\"font-weight: 400;\">Hedef pazarda \u00fcr\u00fcn bazl\u0131 arz-talep dengesi ara\u015ft\u0131rmalar\u0131<\/span><\/li><li style=\"font-weight: 400;\" aria-level=\"2\"><span style=\"font-weight: 400;\">Demografik yap\u0131 ve n\u00fcfus ara\u015ft\u0131rmalar\u0131\u00a0\u00a0<\/span><\/li><li style=\"font-weight: 400;\" aria-level=\"2\"><span style=\"font-weight: 400;\">Lojistik, depo ve da\u011f\u0131t\u0131m a\u011f\u0131 ara\u015ft\u0131rmas\u0131<\/span><\/li><\/ul>\t\t\t\t\t\t\t\t<\/div>\n\t\t\t\t<\/div>\n\t\t\t\t\t<\/div>\n\t\t\t\t<\/div>\n\t\t<div class=\"elementor-element elementor-element-1203be4 e-flex e-con-boxed e-con e-parent\" data-id=\"1203be4\" data-element_type=\"container\" data-e-type=\"container\" data-settings=\"{&quot;background_background&quot;:&quot;classic&quot;}\">\n\t\t\t\t\t<div class=\"e-con-inner\">\n\t\t<div class=\"elementor-element elementor-element-23114b1 e-con-full e-flex e-con e-child\" data-id=\"23114b1\" data-element_type=\"container\" data-e-type=\"container\">\n\t\t\t\t<div class=\"elementor-element elementor-element-ff4405b elementor-widget elementor-widget-image\" data-id=\"ff4405b\" data-element_type=\"widget\" data-e-type=\"widget\" data-widget_type=\"image.default\">\n\t\t\t\t<div class=\"elementor-widget-container\">\n\t\t\t\t\t\t\t\t\t\t\t\t\t\t\t<img decoding=\"async\" width=\"1200\" height=\"1200\" src=\"https:\/\/kandpconsultancy.com\/wp-content\/uploads\/2023\/05\/Finans.gif\" class=\"attachment-full size-full wp-image-3266\" alt=\"\" \/>\t\t\t\t\t\t\t\t\t\t\t\t\t\t\t<\/div>\n\t\t\t\t<\/div>\n\t\t\t\t<\/div>\n\t\t<div class=\"elementor-element elementor-element-3ddfabb e-con-full e-flex e-con e-child\" data-id=\"3ddfabb\" data-element_type=\"container\" data-e-type=\"container\">\n\t\t\t\t<div class=\"elementor-element elementor-element-4e5f954 elementor-widget elementor-widget-heading\" data-id=\"4e5f954\" data-element_type=\"widget\" data-e-type=\"widget\" data-widget_type=\"heading.default\">\n\t\t\t\t<div class=\"elementor-widget-container\">\n\t\t\t\t\t<h2 class=\"elementor-heading-title elementor-size-default\">Yat\u0131r\u0131mlar\u0131n\u0131z\u0131 De\u011ferlendirin<\/h2>\t\t\t\t<\/div>\n\t\t\t\t<\/div>\n\t\t\t\t<div class=\"elementor-element elementor-element-037a244 elementor-widget elementor-widget-text-editor\" data-id=\"037a244\" data-element_type=\"widget\" data-e-type=\"widget\" data-widget_type=\"text-editor.default\">\n\t\t\t\t<div class=\"elementor-widget-container\">\n\t\t\t\t\t\t\t\t\t<p>Yat\u0131r\u0131mlar\u0131n\u0131z\u0131 en iyi \u015fekilde de\u011ferlendirmeniz i\u00e7in uzmanl\u0131\u011f\u0131m\u0131zdan yararlan\u0131n. Do\u011fru yat\u0131r\u0131m stratejileriyle karl\u0131l\u0131\u011f\u0131n\u0131z\u0131 art\u0131r\u0131n.<\/p>\t\t\t\t\t\t\t\t<\/div>\n\t\t\t\t<\/div>\n\t\t\t\t<\/div>\n\t\t\t\t\t<\/div>\n\t\t\t\t<\/div>\n\t\t<div class=\"elementor-element elementor-element-d97a7d6 e-flex e-con-boxed e-con e-parent\" data-id=\"d97a7d6\" data-element_type=\"container\" data-e-type=\"container\" data-settings=\"{&quot;background_background&quot;:&quot;classic&quot;}\">\n\t\t\t\t\t<div class=\"e-con-inner\">\n\t\t<div class=\"elementor-element elementor-element-1f908de e-con-full e-flex e-con e-child\" data-id=\"1f908de\" data-element_type=\"container\" data-e-type=\"container\">\n\t\t\t\t<div class=\"elementor-element elementor-element-bd1b1d2 elementor-button-align-stretch elementor-widget elementor-widget-form\" data-id=\"bd1b1d2\" data-element_type=\"widget\" data-e-type=\"widget\" data-settings=\"{&quot;step_next_label&quot;:&quot;Next&quot;,&quot;step_previous_label&quot;:&quot;Previous&quot;,&quot;button_width&quot;:&quot;100&quot;,&quot;step_type&quot;:&quot;number_text&quot;,&quot;step_icon_shape&quot;:&quot;circle&quot;}\" data-widget_type=\"form.default\">\n\t\t\t\t<div class=\"elementor-widget-container\">\n\t\t\t\t\t\t\t<form class=\"elementor-form\" method=\"post\" name=\"G\u00f6r\u00fc\u015fme Planla Form\">\n\t\t\t<input type=\"hidden\" name=\"post_id\" value=\"2259\"\/>\n\t\t\t<input type=\"hidden\" name=\"form_id\" value=\"bd1b1d2\"\/>\n\t\t\t<input type=\"hidden\" name=\"referer_title\" value=\"Uluslararas\u0131 Pazar Ara\u015ft\u0131rmalar\u0131\" \/>\n\n\t\t\t\t\t\t\t<input type=\"hidden\" name=\"queried_id\" value=\"2259\"\/>\n\t\t\t\n\t\t\t<div class=\"elementor-form-fields-wrapper elementor-labels-above\">\n\t\t\t\t\t\t\t\t<div class=\"elementor-field-type-text elementor-field-group elementor-column elementor-field-group-name elementor-col-50 elementor-field-required elementor-mark-required\">\n\t\t\t\t\t\t\t\t\t\t\t\t<label for=\"form-field-name\" class=\"elementor-field-label\">\n\t\t\t\t\t\t\t\t\u0130sim\t\t\t\t\t\t\t<\/label>\n\t\t\t\t\t\t\t\t\t\t\t\t\t\t<input size=\"1\" type=\"text\" name=\"form_fields[name]\" id=\"form-field-name\" class=\"elementor-field elementor-size-sm  elementor-field-textual\" required=\"required\">\n\t\t\t\t\t\t\t\t\t\t\t<\/div>\n\t\t\t\t\t\t\t\t<div class=\"elementor-field-type-email elementor-field-group elementor-column elementor-field-group-field_8bd9833 elementor-col-50 elementor-field-required elementor-mark-required\">\n\t\t\t\t\t\t\t\t\t\t\t\t<label for=\"form-field-field_8bd9833\" class=\"elementor-field-label\">\n\t\t\t\t\t\t\t\tEposta\t\t\t\t\t\t\t<\/label>\n\t\t\t\t\t\t\t\t\t\t\t\t\t\t<input size=\"1\" type=\"email\" name=\"form_fields[field_8bd9833]\" id=\"form-field-field_8bd9833\" class=\"elementor-field elementor-size-sm  elementor-field-textual\" required=\"required\">\n\t\t\t\t\t\t\t\t\t\t\t<\/div>\n\t\t\t\t\t\t\t\t<div class=\"elementor-field-type-textarea elementor-field-group elementor-column elementor-field-group-field_5d63c91 elementor-col-50 elementor-field-required elementor-mark-required\">\n\t\t\t\t\t\t\t\t\t\t\t\t<label for=\"form-field-field_5d63c91\" class=\"elementor-field-label\">\n\t\t\t\t\t\t\t\tGelecek Perspektifiniz Nedir?\t\t\t\t\t\t\t<\/label>\n\t\t\t\t\t\t<textarea class=\"elementor-field-textual elementor-field  elementor-size-sm\" name=\"form_fields[field_5d63c91]\" id=\"form-field-field_5d63c91\" rows=\"3\" required=\"required\"><\/textarea>\t\t\t\t<\/div>\n\t\t\t\t\t\t\t\t<div class=\"elementor-field-type-textarea elementor-field-group elementor-column elementor-field-group-field_e854b93 elementor-col-50 elementor-field-required elementor-mark-required\">\n\t\t\t\t\t\t\t\t\t\t\t\t<label for=\"form-field-field_e854b93\" class=\"elementor-field-label\">\n\t\t\t\t\t\t\t\t\u015eirketinizdeki \u00c7al\u0131\u015fan Say\u0131s\u0131n\u0131 Belirtir Misiniz?\t\t\t\t\t\t\t<\/label>\n\t\t\t\t\t\t<textarea class=\"elementor-field-textual elementor-field  elementor-size-sm\" name=\"form_fields[field_e854b93]\" id=\"form-field-field_e854b93\" rows=\"3\" required=\"required\"><\/textarea>\t\t\t\t<\/div>\n\t\t\t\t\t\t\t\t<div class=\"elementor-field-type-textarea elementor-field-group elementor-column elementor-field-group-field_006c226 elementor-col-50 elementor-field-required elementor-mark-required\">\n\t\t\t\t\t\t\t\t\t\t\t\t<label for=\"form-field-field_006c226\" class=\"elementor-field-label\">\n\t\t\t\t\t\t\t\t\u015eirketlerin Faaliyet Alanlar\u0131 Nelerdir?\t\t\t\t\t\t\t<\/label>\n\t\t\t\t\t\t<textarea class=\"elementor-field-textual elementor-field  elementor-size-sm\" name=\"form_fields[field_006c226]\" id=\"form-field-field_006c226\" rows=\"3\" required=\"required\"><\/textarea>\t\t\t\t<\/div>\n\t\t\t\t\t\t\t\t<div class=\"elementor-field-group elementor-column elementor-field-type-submit elementor-col-100 e-form__buttons\">\n\t\t\t\t\t<button class=\"elementor-button elementor-size-sm\" type=\"submit\">\n\t\t\t\t\t\t<span class=\"elementor-button-content-wrapper\">\n\t\t\t\t\t\t\t\t\t\t\t\t\t\t\t\t\t\t\t\t\t\t<span class=\"elementor-button-text\">G\u00f6r\u00fc\u015fme Planla<\/span>\n\t\t\t\t\t\t\t\t\t\t\t\t\t<\/span>\n\t\t\t\t\t<\/button>\n\t\t\t\t<\/div>\n\t\t\t<\/div>\n\t\t<\/form>\n\t\t\t\t\t\t<\/div>\n\t\t\t\t<\/div>\n\t\t\t\t<\/div>\n\t\t\t\t\t<\/div>\n\t\t\t\t<\/div>\n\t\t\t\t<\/div>\n\t\t","protected":false},"excerpt":{"rendered":"<p>\u0130\u015fletmelerde finansal y\u00f6netimin \u00f6nemi abart\u0131lamaz. Ticari faaliyetler b\u00fcy\u00fcd\u00fck\u00e7e para ak\u0131\u015f\u0131 h\u0131zlan\u0131r ve bu paray\u0131 do\u011fru kullanmak esast\u0131r. Finansal y\u00f6netim, \u015firketlerin hem finansal hem de stratejik a\u00e7\u0131dan faydal\u0131 olan sa\u011fl\u0131kl\u0131 kararlar almalar\u0131na, ihtiya\u00e7lar\u0131 belirlemelerine ve gelir-gider dengesi i\u00e7in hedeflere ula\u015fmalar\u0131na yard\u0131mc\u0131 olur. B\u00f6yle bir kriz an\u0131nda, i\u015fletmelerin operasyonlar\u0131n\u0131 h\u0131zla istikrara kavu\u015fturmak i\u00e7in zorlu ko\u015fullar\u0131 etkin bir [&hellip;]<\/p>\n","protected":false},"author":3,"featured_media":840,"parent":2149,"menu_order":2,"comment_status":"closed","ping_status":"closed","template":"","meta":{"iawp_total_views":27,"footnotes":""},"class_list":["post-2259","page","type-page","status-publish","has-post-thumbnail","hentry"],"_links":{"self":[{"href":"https:\/\/kandpconsultancy.com\/en\/wp-json\/wp\/v2\/pages\/2259","targetHints":{"allow":["GET"]}}],"collection":[{"href":"https:\/\/kandpconsultancy.com\/en\/wp-json\/wp\/v2\/pages"}],"about":[{"href":"https:\/\/kandpconsultancy.com\/en\/wp-json\/wp\/v2\/types\/page"}],"author":[{"embeddable":true,"href":"https:\/\/kandpconsultancy.com\/en\/wp-json\/wp\/v2\/users\/3"}],"replies":[{"embeddable":true,"href":"https:\/\/kandpconsultancy.com\/en\/wp-json\/wp\/v2\/comments?post=2259"}],"version-history":[{"count":0,"href":"https:\/\/kandpconsultancy.com\/en\/wp-json\/wp\/v2\/pages\/2259\/revisions"}],"up":[{"embeddable":true,"href":"https:\/\/kandpconsultancy.com\/en\/wp-json\/wp\/v2\/pages\/2149"}],"wp:featuredmedia":[{"embeddable":true,"href":"https:\/\/kandpconsultancy.com\/en\/wp-json\/wp\/v2\/media\/840"}],"wp:attachment":[{"href":"https:\/\/kandpconsultancy.com\/en\/wp-json\/wp\/v2\/media?parent=2259"}],"curies":[{"name":"wp","href":"https:\/\/api.w.org\/{rel}","templated":true}]}}