{"id":2309,"date":"2023-05-16T06:39:24","date_gmt":"2023-05-16T06:39:24","guid":{"rendered":"https:\/\/kandpconsultancy.com\/?page_id=2309"},"modified":"2023-09-17T14:27:18","modified_gmt":"2023-09-17T14:27:18","slug":"international-country-reporting-services","status":"publish","type":"page","link":"https:\/\/kandpconsultancy.com\/en\/services\/international-country-reporting-services\/","title":{"rendered":"International Country Reporting Services"},"content":{"rendered":"\t\t<div data-elementor-type=\"wp-page\" data-elementor-id=\"2309\" class=\"elementor elementor-2309\" data-elementor-post-type=\"page\">\n\t\t\t\t<div class=\"elementor-element elementor-element-56e1cd24 e-flex e-con-boxed e-con e-parent\" data-id=\"56e1cd24\" data-element_type=\"container\" data-e-type=\"container\">\n\t\t\t\t\t<div class=\"e-con-inner\">\n\t\t\t\t<div class=\"elementor-element elementor-element-5b8a5478 elementor-widget elementor-widget-heading\" data-id=\"5b8a5478\" data-element_type=\"widget\" data-e-type=\"widget\" data-widget_type=\"heading.default\">\n\t\t\t\t<div class=\"elementor-widget-container\">\n\t\t\t\t\t<h2 class=\"elementor-heading-title elementor-size-default\">Uluslararas\u0131 \u00dclke Raporlama Hizmetleri<\/h2>\t\t\t\t<\/div>\n\t\t\t\t<\/div>\n\t\t\t\t\t<\/div>\n\t\t\t\t<\/div>\n\t\t<div class=\"elementor-element elementor-element-8883343 e-flex e-con-boxed e-con e-parent\" data-id=\"8883343\" data-element_type=\"container\" data-e-type=\"container\">\n\t\t\t\t\t<div class=\"e-con-inner\">\n\t\t<div class=\"elementor-element elementor-element-3c5bd3c4 e-flex e-con-boxed e-con e-child\" data-id=\"3c5bd3c4\" data-element_type=\"container\" data-e-type=\"container\">\n\t\t\t\t\t<div class=\"e-con-inner\">\n\t\t\t\t<div class=\"elementor-element elementor-element-49336055 elementor-widget elementor-widget-image\" data-id=\"49336055\" data-element_type=\"widget\" data-e-type=\"widget\" data-widget_type=\"image.default\">\n\t\t\t\t<div class=\"elementor-widget-container\">\n\t\t\t\t\t\t\t\t\t\t\t\t\t\t\t<img fetchpriority=\"high\" decoding=\"async\" width=\"2000\" height=\"772\" src=\"https:\/\/kandpconsultancy.com\/wp-content\/uploads\/2023\/08\/house-model-on-blueprints-background-engineer-contractor-office-3d-illustration.jpg\" class=\"attachment-full size-full wp-image-4509\" alt=\"\" srcset=\"https:\/\/kandpconsultancy.com\/wp-content\/uploads\/2023\/08\/house-model-on-blueprints-background-engineer-contractor-office-3d-illustration.jpg 2000w, https:\/\/kandpconsultancy.com\/wp-content\/uploads\/2023\/08\/house-model-on-blueprints-background-engineer-contractor-office-3d-illustration-300x116.jpg 300w, https:\/\/kandpconsultancy.com\/wp-content\/uploads\/2023\/08\/house-model-on-blueprints-background-engineer-contractor-office-3d-illustration-1024x395.jpg 1024w, https:\/\/kandpconsultancy.com\/wp-content\/uploads\/2023\/08\/house-model-on-blueprints-background-engineer-contractor-office-3d-illustration-768x296.jpg 768w, https:\/\/kandpconsultancy.com\/wp-content\/uploads\/2023\/08\/house-model-on-blueprints-background-engineer-contractor-office-3d-illustration-1536x593.jpg 1536w\" sizes=\"(max-width: 2000px) 100vw, 2000px\" \/>\t\t\t\t\t\t\t\t\t\t\t\t\t\t\t<\/div>\n\t\t\t\t<\/div>\n\t\t\t\t\t<\/div>\n\t\t\t\t<\/div>\n\t\t\t\t<div class=\"elementor-element elementor-element-61fedd76 elementor-widget elementor-widget-text-editor\" data-id=\"61fedd76\" data-element_type=\"widget\" data-e-type=\"widget\" data-widget_type=\"text-editor.default\">\n\t\t\t\t<div class=\"elementor-widget-container\">\n\t\t\t\t\t\t\t\t\t<p><span style=\"font-weight: 400;\">Kurumlar\u0131n yerel operasyonlarla yetinmedi\u011fi, uluslararas\u0131 avantajlardan yararlanarak yabanc\u0131 kurulu\u015flar\u0131n ve yabanc\u0131 \u00fclkelerin b\u00fcy\u00fcmesini desteklemek istedikleri bir ger\u00e7ektir. Bunun nedeni son y\u0131llarda d\u00fcnyada meydana gelen \u00f6nemli siyasi, ekonomik ve sosyal geli\u015fmelerdir. uluslararas\u0131 bir \u015firket. Artan k\u00fcresel rekabet g\u00fcc\u00fc nedeniyle \u00f6nceden pazarlama gereklidir. Ayr\u0131ca \u00fclke ve kurulu\u015flar\u0131n altyap\u0131 taleplerine yard\u0131mc\u0131 olmak amac\u0131yla uluslararas\u0131 finans kurulu\u015flar\u0131 kurulmu\u015ftur. \u00d6nemli bir risk kategorisi olan kentsel risk, t\u00fcm bu olgular\u0131 i\u00e7ermektedir. <\/span><b>K &amp; P Consultancy<\/b><span style=\"font-weight: 400;\"> sivil risklerinizle, bunlar\u0131n t\u00fcrleri, etkileri, kapsamlar\u0131 ve hizmetleri ile ilgilenir.<\/span><\/p>\t\t\t\t\t\t\t\t<\/div>\n\t\t\t\t<\/div>\n\t\t\t\t<div class=\"elementor-element elementor-element-b043f43 elementor-widget elementor-widget-text-editor\" data-id=\"b043f43\" data-element_type=\"widget\" data-e-type=\"widget\" data-widget_type=\"text-editor.default\">\n\t\t\t\t<div class=\"elementor-widget-container\">\n\t\t\t\t\t\t\t\t\t<ul><li style=\"font-weight: 400;\" aria-level=\"2\"><span style=\"font-weight: 400;\">\u00dclke Analiz Hizmetleri,<\/span><\/li><li style=\"font-weight: 400;\" aria-level=\"2\"><span style=\"font-weight: 400;\">Hedef \u00dclke Ekonomik Yap\u0131 Raporlamas\u0131,<\/span><\/li><li style=\"font-weight: 400;\" aria-level=\"2\"><span style=\"font-weight: 400;\">Hedef \u00dclkenin sekt\u00f6r da\u011f\u0131l\u0131mlar\u0131n\u0131n incelenmesi<\/span><\/li><li style=\"font-weight: 400;\" aria-level=\"2\"><span style=\"font-weight: 400;\">Hedef \u00dclkedeki \u0130\u00e7 Piyasan\u0131n Ara\u015ft\u0131r\u0131lmas\u0131,<\/span><\/li><li style=\"font-weight: 400;\" aria-level=\"2\"><span style=\"font-weight: 400;\">\u00dclkenin demografik ve sosyo-ekonomik yap\u0131s\u0131n\u0131n raporlanmas\u0131,\u00a0<\/span><\/li><li style=\"font-weight: 400;\" aria-level=\"2\"><span style=\"font-weight: 400;\">Hedef \u00fclke ve pazar\u0131n arz-talep grafiklerinin incelenmesi ve olas\u0131 f\u0131rsat de\u011ferlendirmesine y\u00f6nelik raporlama hizmetleri,<\/span><\/li><li style=\"font-weight: 400;\" aria-level=\"2\"><span style=\"font-weight: 400;\">T\u00fcrkiye\u2019ye ve rakip \u00fclkelere uygulanan ek vergi ve y\u00fck\u00fcml\u00fcl\u00fckler<\/span><\/li><li style=\"font-weight: 400;\" aria-level=\"2\"><span style=\"font-weight: 400;\">T\u00fcrkiye\u2019nin hedef \u00fclkeye ihracat\u0131<\/span><\/li><li style=\"font-weight: 400;\" aria-level=\"2\"><span style=\"font-weight: 400;\">M\u00fc\u015fteri Analizi<\/span><\/li><li style=\"font-weight: 400;\" aria-level=\"2\"><span style=\"font-weight: 400;\">Rakip Analizi<\/span><\/li><li style=\"font-weight: 400;\" aria-level=\"2\"><span style=\"font-weight: 400;\">Pazar\/Sekt\u00f6r Analizi<\/span><\/li><li style=\"font-weight: 400;\" aria-level=\"2\"><span style=\"font-weight: 400;\">\u00c7evre Analizi<\/span><\/li><li style=\"font-weight: 400;\" aria-level=\"2\"><span style=\"font-weight: 400;\">Sat\u0131\u015f kanallar\u0131n\u0131n tespiti<\/span><\/li><li style=\"font-weight: 400;\" aria-level=\"2\"><span style=\"font-weight: 400;\">Da\u011f\u0131t\u0131m a\u011flar\u0131n\u0131n tespiti<\/span><\/li><li style=\"font-weight: 400;\" aria-level=\"2\"><span style=\"font-weight: 400;\">Yurt i\u00e7i ve yurt d\u0131\u015f\u0131 fuarlar\u0131n tespiti<\/span><\/li><li style=\"font-weight: 400;\" aria-level=\"2\"><span style=\"font-weight: 400;\">\u00dclkenin toplam ithalat\u0131 ve geli\u015fiminin raporlanmas\u0131<\/span><\/li><li style=\"font-weight: 400;\" aria-level=\"2\"><span style=\"font-weight: 400;\">Hangi \u00fclkelerden ithalat yap\u0131lmaktad\u0131r ve pazar paylar\u0131<\/span><\/li><li style=\"font-weight: 400;\" aria-level=\"2\"><span style=\"font-weight: 400;\">Pazar giri\u015f engelleri<\/span><\/li><li style=\"font-weight: 400;\" aria-level=\"2\"><span style=\"font-weight: 400;\">Gerekli izin ve belgeler<\/span><\/li><li style=\"font-weight: 400;\" aria-level=\"2\"><span style=\"font-weight: 400;\">Sat\u0131\u015f kanallar\u0131n\u0131n incelenmesi<\/span><\/li><\/ul>\t\t\t\t\t\t\t\t<\/div>\n\t\t\t\t<\/div>\n\t\t\t\t\t<\/div>\n\t\t\t\t<\/div>\n\t\t<div class=\"elementor-element elementor-element-ca03834 e-flex e-con-boxed e-con e-parent\" data-id=\"ca03834\" data-element_type=\"container\" data-e-type=\"container\" data-settings=\"{&quot;background_background&quot;:&quot;classic&quot;}\">\n\t\t\t\t\t<div class=\"e-con-inner\">\n\t\t<div class=\"elementor-element elementor-element-ccc8e8f e-con-full e-flex e-con e-child\" data-id=\"ccc8e8f\" data-element_type=\"container\" data-e-type=\"container\">\n\t\t\t\t<div class=\"elementor-element elementor-element-98125ac elementor-widget elementor-widget-image\" data-id=\"98125ac\" data-element_type=\"widget\" data-e-type=\"widget\" data-widget_type=\"image.default\">\n\t\t\t\t<div class=\"elementor-widget-container\">\n\t\t\t\t\t\t\t\t\t\t\t\t\t\t\t<img decoding=\"async\" width=\"1200\" height=\"1200\" src=\"https:\/\/kandpconsultancy.com\/wp-content\/uploads\/2023\/05\/Finans.gif\" class=\"attachment-full size-full wp-image-3266\" alt=\"\" \/>\t\t\t\t\t\t\t\t\t\t\t\t\t\t\t<\/div>\n\t\t\t\t<\/div>\n\t\t\t\t<\/div>\n\t\t<div class=\"elementor-element elementor-element-4d26c7d e-con-full e-flex e-con e-child\" data-id=\"4d26c7d\" data-element_type=\"container\" data-e-type=\"container\">\n\t\t\t\t<div class=\"elementor-element elementor-element-d79d537 elementor-widget elementor-widget-heading\" data-id=\"d79d537\" data-element_type=\"widget\" data-e-type=\"widget\" data-widget_type=\"heading.default\">\n\t\t\t\t<div class=\"elementor-widget-container\">\n\t\t\t\t\t<h2 class=\"elementor-heading-title elementor-size-default\">Yat\u0131r\u0131mlar\u0131n\u0131z\u0131 De\u011ferlendirin<\/h2>\t\t\t\t<\/div>\n\t\t\t\t<\/div>\n\t\t\t\t<div class=\"elementor-element elementor-element-f0edba2 elementor-widget elementor-widget-text-editor\" data-id=\"f0edba2\" data-element_type=\"widget\" data-e-type=\"widget\" data-widget_type=\"text-editor.default\">\n\t\t\t\t<div class=\"elementor-widget-container\">\n\t\t\t\t\t\t\t\t\t<p>Yat\u0131r\u0131mlar\u0131n\u0131z\u0131 en iyi \u015fekilde de\u011ferlendirmeniz i\u00e7in uzmanl\u0131\u011f\u0131m\u0131zdan yararlan\u0131n. Do\u011fru yat\u0131r\u0131m stratejileriyle karl\u0131l\u0131\u011f\u0131n\u0131z\u0131 art\u0131r\u0131n.<\/p>\t\t\t\t\t\t\t\t<\/div>\n\t\t\t\t<\/div>\n\t\t\t\t<\/div>\n\t\t\t\t\t<\/div>\n\t\t\t\t<\/div>\n\t\t<div class=\"elementor-element elementor-element-d5c47f7 e-flex e-con-boxed e-con e-parent\" data-id=\"d5c47f7\" data-element_type=\"container\" data-e-type=\"container\" data-settings=\"{&quot;background_background&quot;:&quot;classic&quot;}\">\n\t\t\t\t\t<div class=\"e-con-inner\">\n\t\t<div class=\"elementor-element elementor-element-93ff1e9 e-con-full e-flex e-con e-child\" data-id=\"93ff1e9\" data-element_type=\"container\" data-e-type=\"container\">\n\t\t\t\t<div class=\"elementor-element elementor-element-6f9a7be elementor-button-align-stretch elementor-widget elementor-widget-form\" data-id=\"6f9a7be\" data-element_type=\"widget\" data-e-type=\"widget\" data-settings=\"{&quot;step_next_label&quot;:&quot;Next&quot;,&quot;step_previous_label&quot;:&quot;Previous&quot;,&quot;button_width&quot;:&quot;100&quot;,&quot;step_type&quot;:&quot;number_text&quot;,&quot;step_icon_shape&quot;:&quot;circle&quot;}\" data-widget_type=\"form.default\">\n\t\t\t\t<div class=\"elementor-widget-container\">\n\t\t\t\t\t\t\t<form class=\"elementor-form\" method=\"post\" name=\"G\u00f6r\u00fc\u015fme Planla Form\">\n\t\t\t<input type=\"hidden\" name=\"post_id\" value=\"2309\"\/>\n\t\t\t<input type=\"hidden\" name=\"form_id\" value=\"6f9a7be\"\/>\n\t\t\t<input type=\"hidden\" name=\"referer_title\" value=\"Uluslararas\u0131 \u00dclke Raporlama Hizmetleri\" \/>\n\n\t\t\t\t\t\t\t<input type=\"hidden\" name=\"queried_id\" value=\"2309\"\/>\n\t\t\t\n\t\t\t<div class=\"elementor-form-fields-wrapper elementor-labels-above\">\n\t\t\t\t\t\t\t\t<div class=\"elementor-field-type-text elementor-field-group elementor-column elementor-field-group-name elementor-col-50 elementor-field-required elementor-mark-required\">\n\t\t\t\t\t\t\t\t\t\t\t\t<label for=\"form-field-name\" class=\"elementor-field-label\">\n\t\t\t\t\t\t\t\t\u0130sim\t\t\t\t\t\t\t<\/label>\n\t\t\t\t\t\t\t\t\t\t\t\t\t\t<input size=\"1\" type=\"text\" name=\"form_fields[name]\" id=\"form-field-name\" class=\"elementor-field elementor-size-sm  elementor-field-textual\" required=\"required\">\n\t\t\t\t\t\t\t\t\t\t\t<\/div>\n\t\t\t\t\t\t\t\t<div class=\"elementor-field-type-email elementor-field-group elementor-column elementor-field-group-field_8bd9833 elementor-col-50 elementor-field-required elementor-mark-required\">\n\t\t\t\t\t\t\t\t\t\t\t\t<label for=\"form-field-field_8bd9833\" class=\"elementor-field-label\">\n\t\t\t\t\t\t\t\tEposta\t\t\t\t\t\t\t<\/label>\n\t\t\t\t\t\t\t\t\t\t\t\t\t\t<input size=\"1\" type=\"email\" name=\"form_fields[field_8bd9833]\" id=\"form-field-field_8bd9833\" class=\"elementor-field elementor-size-sm  elementor-field-textual\" required=\"required\">\n\t\t\t\t\t\t\t\t\t\t\t<\/div>\n\t\t\t\t\t\t\t\t<div class=\"elementor-field-type-textarea elementor-field-group elementor-column elementor-field-group-field_5d63c91 elementor-col-50 elementor-field-required elementor-mark-required\">\n\t\t\t\t\t\t\t\t\t\t\t\t<label for=\"form-field-field_5d63c91\" class=\"elementor-field-label\">\n\t\t\t\t\t\t\t\tGelecek Perspektifiniz Nedir?\t\t\t\t\t\t\t<\/label>\n\t\t\t\t\t\t<textarea class=\"elementor-field-textual elementor-field  elementor-size-sm\" name=\"form_fields[field_5d63c91]\" id=\"form-field-field_5d63c91\" rows=\"3\" required=\"required\"><\/textarea>\t\t\t\t<\/div>\n\t\t\t\t\t\t\t\t<div class=\"elementor-field-type-textarea elementor-field-group elementor-column elementor-field-group-field_e854b93 elementor-col-50 elementor-field-required elementor-mark-required\">\n\t\t\t\t\t\t\t\t\t\t\t\t<label for=\"form-field-field_e854b93\" class=\"elementor-field-label\">\n\t\t\t\t\t\t\t\t\u015eirketinizdeki \u00c7al\u0131\u015fan Say\u0131s\u0131n\u0131 Belirtir Misiniz?\t\t\t\t\t\t\t<\/label>\n\t\t\t\t\t\t<textarea class=\"elementor-field-textual elementor-field  elementor-size-sm\" name=\"form_fields[field_e854b93]\" id=\"form-field-field_e854b93\" rows=\"3\" required=\"required\"><\/textarea>\t\t\t\t<\/div>\n\t\t\t\t\t\t\t\t<div class=\"elementor-field-type-textarea elementor-field-group elementor-column elementor-field-group-field_006c226 elementor-col-50 elementor-field-required elementor-mark-required\">\n\t\t\t\t\t\t\t\t\t\t\t\t<label for=\"form-field-field_006c226\" class=\"elementor-field-label\">\n\t\t\t\t\t\t\t\t\u015eirketlerin Faaliyet Alanlar\u0131 Nelerdir?\t\t\t\t\t\t\t<\/label>\n\t\t\t\t\t\t<textarea class=\"elementor-field-textual elementor-field  elementor-size-sm\" name=\"form_fields[field_006c226]\" id=\"form-field-field_006c226\" rows=\"3\" required=\"required\"><\/textarea>\t\t\t\t<\/div>\n\t\t\t\t\t\t\t\t<div class=\"elementor-field-group elementor-column elementor-field-type-submit elementor-col-100 e-form__buttons\">\n\t\t\t\t\t<button class=\"elementor-button elementor-size-sm\" type=\"submit\">\n\t\t\t\t\t\t<span class=\"elementor-button-content-wrapper\">\n\t\t\t\t\t\t\t\t\t\t\t\t\t\t\t\t\t\t\t\t\t\t<span class=\"elementor-button-text\">G\u00f6r\u00fc\u015fme Planla<\/span>\n\t\t\t\t\t\t\t\t\t\t\t\t\t<\/span>\n\t\t\t\t\t<\/button>\n\t\t\t\t<\/div>\n\t\t\t<\/div>\n\t\t<\/form>\n\t\t\t\t\t\t<\/div>\n\t\t\t\t<\/div>\n\t\t\t\t<\/div>\n\t\t\t\t\t<\/div>\n\t\t\t\t<\/div>\n\t\t\t\t<\/div>\n\t\t","protected":false},"excerpt":{"rendered":"<p>Kurumlar\u0131n yerel operasyonlarla yetinmedi\u011fi, uluslararas\u0131 avantajlardan yararlanarak yabanc\u0131 kurulu\u015flar\u0131n ve yabanc\u0131 \u00fclkelerin b\u00fcy\u00fcmesini desteklemek istedikleri bir ger\u00e7ektir. Bunun nedeni son y\u0131llarda d\u00fcnyada meydana gelen \u00f6nemli siyasi, ekonomik ve sosyal geli\u015fmelerdir. uluslararas\u0131 bir \u015firket. Artan k\u00fcresel rekabet g\u00fcc\u00fc nedeniyle \u00f6nceden pazarlama gereklidir. Ayr\u0131ca \u00fclke ve kurulu\u015flar\u0131n altyap\u0131 taleplerine yard\u0131mc\u0131 olmak amac\u0131yla uluslararas\u0131 finans kurulu\u015flar\u0131 kurulmu\u015ftur. \u00d6nemli [&hellip;]<\/p>\n","protected":false},"author":3,"featured_media":836,"parent":2149,"menu_order":6,"comment_status":"closed","ping_status":"closed","template":"","meta":{"iawp_total_views":8,"footnotes":""},"class_list":["post-2309","page","type-page","status-publish","has-post-thumbnail","hentry"],"_links":{"self":[{"href":"https:\/\/kandpconsultancy.com\/en\/wp-json\/wp\/v2\/pages\/2309","targetHints":{"allow":["GET"]}}],"collection":[{"href":"https:\/\/kandpconsultancy.com\/en\/wp-json\/wp\/v2\/pages"}],"about":[{"href":"https:\/\/kandpconsultancy.com\/en\/wp-json\/wp\/v2\/types\/page"}],"author":[{"embeddable":true,"href":"https:\/\/kandpconsultancy.com\/en\/wp-json\/wp\/v2\/users\/3"}],"replies":[{"embeddable":true,"href":"https:\/\/kandpconsultancy.com\/en\/wp-json\/wp\/v2\/comments?post=2309"}],"version-history":[{"count":0,"href":"https:\/\/kandpconsultancy.com\/en\/wp-json\/wp\/v2\/pages\/2309\/revisions"}],"up":[{"embeddable":true,"href":"https:\/\/kandpconsultancy.com\/en\/wp-json\/wp\/v2\/pages\/2149"}],"wp:featuredmedia":[{"embeddable":true,"href":"https:\/\/kandpconsultancy.com\/en\/wp-json\/wp\/v2\/media\/836"}],"wp:attachment":[{"href":"https:\/\/kandpconsultancy.com\/en\/wp-json\/wp\/v2\/media?parent=2309"}],"curies":[{"name":"wp","href":"https:\/\/api.w.org\/{rel}","templated":true}]}}