{"id":3331,"date":"2023-05-23T09:11:30","date_gmt":"2023-05-23T09:11:30","guid":{"rendered":"https:\/\/kandpconsultancy.com\/?page_id=3331"},"modified":"2023-09-17T13:00:55","modified_gmt":"2023-09-17T13:00:55","slug":"blog","status":"publish","type":"page","link":"https:\/\/kandpconsultancy.com\/en\/blog\/","title":{"rendered":"Blog"},"content":{"rendered":"<div data-elementor-type=\"wp-page\" data-elementor-id=\"3331\" class=\"elementor elementor-3331\" data-elementor-post-type=\"page\">\n\t\t\t\t<div class=\"elementor-element elementor-element-1f0b9a59 e-flex e-con-boxed e-con e-parent\" data-id=\"1f0b9a59\" data-element_type=\"container\" data-e-type=\"container\">\n\t\t\t\t\t<div class=\"e-con-inner\">\n\t\t<div class=\"elementor-element elementor-element-13598d70 e-con-full e-flex e-con e-child\" data-id=\"13598d70\" data-element_type=\"container\" data-e-type=\"container\">\n\t\t\t\t<div class=\"elementor-element elementor-element-5a88d7bb elementor-widget__width-initial elementor-widget elementor-widget-heading\" data-id=\"5a88d7bb\" data-element_type=\"widget\" data-e-type=\"widget\" data-widget_type=\"heading.default\">\n\t\t\t\t<div class=\"elementor-widget-container\">\n\t\t\t\t\t<h2 class=\"elementor-heading-title elementor-size-default\">Blog<\/h2>\t\t\t\t<\/div>\n\t\t\t\t<\/div>\n\t\t\t\t<\/div>\n\t\t\t\t\t<\/div>\n\t\t\t\t<\/div>\n\t\t<div class=\"elementor-element elementor-element-73615e49 e-con-full e-flex e-con e-parent\" data-id=\"73615e49\" data-element_type=\"container\" data-e-type=\"container\">\n\t\t\t\t<div class=\"elementor-element elementor-element-509175bf elementor-widget-divider--view-line elementor-widget elementor-widget-divider\" data-id=\"509175bf\" data-element_type=\"widget\" data-e-type=\"widget\" data-widget_type=\"divider.default\">\n\t\t\t\t<div class=\"elementor-widget-container\">\n\t\t\t\t\t\t\t<div class=\"elementor-divider\">\n\t\t\t<span class=\"elementor-divider-separator\">\n\t\t\t\t\t\t<\/span>\n\t\t<\/div>\n\t\t\t\t\t\t<\/div>\n\t\t\t\t<\/div>\n\t\t\t\t<\/div>\n\t\t<div class=\"elementor-element elementor-element-5b3afd4f e-flex e-con-boxed e-con e-parent\" data-id=\"5b3afd4f\" data-element_type=\"container\" data-e-type=\"container\">\n\t\t\t\t\t<div class=\"e-con-inner\">\n\t\t<div class=\"elementor-element elementor-element-6567a5f1 e-con-full e-flex e-con e-child\" data-id=\"6567a5f1\" data-element_type=\"container\" data-e-type=\"container\">\n\t\t\t\t<div class=\"elementor-element elementor-element-40f0acee elementor-position-top elementor-widget elementor-widget-image-box\" data-id=\"40f0acee\" data-element_type=\"widget\" data-e-type=\"widget\" data-widget_type=\"image-box.default\">\n\t\t\t\t<div class=\"elementor-widget-container\">\n\t\t\t\t\t<div class=\"elementor-image-box-wrapper\"><figure class=\"elementor-image-box-img\"><img fetchpriority=\"high\" decoding=\"async\" width=\"370\" height=\"270\" src=\"https:\/\/kandpconsultancy.com\/wp-content\/uploads\/2023\/05\/Finans.png\" class=\"attachment-full size-full wp-image-959\" alt=\"\" srcset=\"https:\/\/kandpconsultancy.com\/wp-content\/uploads\/2023\/05\/Finans.png 370w, https:\/\/kandpconsultancy.com\/wp-content\/uploads\/2023\/05\/Finans-300x219.png 300w\" sizes=\"(max-width: 370px) 100vw, 370px\" \/><\/figure><div class=\"elementor-image-box-content\"><h3 class=\"elementor-image-box-title\">Finance<\/h3><p class=\"elementor-image-box-description\">Discover the most effective way to achieve your financial goals with Karayel &amp; Partners. We offer you the best with our experience and knowledge.<\/p><\/div><\/div>\t\t\t\t<\/div>\n\t\t\t\t<\/div>\n\t\t\t\t<div class=\"elementor-element elementor-element-2eacb780 elementor-align-left elementor-widget elementor-widget-button\" data-id=\"2eacb780\" data-element_type=\"widget\" data-e-type=\"widget\" data-widget_type=\"button.default\">\n\t\t\t\t<div class=\"elementor-widget-container\">\n\t\t\t\t\t\t\t\t\t<div class=\"elementor-button-wrapper\">\n\t\t\t\t\t<a class=\"elementor-button elementor-button-link elementor-size-sm\" href=\"https:\/\/kandpconsultancy.com\/en\/blog-finance\/\">\n\t\t\t\t\t\t<span class=\"elementor-button-content-wrapper\">\n\t\t\t\t\t\t\t\t\t<span class=\"elementor-button-text\">Explore<\/span>\n\t\t\t\t\t<\/span>\n\t\t\t\t\t<\/a>\n\t\t\t\t<\/div>\n\t\t\t\t\t\t\t\t<\/div>\n\t\t\t\t<\/div>\n\t\t\t\t<\/div>\n\t\t<div class=\"elementor-element elementor-element-64e414f4 e-con-full e-flex e-con e-child\" data-id=\"64e414f4\" data-element_type=\"container\" data-e-type=\"container\">\n\t\t\t\t<div class=\"elementor-element elementor-element-1511a45b elementor-position-top elementor-widget elementor-widget-image-box\" data-id=\"1511a45b\" data-element_type=\"widget\" data-e-type=\"widget\" data-widget_type=\"image-box.default\">\n\t\t\t\t<div class=\"elementor-widget-container\">\n\t\t\t\t\t<div class=\"elementor-image-box-wrapper\"><figure class=\"elementor-image-box-img\"><img decoding=\"async\" width=\"370\" height=\"270\" src=\"https:\/\/kandpconsultancy.com\/wp-content\/uploads\/2023\/05\/Perakende.png\" class=\"attachment-full size-full wp-image-968\" alt=\"\" srcset=\"https:\/\/kandpconsultancy.com\/wp-content\/uploads\/2023\/05\/Perakende.png 370w, https:\/\/kandpconsultancy.com\/wp-content\/uploads\/2023\/05\/Perakende-300x219.png 300w\" sizes=\"(max-width: 370px) 100vw, 370px\" \/><\/figure><div class=\"elementor-image-box-content\"><h3 class=\"elementor-image-box-title\">Retail<\/h3><p class=\"elementor-image-box-description\">Seize opportunities in the competitive retail world and adapt quickly to technological changes with Karayel &amp; Partners.<\/p><\/div><\/div>\t\t\t\t<\/div>\n\t\t\t\t<\/div>\n\t\t\t\t<div class=\"elementor-element elementor-element-5046e910 elementor-align-left elementor-widget elementor-widget-button\" data-id=\"5046e910\" data-element_type=\"widget\" data-e-type=\"widget\" data-widget_type=\"button.default\">\n\t\t\t\t<div class=\"elementor-widget-container\">\n\t\t\t\t\t\t\t\t\t<div class=\"elementor-button-wrapper\">\n\t\t\t\t\t<a class=\"elementor-button elementor-button-link elementor-size-sm\" href=\"https:\/\/kandpconsultancy.com\/en\/blog-finance\/\">\n\t\t\t\t\t\t<span class=\"elementor-button-content-wrapper\">\n\t\t\t\t\t\t\t\t\t<span class=\"elementor-button-text\">Explore<\/span>\n\t\t\t\t\t<\/span>\n\t\t\t\t\t<\/a>\n\t\t\t\t<\/div>\n\t\t\t\t\t\t\t\t<\/div>\n\t\t\t\t<\/div>\n\t\t\t\t<\/div>\n\t\t<div class=\"elementor-element elementor-element-210ee29b e-con-full e-flex e-con e-child\" data-id=\"210ee29b\" data-element_type=\"container\" data-e-type=\"container\">\n\t\t\t\t<div class=\"elementor-element elementor-element-69516f93 elementor-position-top elementor-widget elementor-widget-image-box\" data-id=\"69516f93\" data-element_type=\"widget\" data-e-type=\"widget\" data-widget_type=\"image-box.default\">\n\t\t\t\t<div class=\"elementor-widget-container\">\n\t\t\t\t\t<div class=\"elementor-image-box-wrapper\"><figure class=\"elementor-image-box-img\"><img decoding=\"async\" width=\"370\" height=\"270\" src=\"https:\/\/kandpconsultancy.com\/wp-content\/uploads\/2023\/05\/Insaat-ve-Muhendislik.png\" class=\"attachment-full size-full wp-image-972\" alt=\"\" srcset=\"https:\/\/kandpconsultancy.com\/wp-content\/uploads\/2023\/05\/Insaat-ve-Muhendislik.png 370w, https:\/\/kandpconsultancy.com\/wp-content\/uploads\/2023\/05\/Insaat-ve-Muhendislik-300x219.png 300w\" sizes=\"(max-width: 370px) 100vw, 370px\" \/><\/figure><div class=\"elementor-image-box-content\"><h3 class=\"elementor-image-box-title\">Construction and Engineering<\/h3><p class=\"elementor-image-box-description\">Integrate success into your projects with Karayel &amp; Partners' experienced engineers and consultants.<\/p><\/div><\/div>\t\t\t\t<\/div>\n\t\t\t\t<\/div>\n\t\t\t\t<div class=\"elementor-element elementor-element-70fbadd9 elementor-align-left elementor-widget elementor-widget-button\" data-id=\"70fbadd9\" data-element_type=\"widget\" data-e-type=\"widget\" data-widget_type=\"button.default\">\n\t\t\t\t<div class=\"elementor-widget-container\">\n\t\t\t\t\t\t\t\t\t<div class=\"elementor-button-wrapper\">\n\t\t\t\t\t<a class=\"elementor-button elementor-button-link elementor-size-sm\" href=\"https:\/\/kandpconsultancy.com\/en\/blog-finance\/\">\n\t\t\t\t\t\t<span class=\"elementor-button-content-wrapper\">\n\t\t\t\t\t\t\t\t\t<span class=\"elementor-button-text\">Explore<\/span>\n\t\t\t\t\t<\/span>\n\t\t\t\t\t<\/a>\n\t\t\t\t<\/div>\n\t\t\t\t\t\t\t\t<\/div>\n\t\t\t\t<\/div>\n\t\t\t\t<\/div>\n\t\t<div class=\"elementor-element elementor-element-188cdd89 e-con-full e-flex e-con e-child\" data-id=\"188cdd89\" data-element_type=\"container\" data-e-type=\"container\">\n\t\t\t\t<div class=\"elementor-element elementor-element-3d9d3dc0 elementor-position-top elementor-widget elementor-widget-image-box\" data-id=\"3d9d3dc0\" data-element_type=\"widget\" data-e-type=\"widget\" data-widget_type=\"image-box.default\">\n\t\t\t\t<div class=\"elementor-widget-container\">\n\t\t\t\t\t<div class=\"elementor-image-box-wrapper\"><figure class=\"elementor-image-box-img\"><img loading=\"lazy\" decoding=\"async\" width=\"370\" height=\"270\" src=\"https:\/\/kandpconsultancy.com\/wp-content\/uploads\/2023\/05\/Gayrimenkul-Gelistirme-ve-Gayrimenkul-Yatirim.png\" class=\"attachment-full size-full wp-image-971\" alt=\"\" srcset=\"https:\/\/kandpconsultancy.com\/wp-content\/uploads\/2023\/05\/Gayrimenkul-Gelistirme-ve-Gayrimenkul-Yatirim.png 370w, https:\/\/kandpconsultancy.com\/wp-content\/uploads\/2023\/05\/Gayrimenkul-Gelistirme-ve-Gayrimenkul-Yatirim-300x219.png 300w\" sizes=\"(max-width: 370px) 100vw, 370px\" \/><\/figure><div class=\"elementor-image-box-content\"><h3 class=\"elementor-image-box-title\">Real Estate Development and Real Estate Investment<\/h3><p class=\"elementor-image-box-description\">Set sail with Karayel &amp; Partners' expert engineering staff to deliver your real estate projects to a safe harbor.<\/p><\/div><\/div>\t\t\t\t<\/div>\n\t\t\t\t<\/div>\n\t\t\t\t<div class=\"elementor-element elementor-element-36e9c5e4 elementor-align-left elementor-widget elementor-widget-button\" data-id=\"36e9c5e4\" data-element_type=\"widget\" data-e-type=\"widget\" data-widget_type=\"button.default\">\n\t\t\t\t<div class=\"elementor-widget-container\">\n\t\t\t\t\t\t\t\t\t<div class=\"elementor-button-wrapper\">\n\t\t\t\t\t<a class=\"elementor-button elementor-button-link elementor-size-sm\" href=\"https:\/\/kandpconsultancy.com\/en\/blog-finance\/\">\n\t\t\t\t\t\t<span class=\"elementor-button-content-wrapper\">\n\t\t\t\t\t\t\t\t\t<span class=\"elementor-button-text\">Explore<\/span>\n\t\t\t\t\t<\/span>\n\t\t\t\t\t<\/a>\n\t\t\t\t<\/div>\n\t\t\t\t\t\t\t\t<\/div>\n\t\t\t\t<\/div>\n\t\t\t\t<\/div>\n\t\t<div class=\"elementor-element elementor-element-2164819e e-con-full e-flex e-con e-child\" data-id=\"2164819e\" data-element_type=\"container\" data-e-type=\"container\">\n\t\t\t\t<div class=\"elementor-element elementor-element-34310e72 elementor-position-top elementor-widget elementor-widget-image-box\" data-id=\"34310e72\" data-element_type=\"widget\" data-e-type=\"widget\" data-widget_type=\"image-box.default\">\n\t\t\t\t<div class=\"elementor-widget-container\">\n\t\t\t\t\t<div class=\"elementor-image-box-wrapper\"><figure class=\"elementor-image-box-img\"><img loading=\"lazy\" decoding=\"async\" width=\"370\" height=\"270\" src=\"https:\/\/kandpconsultancy.com\/wp-content\/uploads\/2023\/05\/Kimya.png\" class=\"attachment-full size-full wp-image-970\" alt=\"\" srcset=\"https:\/\/kandpconsultancy.com\/wp-content\/uploads\/2023\/05\/Kimya.png 370w, https:\/\/kandpconsultancy.com\/wp-content\/uploads\/2023\/05\/Kimya-300x219.png 300w\" sizes=\"(max-width: 370px) 100vw, 370px\" \/><\/figure><div class=\"elementor-image-box-content\"><h3 class=\"elementor-image-box-title\">Chemistry <\/h3><p class=\"elementor-image-box-description\">Challenge the challenges of the chemical market. Discover reliable, fair and effective solutions with Karayel &amp; Partners.<\/p><\/div><\/div>\t\t\t\t<\/div>\n\t\t\t\t<\/div>\n\t\t\t\t<div class=\"elementor-element elementor-element-743458d0 elementor-align-left elementor-widget elementor-widget-button\" data-id=\"743458d0\" data-element_type=\"widget\" data-e-type=\"widget\" data-widget_type=\"button.default\">\n\t\t\t\t<div class=\"elementor-widget-container\">\n\t\t\t\t\t\t\t\t\t<div class=\"elementor-button-wrapper\">\n\t\t\t\t\t<a class=\"elementor-button elementor-button-link elementor-size-sm\" href=\"https:\/\/kandpconsultancy.com\/en\/blog-finance\/\">\n\t\t\t\t\t\t<span class=\"elementor-button-content-wrapper\">\n\t\t\t\t\t\t\t\t\t<span class=\"elementor-button-text\">Explore<\/span>\n\t\t\t\t\t<\/span>\n\t\t\t\t\t<\/a>\n\t\t\t\t<\/div>\n\t\t\t\t\t\t\t\t<\/div>\n\t\t\t\t<\/div>\n\t\t\t\t<\/div>\n\t\t<div class=\"elementor-element elementor-element-6b6753a e-con-full e-flex e-con e-child\" data-id=\"6b6753a\" data-element_type=\"container\" data-e-type=\"container\">\n\t\t\t\t<div class=\"elementor-element elementor-element-1d805324 elementor-position-top elementor-widget elementor-widget-image-box\" data-id=\"1d805324\" data-element_type=\"widget\" data-e-type=\"widget\" data-widget_type=\"image-box.default\">\n\t\t\t\t<div class=\"elementor-widget-container\">\n\t\t\t\t\t<div class=\"elementor-image-box-wrapper\"><figure class=\"elementor-image-box-img\"><img loading=\"lazy\" decoding=\"async\" width=\"370\" height=\"270\" src=\"https:\/\/kandpconsultancy.com\/wp-content\/uploads\/2023\/05\/Bilisim-Teknolojileri-1.png\" class=\"attachment-full size-full wp-image-969\" alt=\"\" srcset=\"https:\/\/kandpconsultancy.com\/wp-content\/uploads\/2023\/05\/Bilisim-Teknolojileri-1.png 370w, https:\/\/kandpconsultancy.com\/wp-content\/uploads\/2023\/05\/Bilisim-Teknolojileri-1-300x219.png 300w\" sizes=\"(max-width: 370px) 100vw, 370px\" \/><\/figure><div class=\"elementor-image-box-content\"><h3 class=\"elementor-image-box-title\">Information Technologies<\/h3><p class=\"elementor-image-box-description\">Master technology with Karayel &amp; Partners. Renew your systems and take a step forward in the IT world.<\/p><\/div><\/div>\t\t\t\t<\/div>\n\t\t\t\t<\/div>\n\t\t\t\t<div class=\"elementor-element elementor-element-ea931bc elementor-align-left elementor-widget elementor-widget-button\" data-id=\"ea931bc\" data-element_type=\"widget\" data-e-type=\"widget\" data-widget_type=\"button.default\">\n\t\t\t\t<div class=\"elementor-widget-container\">\n\t\t\t\t\t\t\t\t\t<div class=\"elementor-button-wrapper\">\n\t\t\t\t\t<a class=\"elementor-button elementor-button-link elementor-size-sm\" href=\"https:\/\/kandpconsultancy.com\/en\/blog-finance\/\">\n\t\t\t\t\t\t<span class=\"elementor-button-content-wrapper\">\n\t\t\t\t\t\t\t\t\t<span class=\"elementor-button-text\">Explore<\/span>\n\t\t\t\t\t<\/span>\n\t\t\t\t\t<\/a>\n\t\t\t\t<\/div>\n\t\t\t\t\t\t\t\t<\/div>\n\t\t\t\t<\/div>\n\t\t\t\t<\/div>\n\t\t\t\t\t<\/div>\n\t\t\t\t<\/div>\n\t\t\t\t<\/div>","protected":false},"excerpt":{"rendered":"<p>Blog Finans Karayel &#038; Partners ile finansal hedeflerinize ula\u015fman\u0131n en etkin yolunu ke\u015ffedin. Tecr\u00fcbe ve bilgimizle size en iyisini sunuyoruz. Ke\u015ffet Perakende Karayel &#038; Partners ile rekabet\u00e7i perakende d\u00fcnyas\u0131nda f\u0131rsatlar\u0131 yakalay\u0131n ve teknolojik de\u011fi\u015fimlere h\u0131zl\u0131ca uyum sa\u011flay\u0131n. Ke\u015ffet \u0130n\u015faat ve M\u00fchendislik Karayel &#038; Partners&#8217;\u0131n deneyimli m\u00fchendisleri ve dan\u0131\u015fmanlar\u0131 ile projelerinizde ba\u015far\u0131ya entegre olun. Ke\u015ffet Gayrimenkul [&hellip;]<\/p>\n","protected":false},"author":3,"featured_media":0,"parent":0,"menu_order":0,"comment_status":"closed","ping_status":"closed","template":"elementor_header_footer","meta":{"iawp_total_views":0,"footnotes":""},"class_list":["post-3331","page","type-page","status-publish","hentry"],"_links":{"self":[{"href":"https:\/\/kandpconsultancy.com\/en\/wp-json\/wp\/v2\/pages\/3331","targetHints":{"allow":["GET"]}}],"collection":[{"href":"https:\/\/kandpconsultancy.com\/en\/wp-json\/wp\/v2\/pages"}],"about":[{"href":"https:\/\/kandpconsultancy.com\/en\/wp-json\/wp\/v2\/types\/page"}],"author":[{"embeddable":true,"href":"https:\/\/kandpconsultancy.com\/en\/wp-json\/wp\/v2\/users\/3"}],"replies":[{"embeddable":true,"href":"https:\/\/kandpconsultancy.com\/en\/wp-json\/wp\/v2\/comments?post=3331"}],"version-history":[{"count":0,"href":"https:\/\/kandpconsultancy.com\/en\/wp-json\/wp\/v2\/pages\/3331\/revisions"}],"wp:attachment":[{"href":"https:\/\/kandpconsultancy.com\/en\/wp-json\/wp\/v2\/media?parent=3331"}],"curies":[{"name":"wp","href":"https:\/\/api.w.org\/{rel}","templated":true}]}}