{"id":4367,"date":"2023-07-08T09:13:50","date_gmt":"2023-07-08T09:13:50","guid":{"rendered":"https:\/\/kandpconsultancy.com\/?page_id=4367"},"modified":"2023-09-17T14:30:43","modified_gmt":"2023-09-17T14:30:43","slug":"international-raw-material-trade","status":"publish","type":"page","link":"https:\/\/kandpconsultancy.com\/en\/services\/international-raw-material-trade\/","title":{"rendered":"International Raw Material Trade"},"content":{"rendered":"\t\t<div data-elementor-type=\"wp-page\" data-elementor-id=\"4367\" class=\"elementor elementor-4367\" data-elementor-post-type=\"page\">\n\t\t\t\t<div class=\"elementor-element elementor-element-26af4dc4 e-flex e-con-boxed e-con e-parent\" data-id=\"26af4dc4\" data-element_type=\"container\" data-e-type=\"container\">\n\t\t\t\t\t<div class=\"e-con-inner\">\n\t\t\t\t<div class=\"elementor-element elementor-element-7816703f elementor-widget elementor-widget-heading\" data-id=\"7816703f\" data-element_type=\"widget\" data-e-type=\"widget\" data-widget_type=\"heading.default\">\n\t\t\t\t<div class=\"elementor-widget-container\">\n\t\t\t\t\t<h2 class=\"elementor-heading-title elementor-size-default\">Uluslararas\u0131 Hammadde Ticareti<\/h2>\t\t\t\t<\/div>\n\t\t\t\t<\/div>\n\t\t\t\t\t<\/div>\n\t\t\t\t<\/div>\n\t\t<div class=\"elementor-element elementor-element-52ef6163 e-flex e-con-boxed e-con e-parent\" data-id=\"52ef6163\" data-element_type=\"container\" data-e-type=\"container\">\n\t\t\t\t\t<div class=\"e-con-inner\">\n\t\t<div class=\"elementor-element elementor-element-7e8b744e e-flex e-con-boxed e-con e-child\" data-id=\"7e8b744e\" data-element_type=\"container\" data-e-type=\"container\">\n\t\t\t\t\t<div class=\"e-con-inner\">\n\t\t\t\t<div class=\"elementor-element elementor-element-52d4505a elementor-widget elementor-widget-image\" data-id=\"52d4505a\" data-element_type=\"widget\" data-e-type=\"widget\" data-widget_type=\"image.default\">\n\t\t\t\t<div class=\"elementor-widget-container\">\n\t\t\t\t\t\t\t\t\t\t\t\t\t\t\t<img fetchpriority=\"high\" decoding=\"async\" width=\"2000\" height=\"667\" src=\"https:\/\/kandpconsultancy.com\/wp-content\/uploads\/2023\/08\/modern-bedroom-design.jpg\" class=\"attachment-full size-full wp-image-4513\" alt=\"\" srcset=\"https:\/\/kandpconsultancy.com\/wp-content\/uploads\/2023\/08\/modern-bedroom-design.jpg 2000w, https:\/\/kandpconsultancy.com\/wp-content\/uploads\/2023\/08\/modern-bedroom-design-300x100.jpg 300w, https:\/\/kandpconsultancy.com\/wp-content\/uploads\/2023\/08\/modern-bedroom-design-1024x342.jpg 1024w, https:\/\/kandpconsultancy.com\/wp-content\/uploads\/2023\/08\/modern-bedroom-design-768x256.jpg 768w, https:\/\/kandpconsultancy.com\/wp-content\/uploads\/2023\/08\/modern-bedroom-design-1536x512.jpg 1536w\" sizes=\"(max-width: 2000px) 100vw, 2000px\" \/>\t\t\t\t\t\t\t\t\t\t\t\t\t\t\t<\/div>\n\t\t\t\t<\/div>\n\t\t\t\t\t<\/div>\n\t\t\t\t<\/div>\n\t\t\t\t<div class=\"elementor-element elementor-element-48e383fc elementor-widget elementor-widget-text-editor\" data-id=\"48e383fc\" data-element_type=\"widget\" data-e-type=\"widget\" data-widget_type=\"text-editor.default\">\n\t\t\t\t<div class=\"elementor-widget-container\">\n\t\t\t\t\t\t\t\t\t<p><span style=\"font-weight: 400;\">Hammadde al\u0131m sat\u0131m hizmetlerimizle m\u00fc\u015fteri memnuniyetini en \u00fcst seviyede tutarak sat\u0131n alma s\u00fcre\u00e7lerinizde do\u011fru prosed\u00fcrleri takip etmenizi sa\u011flamaktay\u0131z.<\/span><b> \u2018K &amp; P Consultancy\u2019<\/b><span style=\"font-weight: 400;\"> disiplinli ve uzman ekibimizle piyasay\u0131 yak\u0131ndan takip eden \u00e7evik ekibimiz sayesinde her zaman piyasan\u0131n durumunu kontrol ediyoruz. Tedarik\u00e7ilerden gelen \u00fcr\u00fcnleri tarif eden dok\u00fcmanlar\u0131 de\u011ferlendiriyor ve uygun oldu\u011funu tespit edersek sat\u0131n alma s\u00fcre\u00e7lerine ba\u015fl\u0131yoruz. Etkinlik ve dayan\u0131kl\u0131l\u0131ktan asla \u00f6d\u00fcn vermeyiz. \u015eu anda, \u00fcretim maliyetlerini optimum seviyelere getirecek yenilik\u00e7i \u00e7\u00f6z\u00fcmler belirlemek i\u00e7in \u00e7e\u015fitli tedarik kanallar\u0131n\u0131 ara\u015ft\u0131r\u0131yoruz. \u00d6nce t\u00fcketici isteklerini topluyoruz, ard\u0131ndan \u00fcreticilerle g\u00f6r\u00fc\u015fmelere ba\u015fl\u0131yoruz ve son olarak da el s\u0131k\u0131\u015ft\u0131ktan sonra sat\u0131n alma i\u015flemini tamaml\u0131yoruz.<\/span><\/p>\t\t\t\t\t\t\t\t<\/div>\n\t\t\t\t<\/div>\n\t\t\t\t\t<\/div>\n\t\t\t\t<\/div>\n\t\t<div class=\"elementor-element elementor-element-b109c7d e-flex e-con-boxed e-con e-parent\" data-id=\"b109c7d\" data-element_type=\"container\" data-e-type=\"container\" data-settings=\"{&quot;background_background&quot;:&quot;classic&quot;}\">\n\t\t\t\t\t<div class=\"e-con-inner\">\n\t\t<div class=\"elementor-element elementor-element-db40549 e-con-full e-flex e-con e-child\" data-id=\"db40549\" data-element_type=\"container\" data-e-type=\"container\">\n\t\t\t\t<div class=\"elementor-element elementor-element-016980b elementor-widget elementor-widget-image\" data-id=\"016980b\" data-element_type=\"widget\" data-e-type=\"widget\" data-widget_type=\"image.default\">\n\t\t\t\t<div class=\"elementor-widget-container\">\n\t\t\t\t\t\t\t\t\t\t\t\t\t\t\t<img decoding=\"async\" width=\"1200\" height=\"1200\" src=\"https:\/\/kandpconsultancy.com\/wp-content\/uploads\/2023\/05\/Finans.gif\" class=\"attachment-full size-full wp-image-3266\" alt=\"\" \/>\t\t\t\t\t\t\t\t\t\t\t\t\t\t\t<\/div>\n\t\t\t\t<\/div>\n\t\t\t\t<\/div>\n\t\t<div class=\"elementor-element elementor-element-93e37d5 e-con-full e-flex e-con e-child\" data-id=\"93e37d5\" data-element_type=\"container\" data-e-type=\"container\">\n\t\t\t\t<div class=\"elementor-element elementor-element-0bd3824 elementor-widget elementor-widget-heading\" data-id=\"0bd3824\" data-element_type=\"widget\" data-e-type=\"widget\" data-widget_type=\"heading.default\">\n\t\t\t\t<div class=\"elementor-widget-container\">\n\t\t\t\t\t<h2 class=\"elementor-heading-title elementor-size-default\">Yat\u0131r\u0131mlar\u0131n\u0131z\u0131 De\u011ferlendirin<\/h2>\t\t\t\t<\/div>\n\t\t\t\t<\/div>\n\t\t\t\t<div class=\"elementor-element elementor-element-a339600 elementor-widget elementor-widget-text-editor\" data-id=\"a339600\" data-element_type=\"widget\" data-e-type=\"widget\" data-widget_type=\"text-editor.default\">\n\t\t\t\t<div class=\"elementor-widget-container\">\n\t\t\t\t\t\t\t\t\t<p>Yat\u0131r\u0131mlar\u0131n\u0131z\u0131 en iyi \u015fekilde de\u011ferlendirmeniz i\u00e7in uzmanl\u0131\u011f\u0131m\u0131zdan yararlan\u0131n. Do\u011fru yat\u0131r\u0131m stratejileriyle karl\u0131l\u0131\u011f\u0131n\u0131z\u0131 art\u0131r\u0131n.<\/p>\t\t\t\t\t\t\t\t<\/div>\n\t\t\t\t<\/div>\n\t\t\t\t<\/div>\n\t\t\t\t\t<\/div>\n\t\t\t\t<\/div>\n\t\t<div class=\"elementor-element elementor-element-96fdb31 e-flex e-con-boxed e-con e-parent\" data-id=\"96fdb31\" data-element_type=\"container\" data-e-type=\"container\" data-settings=\"{&quot;background_background&quot;:&quot;classic&quot;}\">\n\t\t\t\t\t<div class=\"e-con-inner\">\n\t\t<div class=\"elementor-element elementor-element-f4ee584 e-con-full e-flex e-con e-child\" data-id=\"f4ee584\" data-element_type=\"container\" data-e-type=\"container\">\n\t\t\t\t<div class=\"elementor-element elementor-element-a9802a9 elementor-button-align-stretch elementor-widget elementor-widget-form\" data-id=\"a9802a9\" data-element_type=\"widget\" data-e-type=\"widget\" data-settings=\"{&quot;step_next_label&quot;:&quot;Next&quot;,&quot;step_previous_label&quot;:&quot;Previous&quot;,&quot;button_width&quot;:&quot;100&quot;,&quot;step_type&quot;:&quot;number_text&quot;,&quot;step_icon_shape&quot;:&quot;circle&quot;}\" data-widget_type=\"form.default\">\n\t\t\t\t<div class=\"elementor-widget-container\">\n\t\t\t\t\t\t\t<form class=\"elementor-form\" method=\"post\" name=\"G\u00f6r\u00fc\u015fme Planla Form\">\n\t\t\t<input type=\"hidden\" name=\"post_id\" value=\"4367\"\/>\n\t\t\t<input type=\"hidden\" name=\"form_id\" value=\"a9802a9\"\/>\n\t\t\t<input type=\"hidden\" name=\"referer_title\" value=\"Uluslararas\u0131 Hammadde Ticareti\" \/>\n\n\t\t\t\t\t\t\t<input type=\"hidden\" name=\"queried_id\" value=\"4367\"\/>\n\t\t\t\n\t\t\t<div class=\"elementor-form-fields-wrapper elementor-labels-above\">\n\t\t\t\t\t\t\t\t<div class=\"elementor-field-type-text elementor-field-group elementor-column elementor-field-group-name elementor-col-50 elementor-field-required elementor-mark-required\">\n\t\t\t\t\t\t\t\t\t\t\t\t<label for=\"form-field-name\" class=\"elementor-field-label\">\n\t\t\t\t\t\t\t\t\u0130sim\t\t\t\t\t\t\t<\/label>\n\t\t\t\t\t\t\t\t\t\t\t\t\t\t<input size=\"1\" type=\"text\" name=\"form_fields[name]\" id=\"form-field-name\" class=\"elementor-field elementor-size-sm  elementor-field-textual\" required=\"required\">\n\t\t\t\t\t\t\t\t\t\t\t<\/div>\n\t\t\t\t\t\t\t\t<div class=\"elementor-field-type-email elementor-field-group elementor-column elementor-field-group-field_8bd9833 elementor-col-50 elementor-field-required elementor-mark-required\">\n\t\t\t\t\t\t\t\t\t\t\t\t<label for=\"form-field-field_8bd9833\" class=\"elementor-field-label\">\n\t\t\t\t\t\t\t\tEposta\t\t\t\t\t\t\t<\/label>\n\t\t\t\t\t\t\t\t\t\t\t\t\t\t<input size=\"1\" type=\"email\" name=\"form_fields[field_8bd9833]\" id=\"form-field-field_8bd9833\" class=\"elementor-field elementor-size-sm  elementor-field-textual\" required=\"required\">\n\t\t\t\t\t\t\t\t\t\t\t<\/div>\n\t\t\t\t\t\t\t\t<div class=\"elementor-field-type-textarea elementor-field-group elementor-column elementor-field-group-field_5d63c91 elementor-col-50 elementor-field-required elementor-mark-required\">\n\t\t\t\t\t\t\t\t\t\t\t\t<label for=\"form-field-field_5d63c91\" class=\"elementor-field-label\">\n\t\t\t\t\t\t\t\tGelecek Perspektifiniz Nedir?\t\t\t\t\t\t\t<\/label>\n\t\t\t\t\t\t<textarea class=\"elementor-field-textual elementor-field  elementor-size-sm\" name=\"form_fields[field_5d63c91]\" id=\"form-field-field_5d63c91\" rows=\"3\" required=\"required\"><\/textarea>\t\t\t\t<\/div>\n\t\t\t\t\t\t\t\t<div class=\"elementor-field-type-textarea elementor-field-group elementor-column elementor-field-group-field_e854b93 elementor-col-50 elementor-field-required elementor-mark-required\">\n\t\t\t\t\t\t\t\t\t\t\t\t<label for=\"form-field-field_e854b93\" class=\"elementor-field-label\">\n\t\t\t\t\t\t\t\t\u015eirketinizdeki \u00c7al\u0131\u015fan Say\u0131s\u0131n\u0131 Belirtir Misiniz?\t\t\t\t\t\t\t<\/label>\n\t\t\t\t\t\t<textarea class=\"elementor-field-textual elementor-field  elementor-size-sm\" name=\"form_fields[field_e854b93]\" id=\"form-field-field_e854b93\" rows=\"3\" required=\"required\"><\/textarea>\t\t\t\t<\/div>\n\t\t\t\t\t\t\t\t<div class=\"elementor-field-type-textarea elementor-field-group elementor-column elementor-field-group-field_006c226 elementor-col-50 elementor-field-required elementor-mark-required\">\n\t\t\t\t\t\t\t\t\t\t\t\t<label for=\"form-field-field_006c226\" class=\"elementor-field-label\">\n\t\t\t\t\t\t\t\t\u015eirketlerin Faaliyet Alanlar\u0131 Nelerdir?\t\t\t\t\t\t\t<\/label>\n\t\t\t\t\t\t<textarea class=\"elementor-field-textual elementor-field  elementor-size-sm\" name=\"form_fields[field_006c226]\" id=\"form-field-field_006c226\" rows=\"3\" required=\"required\"><\/textarea>\t\t\t\t<\/div>\n\t\t\t\t\t\t\t\t<div class=\"elementor-field-group elementor-column elementor-field-type-submit elementor-col-100 e-form__buttons\">\n\t\t\t\t\t<button class=\"elementor-button elementor-size-sm\" type=\"submit\">\n\t\t\t\t\t\t<span class=\"elementor-button-content-wrapper\">\n\t\t\t\t\t\t\t\t\t\t\t\t\t\t\t\t\t\t\t\t\t\t<span class=\"elementor-button-text\">G\u00f6r\u00fc\u015fme Planla<\/span>\n\t\t\t\t\t\t\t\t\t\t\t\t\t<\/span>\n\t\t\t\t\t<\/button>\n\t\t\t\t<\/div>\n\t\t\t<\/div>\n\t\t<\/form>\n\t\t\t\t\t\t<\/div>\n\t\t\t\t<\/div>\n\t\t\t\t<\/div>\n\t\t\t\t\t<\/div>\n\t\t\t\t<\/div>\n\t\t\t\t<\/div>\n\t\t","protected":false},"excerpt":{"rendered":"<p>Hammadde al\u0131m sat\u0131m hizmetlerimizle m\u00fc\u015fteri memnuniyetini en \u00fcst seviyede tutarak sat\u0131n alma s\u00fcre\u00e7lerinizde do\u011fru prosed\u00fcrleri takip etmenizi sa\u011flamaktay\u0131z. \u2018K &amp; P Consultancy\u2019 disiplinli ve uzman ekibimizle piyasay\u0131 yak\u0131ndan takip eden \u00e7evik ekibimiz sayesinde her zaman piyasan\u0131n durumunu kontrol ediyoruz. Tedarik\u00e7ilerden gelen \u00fcr\u00fcnleri tarif eden dok\u00fcmanlar\u0131 de\u011ferlendiriyor ve uygun oldu\u011funu tespit edersek sat\u0131n alma s\u00fcre\u00e7lerine ba\u015fl\u0131yoruz. [&hellip;]<\/p>\n","protected":false},"author":3,"featured_media":838,"parent":2149,"menu_order":4,"comment_status":"closed","ping_status":"closed","template":"","meta":{"iawp_total_views":1,"footnotes":""},"class_list":["post-4367","page","type-page","status-publish","has-post-thumbnail","hentry"],"_links":{"self":[{"href":"https:\/\/kandpconsultancy.com\/en\/wp-json\/wp\/v2\/pages\/4367","targetHints":{"allow":["GET"]}}],"collection":[{"href":"https:\/\/kandpconsultancy.com\/en\/wp-json\/wp\/v2\/pages"}],"about":[{"href":"https:\/\/kandpconsultancy.com\/en\/wp-json\/wp\/v2\/types\/page"}],"author":[{"embeddable":true,"href":"https:\/\/kandpconsultancy.com\/en\/wp-json\/wp\/v2\/users\/3"}],"replies":[{"embeddable":true,"href":"https:\/\/kandpconsultancy.com\/en\/wp-json\/wp\/v2\/comments?post=4367"}],"version-history":[{"count":0,"href":"https:\/\/kandpconsultancy.com\/en\/wp-json\/wp\/v2\/pages\/4367\/revisions"}],"up":[{"embeddable":true,"href":"https:\/\/kandpconsultancy.com\/en\/wp-json\/wp\/v2\/pages\/2149"}],"wp:featuredmedia":[{"embeddable":true,"href":"https:\/\/kandpconsultancy.com\/en\/wp-json\/wp\/v2\/media\/838"}],"wp:attachment":[{"href":"https:\/\/kandpconsultancy.com\/en\/wp-json\/wp\/v2\/media?parent=4367"}],"curies":[{"name":"wp","href":"https:\/\/api.w.org\/{rel}","templated":true}]}}