{"id":5728,"date":"2023-11-28T07:08:12","date_gmt":"2023-11-28T07:08:12","guid":{"rendered":"https:\/\/kandpconsultancy.com\/?page_id=5728"},"modified":"2023-11-28T12:12:48","modified_gmt":"2023-11-28T12:12:48","slug":"finance-sector","status":"publish","type":"page","link":"https:\/\/kandpconsultancy.com\/en\/reports\/finance-sector\/","title":{"rendered":"Finance Sector"},"content":{"rendered":"<div data-elementor-type=\"wp-page\" data-elementor-id=\"5728\" class=\"elementor elementor-5728\" data-elementor-post-type=\"page\">\n\t\t\t\t<div class=\"elementor-element elementor-element-fe3be0 e-flex e-con-boxed e-con e-parent\" data-id=\"fe3be0\" data-element_type=\"container\" data-e-type=\"container\">\n\t\t\t\t\t<div class=\"e-con-inner\">\n\t\t\t\t<div class=\"elementor-element elementor-element-4cfbb32 elementor-widget__width-initial elementor-widget elementor-widget-heading\" data-id=\"4cfbb32\" data-element_type=\"widget\" data-e-type=\"widget\" data-widget_type=\"heading.default\">\n\t\t\t\t<div class=\"elementor-widget-container\">\n\t\t\t\t\t<h2 class=\"elementor-heading-title elementor-size-default\">Finance Sector<\/h2>\t\t\t\t<\/div>\n\t\t\t\t<\/div>\n\t\t\t\t<div class=\"elementor-element elementor-element-1dcc08f elementor-button-info yanip_sonen_buton elementor-widget elementor-widget-button\" data-id=\"1dcc08f\" data-element_type=\"widget\" data-e-type=\"widget\" data-widget_type=\"button.default\">\n\t\t\t\t<div class=\"elementor-widget-container\">\n\t\t\t\t\t\t\t\t\t<div class=\"elementor-button-wrapper\">\n\t\t\t\t\t<a class=\"elementor-button elementor-button-link elementor-size-sm\" href=\"https:\/\/kandpconsultancy.com\/en\/tr\/contact\/\">\n\t\t\t\t\t\t<span class=\"elementor-button-content-wrapper\">\n\t\t\t\t\t\t\t\t\t<span class=\"elementor-button-text\">Discover the Full Version!<\/span>\n\t\t\t\t\t<\/span>\n\t\t\t\t\t<\/a>\n\t\t\t\t<\/div>\n\t\t\t\t\t\t\t\t<\/div>\n\t\t\t\t<\/div>\n\t\t\t\t\t<\/div>\n\t\t\t\t<\/div>\n\t\t<div class=\"elementor-element elementor-element-13b25424 e-con-full e-flex e-con e-parent\" data-id=\"13b25424\" data-element_type=\"container\" data-e-type=\"container\">\n\t\t\t\t<div class=\"elementor-element elementor-element-2a2e4a4 elementor-widget-divider--view-line elementor-widget elementor-widget-divider\" data-id=\"2a2e4a4\" data-element_type=\"widget\" data-e-type=\"widget\" data-widget_type=\"divider.default\">\n\t\t\t\t<div class=\"elementor-widget-container\">\n\t\t\t\t\t\t\t<div class=\"elementor-divider\">\n\t\t\t<span class=\"elementor-divider-separator\">\n\t\t\t\t\t\t<\/span>\n\t\t<\/div>\n\t\t\t\t\t\t<\/div>\n\t\t\t\t<\/div>\n\t\t\t\t<\/div>\n\t\t<div class=\"elementor-element elementor-element-5fe85803 e-flex e-con-boxed e-con e-parent\" data-id=\"5fe85803\" data-element_type=\"container\" data-e-type=\"container\">\n\t\t\t\t\t<div class=\"e-con-inner\">\n\t\t\t\t<div class=\"elementor-element elementor-element-629e3f48 elementor-widget elementor-widget-heading\" data-id=\"629e3f48\" data-element_type=\"widget\" data-e-type=\"widget\" data-widget_type=\"heading.default\">\n\t\t\t\t<div class=\"elementor-widget-container\">\n\t\t\t\t\t<h3 class=\"elementor-heading-title elementor-size-default\">Report List<\/h3>\t\t\t\t<\/div>\n\t\t\t\t<\/div>\n\t\t\t\t<div class=\"elementor-element elementor-element-7d900ca1 elementor-widget elementor-widget-text-editor\" data-id=\"7d900ca1\" data-element_type=\"widget\" data-e-type=\"widget\" data-widget_type=\"text-editor.default\">\n\t\t\t\t<div class=\"elementor-widget-container\">\n\t\t\t\t\t\t\t\t\t<p>We will publish our latest headlines on this page soon.<\/p>\t\t\t\t\t\t\t\t<\/div>\n\t\t\t\t<\/div>\n\t\t\t\t\t<\/div>\n\t\t\t\t<\/div>\n\t\t\t\t<\/div>","protected":false},"excerpt":{"rendered":"<p>Tam Versiyonu Ke\u015ffedin! Rapor Listesi Yak\u0131n zamanda bu sayfada g\u00fcncel ba\u015fl\u0131klar\u0131m\u0131z\u0131 yay\u0131nlayaca\u011f\u0131z.<\/p>","protected":false},"author":3,"featured_media":0,"parent":4475,"menu_order":0,"comment_status":"closed","ping_status":"closed","template":"","meta":{"iawp_total_views":7,"footnotes":""},"class_list":["post-5728","page","type-page","status-publish","hentry"],"_links":{"self":[{"href":"https:\/\/kandpconsultancy.com\/en\/wp-json\/wp\/v2\/pages\/5728","targetHints":{"allow":["GET"]}}],"collection":[{"href":"https:\/\/kandpconsultancy.com\/en\/wp-json\/wp\/v2\/pages"}],"about":[{"href":"https:\/\/kandpconsultancy.com\/en\/wp-json\/wp\/v2\/types\/page"}],"author":[{"embeddable":true,"href":"https:\/\/kandpconsultancy.com\/en\/wp-json\/wp\/v2\/users\/3"}],"replies":[{"embeddable":true,"href":"https:\/\/kandpconsultancy.com\/en\/wp-json\/wp\/v2\/comments?post=5728"}],"version-history":[{"count":0,"href":"https:\/\/kandpconsultancy.com\/en\/wp-json\/wp\/v2\/pages\/5728\/revisions"}],"up":[{"embeddable":true,"href":"https:\/\/kandpconsultancy.com\/en\/wp-json\/wp\/v2\/pages\/4475"}],"wp:attachment":[{"href":"https:\/\/kandpconsultancy.com\/en\/wp-json\/wp\/v2\/media?parent=5728"}],"curies":[{"name":"wp","href":"https:\/\/api.w.org\/{rel}","templated":true}]}}