{"id":2323,"date":"2023-05-16T06:45:59","date_gmt":"2023-05-16T06:45:59","guid":{"rendered":"https:\/\/kandpconsultancy.com\/?page_id=2323"},"modified":"2023-09-17T14:26:01","modified_gmt":"2023-09-17T14:26:01","slug":"%d1%83%d0%bf%d1%80%d0%b0%d0%b2%d0%bb%d0%b5%d0%bd%d0%b8%d0%b5-%d0%b0%d0%ba%d1%82%d0%b8%d0%b2%d0%b0%d0%bc%d0%b8","status":"publish","type":"page","link":"https:\/\/kandpconsultancy.com\/ru\/%d1%83%d1%81%d0%bb%d1%83%d0%b3%d0%b8\/%d1%83%d0%bf%d1%80%d0%b0%d0%b2%d0%bb%d0%b5%d0%bd%d0%b8%d0%b5-%d0%b0%d0%ba%d1%82%d0%b8%d0%b2%d0%b0%d0%bc%d0%b8\/","title":{"rendered":"\u0423\u043f\u0440\u0430\u0432\u043b\u0435\u043d\u0438\u0435 \u0430\u043a\u0442\u0438\u0432\u0430\u043c\u0438"},"content":{"rendered":"\t\t<div data-elementor-type=\"wp-page\" data-elementor-id=\"2323\" class=\"elementor elementor-2323\" data-elementor-post-type=\"page\">\n\t\t\t\t<div class=\"elementor-element elementor-element-cc3162d e-flex e-con-boxed e-con e-parent\" data-id=\"cc3162d\" data-element_type=\"container\" data-e-type=\"container\">\n\t\t\t\t\t<div class=\"e-con-inner\">\n\t\t\t\t<div class=\"elementor-element elementor-element-4e488ed0 elementor-widget elementor-widget-heading\" data-id=\"4e488ed0\" data-element_type=\"widget\" data-e-type=\"widget\" data-widget_type=\"heading.default\">\n\t\t\t\t<div class=\"elementor-widget-container\">\n\t\t\t\t\t<h2 class=\"elementor-heading-title elementor-size-default\">Varl\u0131k Y\u00f6netimi<\/h2>\t\t\t\t<\/div>\n\t\t\t\t<\/div>\n\t\t\t\t\t<\/div>\n\t\t\t\t<\/div>\n\t\t<div class=\"elementor-element elementor-element-41dd497f e-flex e-con-boxed e-con e-parent\" data-id=\"41dd497f\" data-element_type=\"container\" data-e-type=\"container\">\n\t\t\t\t\t<div class=\"e-con-inner\">\n\t\t<div class=\"elementor-element elementor-element-41612fcd e-flex e-con-boxed e-con e-child\" data-id=\"41612fcd\" data-element_type=\"container\" data-e-type=\"container\">\n\t\t\t\t\t<div class=\"e-con-inner\">\n\t\t\t\t<div class=\"elementor-element elementor-element-232698a7 elementor-widget elementor-widget-image\" data-id=\"232698a7\" data-element_type=\"widget\" data-e-type=\"widget\" data-widget_type=\"image.default\">\n\t\t\t\t<div class=\"elementor-widget-container\">\n\t\t\t\t\t\t\t\t\t\t\t\t\t\t\t<img fetchpriority=\"high\" decoding=\"async\" width=\"2000\" height=\"667\" src=\"https:\/\/kandpconsultancy.com\/wp-content\/uploads\/2023\/08\/modern-bedroom-design.jpg\" class=\"attachment-full size-full wp-image-4513\" alt=\"\" srcset=\"https:\/\/kandpconsultancy.com\/wp-content\/uploads\/2023\/08\/modern-bedroom-design.jpg 2000w, https:\/\/kandpconsultancy.com\/wp-content\/uploads\/2023\/08\/modern-bedroom-design-300x100.jpg 300w, https:\/\/kandpconsultancy.com\/wp-content\/uploads\/2023\/08\/modern-bedroom-design-1024x342.jpg 1024w, https:\/\/kandpconsultancy.com\/wp-content\/uploads\/2023\/08\/modern-bedroom-design-768x256.jpg 768w, https:\/\/kandpconsultancy.com\/wp-content\/uploads\/2023\/08\/modern-bedroom-design-1536x512.jpg 1536w\" sizes=\"(max-width: 2000px) 100vw, 2000px\" \/>\t\t\t\t\t\t\t\t\t\t\t\t\t\t\t<\/div>\n\t\t\t\t<\/div>\n\t\t\t\t\t<\/div>\n\t\t\t\t<\/div>\n\t\t\t\t<div class=\"elementor-element elementor-element-53c20dd2 elementor-widget elementor-widget-text-editor\" data-id=\"53c20dd2\" data-element_type=\"widget\" data-e-type=\"widget\" data-widget_type=\"text-editor.default\">\n\t\t\t\t<div class=\"elementor-widget-container\">\n\t\t\t\t\t\t\t\t\t<p style=\"font-weight: 400;\">\u0130\u015f ve finansal y\u00f6netim sekt\u00f6r\u00fcndeki b\u00fcy\u00fcmeyle birlikte, risk y\u00f6netimi, uyumluluk, d\u00fczenlemeler, raporlama ve vergilendirme konular\u0131 daha da derinle\u015fti. Yat\u0131r\u0131mc\u0131lar, genel yat\u0131r\u0131m stratejilerinin \u00f6tesinde, belirli varl\u0131k s\u0131n\u0131flar\u0131na ve alternatif yat\u0131r\u0131m y\u00f6ntemlerine y\u00f6neliyor. Bu artan talebi kar\u015f\u0131lamak ad\u0131na, m\u00fc\u015fterilerimizin yat\u0131r\u0131m beklentilerini, risk tolerans\u0131n\u0131 ve ilgi alanlar\u0131n\u0131 derinlemesine anlamak i\u00e7in &#8220;m\u00fc\u015fteri davran\u0131\u015f\u0131 analizi&#8221; y\u00f6ntemini benimsiyoruz. Uzman ekibimiz, varl\u0131k y\u00f6netimi \u00e7\u00f6z\u00fcmlerini tasarlarken sadece bireysel ihtiya\u00e7lar\u0131 de\u011fil, ayn\u0131 zamanda aile veya kurumsal ihtiya\u00e7lar\u0131 da dikkate al\u0131r. Varl\u0131k Y\u00f6netimi Sat\u0131\u015f M\u00fcd\u00fcr\u00fcm\u00fcz\u00fcn liderli\u011finde, konu uzmanlar\u0131m\u0131z\u0131 bir araya getirerek her detay\u0131n eksiksiz ele al\u0131nmas\u0131n\u0131 sa\u011fl\u0131yoruz. <strong>K &amp; P Consultancy<\/strong> olarak, yat\u0131r\u0131mc\u0131lar\u0131n gelecekteki yat\u0131r\u0131mlar\u0131nda bize olan g\u00fcvenlerini peki\u015ftirmek i\u00e7in bu kapsaml\u0131 hizmetleri sunmaktan gurur duyuyoruz.<\/p>\t\t\t\t\t\t\t\t<\/div>\n\t\t\t\t<\/div>\n\t\t\t\t\t<\/div>\n\t\t\t\t<\/div>\n\t\t<div class=\"elementor-element elementor-element-b289beb e-flex e-con-boxed e-con e-parent\" data-id=\"b289beb\" data-element_type=\"container\" data-e-type=\"container\" data-settings=\"{&quot;background_background&quot;:&quot;classic&quot;}\">\n\t\t\t\t\t<div class=\"e-con-inner\">\n\t\t<div class=\"elementor-element elementor-element-ad76bdf e-con-full e-flex e-con e-child\" data-id=\"ad76bdf\" data-element_type=\"container\" data-e-type=\"container\">\n\t\t\t\t<div class=\"elementor-element elementor-element-9e19b57 elementor-widget elementor-widget-image\" data-id=\"9e19b57\" data-element_type=\"widget\" data-e-type=\"widget\" data-widget_type=\"image.default\">\n\t\t\t\t<div class=\"elementor-widget-container\">\n\t\t\t\t\t\t\t\t\t\t\t\t\t\t\t<img decoding=\"async\" width=\"1200\" height=\"1200\" src=\"https:\/\/kandpconsultancy.com\/wp-content\/uploads\/2023\/05\/Finans.gif\" class=\"attachment-full size-full wp-image-3266\" alt=\"\" \/>\t\t\t\t\t\t\t\t\t\t\t\t\t\t\t<\/div>\n\t\t\t\t<\/div>\n\t\t\t\t<\/div>\n\t\t<div class=\"elementor-element elementor-element-9bff14f e-con-full e-flex e-con e-child\" data-id=\"9bff14f\" data-element_type=\"container\" data-e-type=\"container\">\n\t\t\t\t<div class=\"elementor-element elementor-element-d5a9307 elementor-widget elementor-widget-heading\" data-id=\"d5a9307\" data-element_type=\"widget\" data-e-type=\"widget\" data-widget_type=\"heading.default\">\n\t\t\t\t<div class=\"elementor-widget-container\">\n\t\t\t\t\t<h2 class=\"elementor-heading-title elementor-size-default\">Yat\u0131r\u0131mlar\u0131n\u0131z\u0131 De\u011ferlendirin<\/h2>\t\t\t\t<\/div>\n\t\t\t\t<\/div>\n\t\t\t\t<div class=\"elementor-element elementor-element-56e8e23 elementor-widget elementor-widget-text-editor\" data-id=\"56e8e23\" data-element_type=\"widget\" data-e-type=\"widget\" data-widget_type=\"text-editor.default\">\n\t\t\t\t<div class=\"elementor-widget-container\">\n\t\t\t\t\t\t\t\t\t<p>Yat\u0131r\u0131mlar\u0131n\u0131z\u0131 en iyi \u015fekilde de\u011ferlendirmeniz i\u00e7in uzmanl\u0131\u011f\u0131m\u0131zdan yararlan\u0131n. Do\u011fru yat\u0131r\u0131m stratejileriyle karl\u0131l\u0131\u011f\u0131n\u0131z\u0131 art\u0131r\u0131n.<\/p>\t\t\t\t\t\t\t\t<\/div>\n\t\t\t\t<\/div>\n\t\t\t\t<\/div>\n\t\t\t\t\t<\/div>\n\t\t\t\t<\/div>\n\t\t<div class=\"elementor-element elementor-element-f6cd3aa e-flex e-con-boxed e-con e-parent\" data-id=\"f6cd3aa\" data-element_type=\"container\" data-e-type=\"container\" data-settings=\"{&quot;background_background&quot;:&quot;classic&quot;}\">\n\t\t\t\t\t<div class=\"e-con-inner\">\n\t\t<div class=\"elementor-element elementor-element-114104a e-con-full e-flex e-con e-child\" data-id=\"114104a\" data-element_type=\"container\" data-e-type=\"container\">\n\t\t\t\t<div class=\"elementor-element elementor-element-6813b3e elementor-button-align-stretch elementor-widget elementor-widget-form\" data-id=\"6813b3e\" data-element_type=\"widget\" data-e-type=\"widget\" data-settings=\"{&quot;step_next_label&quot;:&quot;Next&quot;,&quot;step_previous_label&quot;:&quot;Previous&quot;,&quot;button_width&quot;:&quot;100&quot;,&quot;step_type&quot;:&quot;number_text&quot;,&quot;step_icon_shape&quot;:&quot;circle&quot;}\" data-widget_type=\"form.default\">\n\t\t\t\t<div class=\"elementor-widget-container\">\n\t\t\t\t\t\t\t<form class=\"elementor-form\" method=\"post\" name=\"G\u00f6r\u00fc\u015fme Planla Form\">\n\t\t\t<input type=\"hidden\" name=\"post_id\" value=\"2323\"\/>\n\t\t\t<input type=\"hidden\" name=\"form_id\" value=\"6813b3e\"\/>\n\t\t\t<input type=\"hidden\" name=\"referer_title\" value=\"Varl\u0131k Y\u00f6netimi\" \/>\n\n\t\t\t\t\t\t\t<input type=\"hidden\" name=\"queried_id\" value=\"2323\"\/>\n\t\t\t\n\t\t\t<div class=\"elementor-form-fields-wrapper elementor-labels-above\">\n\t\t\t\t\t\t\t\t<div class=\"elementor-field-type-text elementor-field-group elementor-column elementor-field-group-name elementor-col-50 elementor-field-required elementor-mark-required\">\n\t\t\t\t\t\t\t\t\t\t\t\t<label for=\"form-field-name\" class=\"elementor-field-label\">\n\t\t\t\t\t\t\t\t\u0130sim\t\t\t\t\t\t\t<\/label>\n\t\t\t\t\t\t\t\t\t\t\t\t\t\t<input size=\"1\" type=\"text\" name=\"form_fields[name]\" id=\"form-field-name\" class=\"elementor-field elementor-size-sm  elementor-field-textual\" required=\"required\">\n\t\t\t\t\t\t\t\t\t\t\t<\/div>\n\t\t\t\t\t\t\t\t<div class=\"elementor-field-type-email elementor-field-group elementor-column elementor-field-group-field_8bd9833 elementor-col-50 elementor-field-required elementor-mark-required\">\n\t\t\t\t\t\t\t\t\t\t\t\t<label for=\"form-field-field_8bd9833\" class=\"elementor-field-label\">\n\t\t\t\t\t\t\t\tEposta\t\t\t\t\t\t\t<\/label>\n\t\t\t\t\t\t\t\t\t\t\t\t\t\t<input size=\"1\" type=\"email\" name=\"form_fields[field_8bd9833]\" id=\"form-field-field_8bd9833\" class=\"elementor-field elementor-size-sm  elementor-field-textual\" required=\"required\">\n\t\t\t\t\t\t\t\t\t\t\t<\/div>\n\t\t\t\t\t\t\t\t<div class=\"elementor-field-type-textarea elementor-field-group elementor-column elementor-field-group-field_5d63c91 elementor-col-50 elementor-field-required elementor-mark-required\">\n\t\t\t\t\t\t\t\t\t\t\t\t<label for=\"form-field-field_5d63c91\" class=\"elementor-field-label\">\n\t\t\t\t\t\t\t\tGelecek Perspektifiniz Nedir?\t\t\t\t\t\t\t<\/label>\n\t\t\t\t\t\t<textarea class=\"elementor-field-textual elementor-field  elementor-size-sm\" name=\"form_fields[field_5d63c91]\" id=\"form-field-field_5d63c91\" rows=\"3\" required=\"required\"><\/textarea>\t\t\t\t<\/div>\n\t\t\t\t\t\t\t\t<div class=\"elementor-field-type-textarea elementor-field-group elementor-column elementor-field-group-field_e854b93 elementor-col-50 elementor-field-required elementor-mark-required\">\n\t\t\t\t\t\t\t\t\t\t\t\t<label for=\"form-field-field_e854b93\" class=\"elementor-field-label\">\n\t\t\t\t\t\t\t\t\u015eirketinizdeki \u00c7al\u0131\u015fan Say\u0131s\u0131n\u0131 Belirtir Misiniz?\t\t\t\t\t\t\t<\/label>\n\t\t\t\t\t\t<textarea class=\"elementor-field-textual elementor-field  elementor-size-sm\" name=\"form_fields[field_e854b93]\" id=\"form-field-field_e854b93\" rows=\"3\" required=\"required\"><\/textarea>\t\t\t\t<\/div>\n\t\t\t\t\t\t\t\t<div class=\"elementor-field-type-textarea elementor-field-group elementor-column elementor-field-group-field_006c226 elementor-col-50 elementor-field-required elementor-mark-required\">\n\t\t\t\t\t\t\t\t\t\t\t\t<label for=\"form-field-field_006c226\" class=\"elementor-field-label\">\n\t\t\t\t\t\t\t\t\u015eirketlerin Faaliyet Alanlar\u0131 Nelerdir?\t\t\t\t\t\t\t<\/label>\n\t\t\t\t\t\t<textarea class=\"elementor-field-textual elementor-field  elementor-size-sm\" name=\"form_fields[field_006c226]\" id=\"form-field-field_006c226\" rows=\"3\" required=\"required\"><\/textarea>\t\t\t\t<\/div>\n\t\t\t\t\t\t\t\t<div class=\"elementor-field-group elementor-column elementor-field-type-submit elementor-col-100 e-form__buttons\">\n\t\t\t\t\t<button class=\"elementor-button elementor-size-sm\" type=\"submit\">\n\t\t\t\t\t\t<span class=\"elementor-button-content-wrapper\">\n\t\t\t\t\t\t\t\t\t\t\t\t\t\t\t\t\t\t\t\t\t\t<span class=\"elementor-button-text\">G\u00f6r\u00fc\u015fme Planla<\/span>\n\t\t\t\t\t\t\t\t\t\t\t\t\t<\/span>\n\t\t\t\t\t<\/button>\n\t\t\t\t<\/div>\n\t\t\t<\/div>\n\t\t<\/form>\n\t\t\t\t\t\t<\/div>\n\t\t\t\t<\/div>\n\t\t\t\t<\/div>\n\t\t\t\t\t<\/div>\n\t\t\t\t<\/div>\n\t\t\t\t<\/div>\n\t\t","protected":false},"excerpt":{"rendered":"<p>\u0130\u015f ve finansal y\u00f6netim sekt\u00f6r\u00fcndeki b\u00fcy\u00fcmeyle birlikte, risk y\u00f6netimi, uyumluluk, d\u00fczenlemeler, raporlama ve vergilendirme konular\u0131 daha da derinle\u015fti. Yat\u0131r\u0131mc\u0131lar, genel yat\u0131r\u0131m stratejilerinin \u00f6tesinde, belirli varl\u0131k s\u0131n\u0131flar\u0131na ve alternatif yat\u0131r\u0131m y\u00f6ntemlerine y\u00f6neliyor. Bu artan talebi kar\u015f\u0131lamak ad\u0131na, m\u00fc\u015fterilerimizin yat\u0131r\u0131m beklentilerini, risk tolerans\u0131n\u0131 ve ilgi alanlar\u0131n\u0131 derinlemesine anlamak i\u00e7in &#8220;m\u00fc\u015fteri davran\u0131\u015f\u0131 analizi&#8221; y\u00f6ntemini benimsiyoruz. Uzman ekibimiz, varl\u0131k [&hellip;]<\/p>\n","protected":false},"author":3,"featured_media":834,"parent":2149,"menu_order":8,"comment_status":"closed","ping_status":"closed","template":"","meta":{"iawp_total_views":2,"footnotes":""},"class_list":["post-2323","page","type-page","status-publish","has-post-thumbnail","hentry"],"_links":{"self":[{"href":"https:\/\/kandpconsultancy.com\/ru\/wp-json\/wp\/v2\/pages\/2323","targetHints":{"allow":["GET"]}}],"collection":[{"href":"https:\/\/kandpconsultancy.com\/ru\/wp-json\/wp\/v2\/pages"}],"about":[{"href":"https:\/\/kandpconsultancy.com\/ru\/wp-json\/wp\/v2\/types\/page"}],"author":[{"embeddable":true,"href":"https:\/\/kandpconsultancy.com\/ru\/wp-json\/wp\/v2\/users\/3"}],"replies":[{"embeddable":true,"href":"https:\/\/kandpconsultancy.com\/ru\/wp-json\/wp\/v2\/comments?post=2323"}],"version-history":[{"count":0,"href":"https:\/\/kandpconsultancy.com\/ru\/wp-json\/wp\/v2\/pages\/2323\/revisions"}],"up":[{"embeddable":true,"href":"https:\/\/kandpconsultancy.com\/ru\/wp-json\/wp\/v2\/pages\/2149"}],"wp:featuredmedia":[{"embeddable":true,"href":"https:\/\/kandpconsultancy.com\/ru\/wp-json\/wp\/v2\/media\/834"}],"wp:attachment":[{"href":"https:\/\/kandpconsultancy.com\/ru\/wp-json\/wp\/v2\/media?parent=2323"}],"curies":[{"name":"wp","href":"https:\/\/api.w.org\/{rel}","templated":true}]}}