{"id":3324,"date":"2023-05-23T09:09:25","date_gmt":"2023-05-23T09:09:25","guid":{"rendered":"https:\/\/kandpconsultancy.com\/?page_id=3324"},"modified":"2023-09-17T13:05:07","modified_gmt":"2023-09-17T13:05:07","slug":"%d0%b1%d0%bb%d0%be%d0%b3-%d1%84%d0%b8%d0%bd%d0%b0%d0%bd%d1%81%d1%8b","status":"publish","type":"page","link":"https:\/\/kandpconsultancy.com\/ru\/%d0%b1%d0%bb%d0%be%d0%b3-%d1%84%d0%b8%d0%bd%d0%b0%d0%bd%d1%81%d1%8b\/","title":{"rendered":"Blog Finans"},"content":{"rendered":"<div data-elementor-type=\"wp-page\" data-elementor-id=\"3324\" class=\"elementor elementor-3324\" data-elementor-post-type=\"page\">\n\t\t\t\t<div class=\"elementor-element elementor-element-34d546d e-flex e-con-boxed e-con e-parent\" data-id=\"34d546d\" data-element_type=\"container\" data-e-type=\"container\">\n\t\t\t\t\t<div class=\"e-con-inner\">\n\t\t<div class=\"elementor-element elementor-element-7d06a5b6 e-con-full e-flex e-con e-child\" data-id=\"7d06a5b6\" data-element_type=\"container\" data-e-type=\"container\">\n\t\t\t\t<div class=\"elementor-element elementor-element-1dfb4343 elementor-widget elementor-widget-image\" data-id=\"1dfb4343\" data-element_type=\"widget\" data-e-type=\"widget\" data-widget_type=\"image.default\">\n\t\t\t\t<div class=\"elementor-widget-container\">\n\t\t\t\t\t\t\t\t\t\t\t\t\t\t\t<img fetchpriority=\"high\" decoding=\"async\" width=\"1170\" height=\"370\" src=\"https:\/\/kandpconsultancy.com\/wp-content\/uploads\/2023\/05\/blog-3.png\" class=\"attachment-full size-full wp-image-2583\" alt=\"\" srcset=\"https:\/\/kandpconsultancy.com\/wp-content\/uploads\/2023\/05\/blog-3.png 1170w, https:\/\/kandpconsultancy.com\/wp-content\/uploads\/2023\/05\/blog-3-300x95.png 300w, https:\/\/kandpconsultancy.com\/wp-content\/uploads\/2023\/05\/blog-3-1024x324.png 1024w, https:\/\/kandpconsultancy.com\/wp-content\/uploads\/2023\/05\/blog-3-768x243.png 768w\" sizes=\"(max-width: 1170px) 100vw, 1170px\" \/>\t\t\t\t\t\t\t\t\t\t\t\t\t\t\t<\/div>\n\t\t\t\t<\/div>\n\t\t\t\t<\/div>\n\t\t<div class=\"elementor-element elementor-element-4994c2e e-con-full e-flex e-con e-child\" data-id=\"4994c2e\" data-element_type=\"container\" data-e-type=\"container\">\n\t\t\t\t<div class=\"elementor-element elementor-element-351c13 elementor-widget elementor-widget-heading\" data-id=\"351c13\" data-element_type=\"widget\" data-e-type=\"widget\" data-widget_type=\"heading.default\">\n\t\t\t\t<div class=\"elementor-widget-container\">\n\t\t\t\t\t<h2 class=\"elementor-heading-title elementor-size-default\">\u041a\u0443\u0440\u043e\u0440\u0442\u043d\u044b\u0439 \u043e\u0442\u0435\u043b\u044c \u041c\u0443\u0440\u0430\u0432\u0430\u043d\u0434\u0445\u0443<\/h2>\t\t\t\t<\/div>\n\t\t\t\t<\/div>\n\t\t\t\t<div class=\"elementor-element elementor-element-5f149a0b elementor-widget elementor-widget-text-editor\" data-id=\"5f149a0b\" data-element_type=\"widget\" data-e-type=\"widget\" data-widget_type=\"text-editor.default\">\n\t\t\t\t<div class=\"elementor-widget-container\">\n\t\t\t\t\t\t\t\t\t<p>Muravandhoo Resort Hotel - \u044d\u0442\u043e \u0440\u043e\u0441\u043a\u043e\u0448\u043d\u044b\u0439 \u043f\u044f\u0442\u0438\u0437\u0432\u0435\u0437\u0434\u043e\u0447\u043d\u044b\u0439 \u043e\u0442\u0435\u043b\u044c, \u0440\u0430\u0441\u043f\u043e\u043b\u043e\u0436\u0435\u043d\u043d\u044b\u0439 \u0432 \u0436\u0438\u0432\u043e\u043f\u0438\u0441\u043d\u043e\u043c \u0430\u0442\u043e\u043b\u043b\u0435 \u0411\u0430\u0430 \u043d\u0430 \u041c\u0430\u043b\u044c\u0434\u0438\u0432\u0430\u0445. \u041e\u0442\u0435\u043b\u044c \u0440\u0430\u0441\u043f\u043e\u043b\u0430\u0433\u0430\u0435\u0442 120 \u043f\u0440\u043e\u0441\u0442\u043e\u0440\u043d\u044b\u043c\u0438 \u043d\u043e\u043c\u0435\u0440\u0430\u043c\u0438 \u0438 \u0432\u0438\u043b\u043b\u0430\u043c\u0438 \u0441 \u0437\u0430\u0445\u0432\u0430\u0442\u044b\u0432\u0430\u044e\u0449\u0438\u043c \u0432\u0438\u0434\u043e\u043c \u043d\u0430 \u0418\u043d\u0434\u0438\u0439\u0441\u043a\u0438\u0439 \u043e\u043a\u0435\u0430\u043d. \u041a\u0430\u0436\u0434\u044b\u0439 \u043d\u043e\u043c\u0435\u0440 \u044d\u043b\u0435\u0433\u0430\u043d\u0442\u043d\u043e \u043e\u0444\u043e\u0440\u043c\u043b\u0435\u043d, \u043e\u0441\u043d\u0430\u0449\u0435\u043d \u0441\u043e\u0432\u0440\u0435\u043c\u0435\u043d\u043d\u044b\u043c\u0438 \u0443\u0434\u043e\u0431\u0441\u0442\u0432\u0430\u043c\u0438 \u0438 \u0440\u0430\u0441\u043f\u043e\u043b\u0430\u0433\u0430\u0435\u0442 \u0447\u0430\u0441\u0442\u043d\u044b\u043c \u0431\u0430\u0441\u0441\u0435\u0439\u043d\u043e\u043c \u0438\u043b\u0438 \u0442\u0435\u0440\u0440\u0430\u0441\u043e\u0439 \u0434\u043b\u044f \u043e\u0442\u0434\u044b\u0445\u0430.<br \/><br \/>\u0413\u043e\u0441\u0442\u0438 \u043c\u043e\u0433\u0443\u0442 \u043d\u0430\u0441\u043b\u0430\u0434\u0438\u0442\u044c\u0441\u044f \u0431\u043b\u044e\u0434\u0430\u043c\u0438 \u0438\u043d\u0442\u0435\u0440\u043d\u0430\u0446\u0438\u043e\u043d\u0430\u043b\u044c\u043d\u043e\u0439 \u043a\u0443\u0445\u043d\u0438 \u0432 \u0433\u043b\u0430\u0432\u043d\u043e\u043c \u0440\u0435\u0441\u0442\u043e\u0440\u0430\u043d\u0435, \u0430 \u0442\u0430\u043a\u0436\u0435 \u0438\u0437\u044b\u0441\u043a\u0430\u043d\u043d\u044b\u043c\u0438 \u0431\u043b\u044e\u0434\u0430\u043c\u0438 \u0432 \u0440\u0435\u0441\u0442\u043e\u0440\u0430\u043d\u0435 \u043d\u0430\u0434 \u0432\u043e\u0434\u043e\u0439. \u041a\u0440\u043e\u043c\u0435 \u0442\u043e\u0433\u043e, \u0432 \u043e\u0442\u0435\u043b\u0435 \u0435\u0441\u0442\u044c \u0441\u043f\u0430-\u0441\u0430\u043b\u043e\u043d, \u0444\u0438\u0442\u043d\u0435\u0441-\u0446\u0435\u043d\u0442\u0440 \u0438 \u0440\u0430\u0437\u043b\u0438\u0447\u043d\u044b\u0435 \u0432\u0438\u0434\u044b \u0432\u043e\u0434\u043d\u043e\u0433\u043e \u0441\u043f\u043e\u0440\u0442\u0430.<br \/><br \/>\u041e\u043a\u0440\u0443\u0436\u0430\u044e\u0449\u0438\u0435 \u0432\u043e\u0434\u044b \u0438\u0437\u043e\u0431\u0438\u043b\u0443\u044e\u0442 \u043c\u043e\u0440\u0441\u043a\u0438\u043c\u0438 \u043e\u0431\u0438\u0442\u0430\u0442\u0435\u043b\u044f\u043c\u0438, \u0441\u043e\u0437\u0434\u0430\u0432\u0430\u044f \u0440\u0430\u0439 \u0434\u043b\u044f \u043b\u044e\u0431\u0438\u0442\u0435\u043b\u0435\u0439 \u0441\u043d\u043e\u0440\u043a\u043b\u0438\u043d\u0433\u0430. \u041d\u0430 \u043a\u0443\u0440\u043e\u0440\u0442\u0435 \u0442\u0430\u043a\u0436\u0435 \u0435\u0441\u0442\u044c \u0446\u0435\u043d\u0442\u0440 \u043e\u0445\u0440\u0430\u043d\u044b \u043f\u0440\u0438\u0440\u043e\u0434\u044b \u0438 \u043f\u0440\u0435\u0434\u043b\u0430\u0433\u0430\u044e\u0442\u0441\u044f \u044d\u043a\u043e\u043b\u043e\u0433\u0438\u0447\u0435\u0441\u043a\u0438\u0435 \u044d\u043a\u0441\u043a\u0443\u0440\u0441\u0438\u0438.<br \/><br \/>\u041a\u0443\u0440\u043e\u0440\u0442\u043d\u044b\u0439 \u043e\u0442\u0435\u043b\u044c Muravandhoo \u0441 \u0431\u0435\u043b\u044b\u043c\u0438 \u043f\u0435\u0441\u0447\u0430\u043d\u044b\u043c\u0438 \u043f\u043b\u044f\u0436\u0430\u043c\u0438, \u043a\u0440\u0438\u0441\u0442\u0430\u043b\u044c\u043d\u043e \u0447\u0438\u0441\u0442\u044b\u043c\u0438 \u0432\u043e\u0434\u0430\u043c\u0438 \u0438 \u0440\u043e\u0441\u043a\u043e\u0448\u043d\u044b\u043c\u0438 \u0443\u0434\u043e\u0431\u0441\u0442\u0432\u0430\u043c\u0438 - \u0438\u0434\u0435\u0430\u043b\u044c\u043d\u043e\u0435 \u043c\u0435\u0441\u0442\u043e \u0434\u043b\u044f \u0442\u0435\u0445, \u043a\u0442\u043e \u0438\u0449\u0435\u0442 \u043d\u0435\u0437\u0430\u0431\u044b\u0432\u0430\u0435\u043c\u044b\u0435 \u0432\u043f\u0435\u0447\u0430\u0442\u043b\u0435\u043d\u0438\u044f \u043e\u0442 \u0440\u0430\u0439\u0441\u043a\u043e\u0433\u043e \u0442\u0440\u043e\u043f\u0438\u0447\u0435\u0441\u043a\u043e\u0433\u043e \u043e\u0441\u0442\u0440\u043e\u0432\u0430.<\/p>\t\t\t\t\t\t\t\t<\/div>\n\t\t\t\t<\/div>\n\t\t\t\t<\/div>\n\t\t<div class=\"elementor-element elementor-element-422ae656 e-con-full e-flex e-con e-child\" data-id=\"422ae656\" data-element_type=\"container\" data-e-type=\"container\">\n\t\t\t\t<div class=\"elementor-element elementor-element-11aa3c6d elementor-widget elementor-widget-image\" data-id=\"11aa3c6d\" data-element_type=\"widget\" data-e-type=\"widget\" data-widget_type=\"image.default\">\n\t\t\t\t<div class=\"elementor-widget-container\">\n\t\t\t\t\t\t\t\t\t\t\t\t\t\t\t<img decoding=\"async\" width=\"570\" height=\"400\" src=\"https:\/\/kandpconsultancy.com\/wp-content\/uploads\/2023\/05\/blog-4.png\" class=\"attachment-full size-full wp-image-2586\" alt=\"\" srcset=\"https:\/\/kandpconsultancy.com\/wp-content\/uploads\/2023\/05\/blog-4.png 570w, https:\/\/kandpconsultancy.com\/wp-content\/uploads\/2023\/05\/blog-4-300x211.png 300w\" sizes=\"(max-width: 570px) 100vw, 570px\" \/>\t\t\t\t\t\t\t\t\t\t\t\t\t\t\t<\/div>\n\t\t\t\t<\/div>\n\t\t\t\t<\/div>\n\t\t<div class=\"elementor-element elementor-element-74dadfcc e-con-full e-flex e-con e-child\" data-id=\"74dadfcc\" data-element_type=\"container\" data-e-type=\"container\">\n\t\t\t\t<div class=\"elementor-element elementor-element-5f5227d7 elementor-widget elementor-widget-image\" data-id=\"5f5227d7\" data-element_type=\"widget\" data-e-type=\"widget\" data-widget_type=\"image.default\">\n\t\t\t\t<div class=\"elementor-widget-container\">\n\t\t\t\t\t\t\t\t\t\t\t\t\t\t\t<img decoding=\"async\" width=\"570\" height=\"400\" src=\"https:\/\/kandpconsultancy.com\/wp-content\/uploads\/2023\/05\/blog-5.png\" class=\"attachment-full size-full wp-image-2585\" alt=\"\" srcset=\"https:\/\/kandpconsultancy.com\/wp-content\/uploads\/2023\/05\/blog-5.png 570w, https:\/\/kandpconsultancy.com\/wp-content\/uploads\/2023\/05\/blog-5-300x211.png 300w\" sizes=\"(max-width: 570px) 100vw, 570px\" \/>\t\t\t\t\t\t\t\t\t\t\t\t\t\t\t<\/div>\n\t\t\t\t<\/div>\n\t\t\t\t<\/div>\n\t\t<div class=\"elementor-element elementor-element-e1a6676 e-con-full e-flex e-con e-child\" data-id=\"e1a6676\" data-element_type=\"container\" data-e-type=\"container\">\n\t\t\t\t<div class=\"elementor-element elementor-element-272977a elementor-widget elementor-widget-image\" data-id=\"272977a\" data-element_type=\"widget\" data-e-type=\"widget\" data-widget_type=\"image.default\">\n\t\t\t\t<div class=\"elementor-widget-container\">\n\t\t\t\t\t\t\t\t\t\t\t\t\t\t\t<img loading=\"lazy\" decoding=\"async\" width=\"1170\" height=\"400\" src=\"https:\/\/kandpconsultancy.com\/wp-content\/uploads\/2023\/05\/blog-6.png\" class=\"attachment-full size-full wp-image-2584\" alt=\"\" srcset=\"https:\/\/kandpconsultancy.com\/wp-content\/uploads\/2023\/05\/blog-6.png 1170w, https:\/\/kandpconsultancy.com\/wp-content\/uploads\/2023\/05\/blog-6-300x103.png 300w, https:\/\/kandpconsultancy.com\/wp-content\/uploads\/2023\/05\/blog-6-1024x350.png 1024w, https:\/\/kandpconsultancy.com\/wp-content\/uploads\/2023\/05\/blog-6-768x263.png 768w\" sizes=\"(max-width: 1170px) 100vw, 1170px\" \/>\t\t\t\t\t\t\t\t\t\t\t\t\t\t\t<\/div>\n\t\t\t\t<\/div>\n\t\t\t\t<\/div>\n\t\t\t\t\t<\/div>\n\t\t\t\t<\/div>\n\t\t<div class=\"elementor-element elementor-element-6af377f4 e-con-full e-flex e-con e-parent\" data-id=\"6af377f4\" data-element_type=\"container\" data-e-type=\"container\">\n\t\t\t\t<div class=\"elementor-element elementor-element-1ea0b391 elementor-widget-divider--view-line elementor-widget elementor-widget-divider\" data-id=\"1ea0b391\" data-element_type=\"widget\" data-e-type=\"widget\" data-widget_type=\"divider.default\">\n\t\t\t\t<div class=\"elementor-widget-container\">\n\t\t\t\t\t\t\t<div class=\"elementor-divider\">\n\t\t\t<span class=\"elementor-divider-separator\">\n\t\t\t\t\t\t<\/span>\n\t\t<\/div>\n\t\t\t\t\t\t<\/div>\n\t\t\t\t<\/div>\n\t\t\t\t<\/div>\n\t\t<div class=\"elementor-element elementor-element-24c5bfc9 e-flex e-con-boxed e-con e-parent\" data-id=\"24c5bfc9\" data-element_type=\"container\" data-e-type=\"container\">\n\t\t\t\t\t<div class=\"e-con-inner\">\n\t\t<div class=\"elementor-element elementor-element-78c138a9 e-con-full e-flex e-con e-child\" data-id=\"78c138a9\" data-element_type=\"container\" data-e-type=\"container\">\n\t\t\t\t<div class=\"elementor-element elementor-element-47eea29b elementor-widget__width-initial elementor-widget elementor-widget-heading\" data-id=\"47eea29b\" data-element_type=\"widget\" data-e-type=\"widget\" data-widget_type=\"heading.default\">\n\t\t\t\t<div class=\"elementor-widget-container\">\n\t\t\t\t\t<h2 class=\"elementor-heading-title elementor-size-default\">\u041e\u0442\u043a\u0440\u043e\u0439\u0442\u0435 \u0434\u043b\u044f \u0441\u0435\u0431\u044f<\/h2>\t\t\t\t<\/div>\n\t\t\t\t<\/div>\n\t\t\t\t<\/div>\n\t\t<div class=\"elementor-element elementor-element-57c88210 e-con-full e-flex e-con e-child\" data-id=\"57c88210\" data-element_type=\"container\" data-e-type=\"container\">\n\t\t\t\t<div class=\"elementor-element elementor-element-38ff8779 elementor-align-right elementor-widget elementor-widget-button\" data-id=\"38ff8779\" data-element_type=\"widget\" data-e-type=\"widget\" data-widget_type=\"button.default\">\n\t\t\t\t<div class=\"elementor-widget-container\">\n\t\t\t\t\t\t\t\t\t<div class=\"elementor-button-wrapper\">\n\t\t\t\t\t<a class=\"elementor-button elementor-button-link elementor-size-sm\" href=\"https:\/\/kandpconsultancy.com\/ru\/%d0%b1%d0%bb%d0%be%d0%b3\/\">\n\t\t\t\t\t\t<span class=\"elementor-button-content-wrapper\">\n\t\t\t\t\t\t<span class=\"elementor-button-icon\">\n\t\t\t\t<svg aria-hidden=\"true\" class=\"e-font-icon-svg e-fas-chevron-right\" viewbox=\"0 0 320 512\" xmlns=\"http:\/\/www.w3.org\/2000\/svg\"><path d=\"M285.476 272.971L91.132 467.314c-9.373 9.373-24.569 9.373-33.941 0l-22.667-22.667c-9.357-9.357-9.375-24.522-.04-33.901L188.505 256 34.484 101.255c-9.335-9.379-9.317-24.544.04-33.901l22.667-22.667c9.373-9.373 24.569-9.373 33.941 0L285.475 239.03c9.373 9.372 9.373 24.568.001 33.941z\"><\/path><\/svg>\t\t\t<\/span>\n\t\t\t\t\t\t\t\t\t<span class=\"elementor-button-text\">\u0421\u043c\u043e\u0442\u0440\u0435\u0442\u044c \u0432\u0441\u0435<\/span>\n\t\t\t\t\t<\/span>\n\t\t\t\t\t<\/a>\n\t\t\t\t<\/div>\n\t\t\t\t\t\t\t\t<\/div>\n\t\t\t\t<\/div>\n\t\t\t\t<\/div>\n\t\t\t\t\t<\/div>\n\t\t\t\t<\/div>\n\t\t<div class=\"elementor-element elementor-element-a033e26 e-flex e-con-boxed e-con e-parent\" data-id=\"a033e26\" data-element_type=\"container\" data-e-type=\"container\">\n\t\t\t\t\t<div class=\"e-con-inner\">\n\t\t<div class=\"elementor-element elementor-element-55200dfd e-con-full e-flex e-con e-child\" data-id=\"55200dfd\" data-element_type=\"container\" data-e-type=\"container\">\n\t\t\t\t<div class=\"elementor-element elementor-element-24ad6d53 elementor-position-top elementor-widget elementor-widget-image-box\" data-id=\"24ad6d53\" data-element_type=\"widget\" data-e-type=\"widget\" data-widget_type=\"image-box.default\">\n\t\t\t\t<div class=\"elementor-widget-container\">\n\t\t\t\t\t<div class=\"elementor-image-box-wrapper\"><figure class=\"elementor-image-box-img\"><a href=\"https:\/\/kandpconsultancy.com\/ru\/%d0%b1%d0%bb%d0%be%d0%b3-%d1%84%d0%b8%d0%bd%d0%b0%d0%bd%d1%81%d1%8b\/\" tabindex=\"-1\"><img loading=\"lazy\" decoding=\"async\" width=\"370\" height=\"270\" src=\"https:\/\/kandpconsultancy.com\/wp-content\/uploads\/2023\/05\/Finans.png\" class=\"attachment-full size-full wp-image-959\" alt=\"\" srcset=\"https:\/\/kandpconsultancy.com\/wp-content\/uploads\/2023\/05\/Finans.png 370w, https:\/\/kandpconsultancy.com\/wp-content\/uploads\/2023\/05\/Finans-300x219.png 300w\" sizes=\"(max-width: 370px) 100vw, 370px\" \/><\/a><\/figure><div class=\"elementor-image-box-content\"><h3 class=\"elementor-image-box-title\"><a href=\"https:\/\/kandpconsultancy.com\/ru\/%d0%b1%d0%bb%d0%be%d0%b3-%d1%84%d0%b8%d0%bd%d0%b0%d0%bd%d1%81%d1%8b\/\">\u0424\u0438\u043d\u0430\u043d\u0441\u044b<\/a><\/h3><p class=\"elementor-image-box-description\">\u041e\u0442\u043a\u0440\u043e\u0439\u0442\u0435 \u0434\u043b\u044f \u0441\u0435\u0431\u044f \u043d\u0430\u0438\u0431\u043e\u043b\u0435\u0435 \u044d\u0444\u0444\u0435\u043a\u0442\u0438\u0432\u043d\u044b\u0439 \u0441\u043f\u043e\u0441\u043e\u0431 \u0434\u043e\u0441\u0442\u0438\u0436\u0435\u043d\u0438\u044f \u0432\u0430\u0448\u0438\u0445 \u0444\u0438\u043d\u0430\u043d\u0441\u043e\u0432\u044b\u0445 \u0446\u0435\u043b\u0435\u0439 \u0432\u043c\u0435\u0441\u0442\u0435 \u0441 Karayel &amp; Partners. \u041c\u044b \u043f\u0440\u0435\u0434\u043b\u0430\u0433\u0430\u0435\u043c \u0432\u0430\u043c \u043b\u0443\u0447\u0448\u0435\u0435 \u0431\u043b\u0430\u0433\u043e\u0434\u0430\u0440\u044f \u043d\u0430\u0448\u0435\u043c\u0443 \u043e\u043f\u044b\u0442\u0443 \u0438 \u0437\u043d\u0430\u043d\u0438\u044f\u043c.<\/p><\/div><\/div>\t\t\t\t<\/div>\n\t\t\t\t<\/div>\n\t\t\t\t<\/div>\n\t\t<div class=\"elementor-element elementor-element-b62aba9 e-con-full e-flex e-con e-child\" data-id=\"b62aba9\" data-element_type=\"container\" data-e-type=\"container\">\n\t\t\t\t<div class=\"elementor-element elementor-element-51ad6dd1 elementor-position-top elementor-widget elementor-widget-image-box\" data-id=\"51ad6dd1\" data-element_type=\"widget\" data-e-type=\"widget\" data-widget_type=\"image-box.default\">\n\t\t\t\t<div class=\"elementor-widget-container\">\n\t\t\t\t\t<div class=\"elementor-image-box-wrapper\"><figure class=\"elementor-image-box-img\"><a href=\"https:\/\/kandpconsultancy.com\/ru\/%d0%b1%d0%bb%d0%be%d0%b3-%d1%84%d0%b8%d0%bd%d0%b0%d0%bd%d1%81%d1%8b\/\" tabindex=\"-1\"><img loading=\"lazy\" decoding=\"async\" width=\"370\" height=\"270\" src=\"https:\/\/kandpconsultancy.com\/wp-content\/uploads\/2023\/05\/Finans.png\" class=\"attachment-full size-full wp-image-959\" alt=\"\" srcset=\"https:\/\/kandpconsultancy.com\/wp-content\/uploads\/2023\/05\/Finans.png 370w, https:\/\/kandpconsultancy.com\/wp-content\/uploads\/2023\/05\/Finans-300x219.png 300w\" sizes=\"(max-width: 370px) 100vw, 370px\" \/><\/a><\/figure><div class=\"elementor-image-box-content\"><h3 class=\"elementor-image-box-title\"><a href=\"https:\/\/kandpconsultancy.com\/ru\/%d0%b1%d0%bb%d0%be%d0%b3-%d1%84%d0%b8%d0%bd%d0%b0%d0%bd%d1%81%d1%8b\/\">\u0424\u0438\u043d\u0430\u043d\u0441\u044b<\/a><\/h3><p class=\"elementor-image-box-description\">\u041e\u0442\u043a\u0440\u043e\u0439\u0442\u0435 \u0434\u043b\u044f \u0441\u0435\u0431\u044f \u043d\u0430\u0438\u0431\u043e\u043b\u0435\u0435 \u044d\u0444\u0444\u0435\u043a\u0442\u0438\u0432\u043d\u044b\u0439 \u0441\u043f\u043e\u0441\u043e\u0431 \u0434\u043e\u0441\u0442\u0438\u0436\u0435\u043d\u0438\u044f \u0432\u0430\u0448\u0438\u0445 \u0444\u0438\u043d\u0430\u043d\u0441\u043e\u0432\u044b\u0445 \u0446\u0435\u043b\u0435\u0439 \u0432\u043c\u0435\u0441\u0442\u0435 \u0441 Karayel &amp; Partners. \u041c\u044b \u043f\u0440\u0435\u0434\u043b\u0430\u0433\u0430\u0435\u043c \u0432\u0430\u043c \u043b\u0443\u0447\u0448\u0435\u0435 \u0431\u043b\u0430\u0433\u043e\u0434\u0430\u0440\u044f \u043d\u0430\u0448\u0435\u043c\u0443 \u043e\u043f\u044b\u0442\u0443 \u0438 \u0437\u043d\u0430\u043d\u0438\u044f\u043c.<\/p><\/div><\/div>\t\t\t\t<\/div>\n\t\t\t\t<\/div>\n\t\t\t\t<\/div>\n\t\t<div class=\"elementor-element elementor-element-4bb6f8eb e-con-full e-flex e-con e-child\" data-id=\"4bb6f8eb\" data-element_type=\"container\" data-e-type=\"container\">\n\t\t\t\t<div class=\"elementor-element elementor-element-cfa4673 elementor-position-top elementor-widget elementor-widget-image-box\" data-id=\"cfa4673\" data-element_type=\"widget\" data-e-type=\"widget\" data-widget_type=\"image-box.default\">\n\t\t\t\t<div class=\"elementor-widget-container\">\n\t\t\t\t\t<div class=\"elementor-image-box-wrapper\"><figure class=\"elementor-image-box-img\"><a href=\"https:\/\/kandpconsultancy.com\/ru\/%d0%b1%d0%bb%d0%be%d0%b3-%d1%84%d0%b8%d0%bd%d0%b0%d0%bd%d1%81%d1%8b\/\" tabindex=\"-1\"><img loading=\"lazy\" decoding=\"async\" width=\"370\" height=\"270\" src=\"https:\/\/kandpconsultancy.com\/wp-content\/uploads\/2023\/05\/Perakende.png\" class=\"attachment-full size-full wp-image-968\" alt=\"\" srcset=\"https:\/\/kandpconsultancy.com\/wp-content\/uploads\/2023\/05\/Perakende.png 370w, https:\/\/kandpconsultancy.com\/wp-content\/uploads\/2023\/05\/Perakende-300x219.png 300w\" sizes=\"(max-width: 370px) 100vw, 370px\" \/><\/a><\/figure><div class=\"elementor-image-box-content\"><h3 class=\"elementor-image-box-title\"><a href=\"https:\/\/kandpconsultancy.com\/ru\/%d0%b1%d0%bb%d0%be%d0%b3-%d1%84%d0%b8%d0%bd%d0%b0%d0%bd%d1%81%d1%8b\/\">\u0420\u043e\u0437\u043d\u0438\u0447\u043d\u0430\u044f \u0442\u043e\u0440\u0433\u043e\u0432\u043b\u044f<\/a><\/h3><p class=\"elementor-image-box-description\">\u0421 Karayel &amp; Partners \u0432\u044b \u0441\u043c\u043e\u0436\u0435\u0442\u0435 \u0432\u043e\u0441\u043f\u043e\u043b\u044c\u0437\u043e\u0432\u0430\u0442\u044c\u0441\u044f \u0432\u043e\u0437\u043c\u043e\u0436\u043d\u043e\u0441\u0442\u044f\u043c\u0438 \u0432 \u043a\u043e\u043d\u043a\u0443\u0440\u0435\u043d\u0442\u043d\u043e\u043c \u043c\u0438\u0440\u0435 \u0440\u043e\u0437\u043d\u0438\u0447\u043d\u043e\u0439 \u0442\u043e\u0440\u0433\u043e\u0432\u043b\u0438 \u0438 \u0431\u044b\u0441\u0442\u0440\u043e \u0430\u0434\u0430\u043f\u0442\u0438\u0440\u043e\u0432\u0430\u0442\u044c\u0441\u044f \u043a \u0442\u0435\u0445\u043d\u043e\u043b\u043e\u0433\u0438\u0447\u0435\u0441\u043a\u0438\u043c \u0438\u0437\u043c\u0435\u043d\u0435\u043d\u0438\u044f\u043c.<\/p><\/div><\/div>\t\t\t\t<\/div>\n\t\t\t\t<\/div>\n\t\t\t\t<\/div>\n\t\t<div class=\"elementor-element elementor-element-c074a1f e-con-full e-flex e-con e-child\" data-id=\"c074a1f\" data-element_type=\"container\" data-e-type=\"container\">\n\t\t\t\t<div class=\"elementor-element elementor-element-2fa3ed1c elementor-position-top elementor-widget elementor-widget-image-box\" data-id=\"2fa3ed1c\" data-element_type=\"widget\" data-e-type=\"widget\" data-widget_type=\"image-box.default\">\n\t\t\t\t<div class=\"elementor-widget-container\">\n\t\t\t\t\t<div class=\"elementor-image-box-wrapper\"><figure class=\"elementor-image-box-img\"><a href=\"https:\/\/kandpconsultancy.com\/ru\/%d0%b1%d0%bb%d0%be%d0%b3-%d1%84%d0%b8%d0%bd%d0%b0%d0%bd%d1%81%d1%8b\/\" tabindex=\"-1\"><img loading=\"lazy\" decoding=\"async\" width=\"370\" height=\"270\" src=\"https:\/\/kandpconsultancy.com\/wp-content\/uploads\/2023\/05\/Insaat-ve-Muhendislik.png\" class=\"attachment-full size-full wp-image-972\" alt=\"\" srcset=\"https:\/\/kandpconsultancy.com\/wp-content\/uploads\/2023\/05\/Insaat-ve-Muhendislik.png 370w, https:\/\/kandpconsultancy.com\/wp-content\/uploads\/2023\/05\/Insaat-ve-Muhendislik-300x219.png 300w\" sizes=\"(max-width: 370px) 100vw, 370px\" \/><\/a><\/figure><div class=\"elementor-image-box-content\"><h3 class=\"elementor-image-box-title\"><a href=\"https:\/\/kandpconsultancy.com\/ru\/%d0%b1%d0%bb%d0%be%d0%b3-%d1%84%d0%b8%d0%bd%d0%b0%d0%bd%d1%81%d1%8b\/\">\u0421\u0442\u0440\u043e\u0438\u0442\u0435\u043b\u044c\u0441\u0442\u0432\u043e \u0438 \u043f\u0440\u043e\u0435\u043a\u0442\u0438\u0440\u043e\u0432\u0430\u043d\u0438\u0435<\/a><\/h3><p class=\"elementor-image-box-description\">\u041e\u043f\u044b\u0442\u043d\u044b\u0435 \u0438\u043d\u0436\u0435\u043d\u0435\u0440\u044b \u0438 \u043a\u043e\u043d\u0441\u0443\u043b\u044c\u0442\u0430\u043d\u0442\u044b Karayel &amp; Partners \u043e\u0431\u0435\u0441\u043f\u0435\u0447\u0430\u0442 \u0443\u0441\u043f\u0435\u0445 \u0432\u0430\u0448\u0438\u043c \u043f\u0440\u043e\u0435\u043a\u0442\u0430\u043c.<\/p><\/div><\/div>\t\t\t\t<\/div>\n\t\t\t\t<\/div>\n\t\t\t\t<\/div>\n\t\t\t\t\t<\/div>\n\t\t\t\t<\/div>\n\t\t\t\t<\/div>","protected":false},"excerpt":{"rendered":"<p>Muravandhoo Resort Hotel Muravandhoo Resort Hotel, Maldivler&#8217;in muhte\u015fem Baa Atoll&#8217;\u00fcnde bulunan l\u00fcks be\u015f y\u0131ld\u0131zl\u0131 bir oteldir. Otel, Hint Okyanusu&#8217;nun nefes kesen manzaras\u0131na sahip 120 geni\u015f konuk odas\u0131 ve villas\u0131yla \u00f6v\u00fcn\u00fcr. Her oda modern olanaklarla zarif\u00e7e tasarlanm\u0131\u015f ve dinlenmek i\u00e7in \u00f6zel havuz veya terasa sahiptir. Konuklar ana restoranda uluslararas\u0131 mutfa\u011f\u0131n yan\u0131 s\u0131ra deniz \u00fcst\u00fc restoranda da [&hellip;]<\/p>\n","protected":false},"author":3,"featured_media":0,"parent":0,"menu_order":0,"comment_status":"closed","ping_status":"closed","template":"elementor_header_footer","meta":{"iawp_total_views":1,"footnotes":""},"class_list":["post-3324","page","type-page","status-publish","hentry"],"_links":{"self":[{"href":"https:\/\/kandpconsultancy.com\/ru\/wp-json\/wp\/v2\/pages\/3324","targetHints":{"allow":["GET"]}}],"collection":[{"href":"https:\/\/kandpconsultancy.com\/ru\/wp-json\/wp\/v2\/pages"}],"about":[{"href":"https:\/\/kandpconsultancy.com\/ru\/wp-json\/wp\/v2\/types\/page"}],"author":[{"embeddable":true,"href":"https:\/\/kandpconsultancy.com\/ru\/wp-json\/wp\/v2\/users\/3"}],"replies":[{"embeddable":true,"href":"https:\/\/kandpconsultancy.com\/ru\/wp-json\/wp\/v2\/comments?post=3324"}],"version-history":[{"count":0,"href":"https:\/\/kandpconsultancy.com\/ru\/wp-json\/wp\/v2\/pages\/3324\/revisions"}],"wp:attachment":[{"href":"https:\/\/kandpconsultancy.com\/ru\/wp-json\/wp\/v2\/media?parent=3324"}],"curies":[{"name":"wp","href":"https:\/\/api.w.org\/{rel}","templated":true}]}}