{"id":4275,"date":"2023-06-18T14:59:10","date_gmt":"2023-06-18T14:59:10","guid":{"rendered":"https:\/\/kandpconsultancy.com\/?page_id=4275"},"modified":"2023-09-17T14:22:19","modified_gmt":"2023-09-17T14:22:19","slug":"%d0%ba%d0%be%d0%bd%d1%81%d1%83%d0%bb%d1%8c%d1%82%d0%b8%d1%80%d0%be%d0%b2%d0%b0%d0%bd%d0%b8%d0%b5","status":"publish","type":"page","link":"https:\/\/kandpconsultancy.com\/ru\/%d1%81%d0%b5%d0%ba%d1%82%d0%be%d1%80%d0%b0\/%d0%ba%d0%be%d0%bd%d1%81%d1%83%d0%bb%d1%8c%d1%82%d0%b8%d1%80%d0%be%d0%b2%d0%b0%d0%bd%d0%b8%d0%b5\/","title":{"rendered":"\u041a\u043e\u043d\u0441\u0443\u043b\u044c\u0442\u0430\u0446\u0438\u0438"},"content":{"rendered":"\t\t<div data-elementor-type=\"wp-page\" data-elementor-id=\"4275\" class=\"elementor elementor-4275\" data-elementor-post-type=\"page\">\n\t\t\t\t<div class=\"elementor-element elementor-element-336b47cd e-flex e-con-boxed e-con e-parent\" data-id=\"336b47cd\" data-element_type=\"container\" data-e-type=\"container\">\n\t\t\t\t\t<div class=\"e-con-inner\">\n\t\t\t\t<div class=\"elementor-element elementor-element-3835526f elementor-widget elementor-widget-heading\" data-id=\"3835526f\" data-element_type=\"widget\" data-e-type=\"widget\" data-widget_type=\"heading.default\">\n\t\t\t\t<div class=\"elementor-widget-container\">\n\t\t\t\t\t<h2 class=\"elementor-heading-title elementor-size-default\">Dan\u0131\u015fmanl\u0131k<\/h2>\t\t\t\t<\/div>\n\t\t\t\t<\/div>\n\t\t\t\t\t<\/div>\n\t\t\t\t<\/div>\n\t\t<div class=\"elementor-element elementor-element-1dd973be e-flex e-con-boxed e-con e-parent\" data-id=\"1dd973be\" data-element_type=\"container\" data-e-type=\"container\">\n\t\t\t\t\t<div class=\"e-con-inner\">\n\t\t<div class=\"elementor-element elementor-element-426aa007 e-flex e-con-boxed e-con e-child\" data-id=\"426aa007\" data-element_type=\"container\" data-e-type=\"container\">\n\t\t\t\t\t<div class=\"e-con-inner\">\n\t\t\t\t<div class=\"elementor-element elementor-element-7fc6828d elementor-widget elementor-widget-image\" data-id=\"7fc6828d\" data-element_type=\"widget\" data-e-type=\"widget\" data-widget_type=\"image.default\">\n\t\t\t\t<div class=\"elementor-widget-container\">\n\t\t\t\t\t\t\t\t\t\t\t\t\t\t\t<img fetchpriority=\"high\" decoding=\"async\" width=\"2000\" height=\"772\" src=\"https:\/\/kandpconsultancy.com\/wp-content\/uploads\/2023\/08\/house-model-on-blueprints-background-engineer-contractor-office-3d-illustration.jpg\" class=\"attachment-full size-full wp-image-4509\" alt=\"\" srcset=\"https:\/\/kandpconsultancy.com\/wp-content\/uploads\/2023\/08\/house-model-on-blueprints-background-engineer-contractor-office-3d-illustration.jpg 2000w, https:\/\/kandpconsultancy.com\/wp-content\/uploads\/2023\/08\/house-model-on-blueprints-background-engineer-contractor-office-3d-illustration-300x116.jpg 300w, https:\/\/kandpconsultancy.com\/wp-content\/uploads\/2023\/08\/house-model-on-blueprints-background-engineer-contractor-office-3d-illustration-1024x395.jpg 1024w, https:\/\/kandpconsultancy.com\/wp-content\/uploads\/2023\/08\/house-model-on-blueprints-background-engineer-contractor-office-3d-illustration-768x296.jpg 768w, https:\/\/kandpconsultancy.com\/wp-content\/uploads\/2023\/08\/house-model-on-blueprints-background-engineer-contractor-office-3d-illustration-1536x593.jpg 1536w\" sizes=\"(max-width: 2000px) 100vw, 2000px\" \/>\t\t\t\t\t\t\t\t\t\t\t\t\t\t\t<\/div>\n\t\t\t\t<\/div>\n\t\t\t\t\t<\/div>\n\t\t\t\t<\/div>\n\t\t\t\t<div class=\"elementor-element elementor-element-59b2c7b elementor-widget elementor-widget-text-editor\" data-id=\"59b2c7b\" data-element_type=\"widget\" data-e-type=\"widget\" data-widget_type=\"text-editor.default\">\n\t\t\t\t<div class=\"elementor-widget-container\">\n\t\t\t\t\t\t\t\t\t<p><span style=\"font-weight: 400;\">Dan\u0131\u015fmanl\u0131k alan\u0131nda, dan\u0131\u015fman\u0131n beceri ve deneyiminin hizmet verilen firmadan daha yeni ve ay\u0131rt edici olmas\u0131 ve kuruma benzersiz bir \u015feyler katacak olmas\u0131 esast\u0131r. Bununla birlikte, bir dan\u0131\u015fman tarafs\u0131zl\u0131k ilkesini desteklemeli ve hizmet sa\u011flad\u0131\u011f\u0131 kurulu\u015fun ihtiya\u00e7lar\u0131n\u0131 dikkate almal\u0131d\u0131r. \u0130\u015f uygulamalar\u0131 do\u011fas\u0131 gere\u011fi h\u0131zla de\u011fi\u015fmektedir. Gen\u00e7 nesiller i\u015fyerini devrald\u0131k\u00e7a \u015firketlerin daha yarat\u0131c\u0131, \u00e7evik ve i\u015fbirlik\u00e7i olmas\u0131 bekleniyor.<\/span><\/p><p><span style=\"font-weight: 400;\">Yeni f\u0131rsatlar aramaya devam ediyorsan\u0131z, b\u00fcy\u00fcme yaratmaya, rekabeti y\u00f6netmeye, s\u00fcre\u00e7leri iyile\u015ftirmeye veya risklerle ba\u015fa \u00e7\u0131kmaya \u00e7al\u0131\u015f\u0131yorsan\u0131z <\/span><b>K &amp; P Consultancy <\/b><span style=\"font-weight: 400;\">\u00a0uzman kadrosuyla her zaman yan\u0131n\u0131zda. D\u00fcnyan\u0131n d\u00f6rt bir yan\u0131ndaki dan\u0131\u015fmanlar\u0131m\u0131z, i\u015f stratejilerinizi eyleme ge\u00e7irmenize ve sonu\u00e7lara odaklanman\u0131za yard\u0131mc\u0131 olmak i\u00e7in sizinle ve birbirinizle ileti\u015fim halinde kal\u0131r. \u015eirketinizin k\u00fcresel sermaye piyasalar\u0131na girmesine ve birle\u015fmeler, sat\u0131n almalar, elden \u00e7\u0131karmalar ve stratejik anla\u015fmalar yapmas\u0131na yard\u0131mc\u0131 oluyoruz. Dan\u0131\u015fmanl\u0131k hizmetlerimizle, her i\u015flemin k\u0131sa ve uzun vadeli getirilerine odaklanman\u0131z\u0131 sa\u011fl\u0131yoruz.<\/span><\/p><p><span style=\"font-weight: 400;\">Her ticarette alabilece\u011finiz en y\u00fcksek getiriyi elde etmeyi ama\u00e7l\u0131yoruz. Bunu uygun deneyimimiz ve geni\u015f end\u00fcstri bilgimizle ba\u015far\u0131yoruz. <\/span><b>K &amp; P Consultancy <\/b><span style=\"font-weight: 400;\">&#8216;\u0131n bilgili personeli, ihtiya\u00e7 duydu\u011funuz her an size yard\u0131mc\u0131 olmaya haz\u0131rd\u0131r. Yeni potansiyel m\u00fc\u015fteriler ar\u0131yor, i\u015finizi b\u00fcy\u00fctmek, rekabeti y\u00f6netmek, i\u015f s\u00fcre\u00e7lerinizi geli\u015ftirmek veya riskleri y\u00f6netmek i\u00e7in size yard\u0131mc\u0131 olabiliriz.<\/span><\/p><p><span style=\"font-weight: 400;\">\u015eirket stratejilerinizi uygulamaya koyman\u0131za ve sonu\u00e7lara odaklanman\u0131za yard\u0131mc\u0131 olmak i\u00e7in d\u00fcnyan\u0131n d\u00f6rt bir yan\u0131ndaki uzmanlar\u0131m\u0131z birbirleriyle ve sizinle ileti\u015fim halindedir. \u0130\u015fletmenize stratejik birle\u015fmeler, sat\u0131n almalar, elden \u00e7\u0131karmalar ve uluslararas\u0131 sermaye piyasalar\u0131na giri\u015f konular\u0131nda yard\u0131mc\u0131 oluyoruz. Dan\u0131\u015fmanl\u0131k hizmetlerimiz arac\u0131l\u0131\u011f\u0131yla size her i\u015flemin k\u0131sa ve uzun vadeli getirilerine odaklanma yetene\u011fi veriyoruz.<\/span><\/p><p><span style=\"font-weight: 400;\">Her ticarette m\u00fcmk\u00fcn olan en y\u00fcksek getiri hedefimizdir. Bunu, ilgili deneyimimiz ve kapsaml\u0131 sekt\u00f6r uzmanl\u0131\u011f\u0131m\u0131z sayesinde ba\u015far\u0131yoruz.<\/span><\/p>\t\t\t\t\t\t\t\t<\/div>\n\t\t\t\t<\/div>\n\t\t\t\t<div class=\"elementor-element elementor-element-65472a5a elementor-widget elementor-widget-text-editor\" data-id=\"65472a5a\" data-element_type=\"widget\" data-e-type=\"widget\" data-widget_type=\"text-editor.default\">\n\t\t\t\t<div class=\"elementor-widget-container\">\n\t\t\t\t\t\t\t\t\t<ul><li style=\"font-weight: 400;\" aria-level=\"1\"><span style=\"font-weight: 400;\">Kurumsal stratejinin belirlenmesi,<\/span><\/li><li style=\"font-weight: 400;\" aria-level=\"1\"><span style=\"font-weight: 400;\">\u00c7al\u0131\u015fma ortam\u0131nda koordinasyonun sa\u011flanmas\u0131,<\/span><\/li><li style=\"font-weight: 400;\" aria-level=\"1\"><span style=\"font-weight: 400;\">\u0130\u015f programlar\u0131n\u0131 planlamak,<\/span><\/li><li style=\"font-weight: 400;\" aria-level=\"1\"><span style=\"font-weight: 400;\">Organizasyondaki i\u015f ak\u0131\u015f\u0131n\u0131n ve alt sistemlerin organize edilmesi,<\/span><\/li><li style=\"font-weight: 400;\" aria-level=\"1\"><span style=\"font-weight: 400;\">Verimlili\u011fi art\u0131rmak,<\/span><\/li><li style=\"font-weight: 400;\" aria-level=\"1\"><span style=\"font-weight: 400;\">\u00c7al\u0131\u015fma alan\u0131n\u0131 ve hedeflerini belirlemek\/geli\u015ftirmek,<\/span><\/li><li style=\"font-weight: 400;\" aria-level=\"1\"><span style=\"font-weight: 400;\">\u00c7al\u0131\u015fma ortam\u0131n\u0131 iyile\u015ftirmek i\u00e7in fikir \u00fcretmek,<\/span><\/li><li style=\"font-weight: 400;\" aria-level=\"1\"><span style=\"font-weight: 400;\">Gelecekte do\u011fabilecek sorunlar\u0131 \u00f6ng\u00f6rmek ve \u00e7\u00f6z\u00fcm \u00fcretmek,<\/span><\/li><li style=\"font-weight: 400;\" aria-level=\"1\"><span style=\"font-weight: 400;\">F\u0131rsatlar\u0131 fark etmek ve onlara y\u00f6nelik \u00e7al\u0131\u015fmak,<\/span><\/li><li style=\"font-weight: 400;\" aria-level=\"1\"><span style=\"font-weight: 400;\">\u00c7al\u0131\u015fanlar\u0131n ihtiya\u00e7 duydu\u011fu e\u011fitimleri belirlemek ve geli\u015fimlerini desteklemek.<\/span><\/li><\/ul>\t\t\t\t\t\t\t\t<\/div>\n\t\t\t\t<\/div>\n\t\t\t\t<div class=\"elementor-element elementor-element-4e741ea elementor-widget elementor-widget-text-editor\" data-id=\"4e741ea\" data-element_type=\"widget\" data-e-type=\"widget\" data-widget_type=\"text-editor.default\">\n\t\t\t\t<div class=\"elementor-widget-container\">\n\t\t\t\t\t\t\t\t\t<p><span style=\"font-weight: 400;\">Dan\u0131\u015fmanlar\u0131n bu sorumluluklar\u0131 detayl\u0131 g\u00f6zlem ve analiz gerektirmektedir. Ayr\u0131ca \u00e7al\u0131\u015fmalar\u0131m\u0131z sonras\u0131nda sundu\u011fumuz rapor ve belgeler do\u011frultusunda firmalar\u0131n\u0131z\u0131n geli\u015fmesinde \u00f6nemli rol oynuyoruz.<\/span><\/p>\t\t\t\t\t\t\t\t<\/div>\n\t\t\t\t<\/div>\n\t\t\t\t\t<\/div>\n\t\t\t\t<\/div>\n\t\t<div class=\"elementor-element elementor-element-94cad08 e-flex e-con-boxed e-con e-parent\" data-id=\"94cad08\" data-element_type=\"container\" data-e-type=\"container\" data-settings=\"{&quot;background_background&quot;:&quot;classic&quot;}\">\n\t\t\t\t\t<div class=\"e-con-inner\">\n\t\t<div class=\"elementor-element elementor-element-041c32d e-con-full e-flex e-con e-child\" data-id=\"041c32d\" data-element_type=\"container\" data-e-type=\"container\">\n\t\t\t\t<div class=\"elementor-element elementor-element-31df632 elementor-widget elementor-widget-image\" data-id=\"31df632\" data-element_type=\"widget\" data-e-type=\"widget\" data-widget_type=\"image.default\">\n\t\t\t\t<div class=\"elementor-widget-container\">\n\t\t\t\t\t\t\t\t\t\t\t\t\t\t\t<img decoding=\"async\" width=\"1200\" height=\"1200\" src=\"https:\/\/kandpconsultancy.com\/wp-content\/uploads\/2023\/05\/Finans.gif\" class=\"attachment-full size-full wp-image-3266\" alt=\"\" \/>\t\t\t\t\t\t\t\t\t\t\t\t\t\t\t<\/div>\n\t\t\t\t<\/div>\n\t\t\t\t<\/div>\n\t\t<div class=\"elementor-element elementor-element-dc83ca9 e-con-full e-flex e-con e-child\" data-id=\"dc83ca9\" data-element_type=\"container\" data-e-type=\"container\">\n\t\t\t\t<div class=\"elementor-element elementor-element-1f519d6 elementor-widget elementor-widget-heading\" data-id=\"1f519d6\" data-element_type=\"widget\" data-e-type=\"widget\" data-widget_type=\"heading.default\">\n\t\t\t\t<div class=\"elementor-widget-container\">\n\t\t\t\t\t<h2 class=\"elementor-heading-title elementor-size-default\">Yat\u0131r\u0131mlar\u0131n\u0131z\u0131 De\u011ferlendirin<\/h2>\t\t\t\t<\/div>\n\t\t\t\t<\/div>\n\t\t\t\t<div class=\"elementor-element elementor-element-60cc03e elementor-widget elementor-widget-text-editor\" data-id=\"60cc03e\" data-element_type=\"widget\" data-e-type=\"widget\" data-widget_type=\"text-editor.default\">\n\t\t\t\t<div class=\"elementor-widget-container\">\n\t\t\t\t\t\t\t\t\t<p>Yat\u0131r\u0131mlar\u0131n\u0131z\u0131 en iyi \u015fekilde de\u011ferlendirmeniz i\u00e7in uzmanl\u0131\u011f\u0131m\u0131zdan yararlan\u0131n. Do\u011fru yat\u0131r\u0131m stratejileriyle karl\u0131l\u0131\u011f\u0131n\u0131z\u0131 art\u0131r\u0131n.<\/p>\t\t\t\t\t\t\t\t<\/div>\n\t\t\t\t<\/div>\n\t\t\t\t<\/div>\n\t\t\t\t\t<\/div>\n\t\t\t\t<\/div>\n\t\t<div class=\"elementor-element elementor-element-4e05683 e-flex e-con-boxed e-con e-parent\" data-id=\"4e05683\" data-element_type=\"container\" data-e-type=\"container\" data-settings=\"{&quot;background_background&quot;:&quot;classic&quot;}\">\n\t\t\t\t\t<div class=\"e-con-inner\">\n\t\t<div class=\"elementor-element elementor-element-a4c2551 e-con-full e-flex e-con e-child\" data-id=\"a4c2551\" data-element_type=\"container\" data-e-type=\"container\">\n\t\t\t\t<div class=\"elementor-element elementor-element-83b781b elementor-button-align-stretch elementor-widget elementor-widget-form\" data-id=\"83b781b\" data-element_type=\"widget\" data-e-type=\"widget\" data-settings=\"{&quot;step_next_label&quot;:&quot;Next&quot;,&quot;step_previous_label&quot;:&quot;Previous&quot;,&quot;button_width&quot;:&quot;100&quot;,&quot;step_type&quot;:&quot;number_text&quot;,&quot;step_icon_shape&quot;:&quot;circle&quot;}\" data-widget_type=\"form.default\">\n\t\t\t\t<div class=\"elementor-widget-container\">\n\t\t\t\t\t\t\t<form class=\"elementor-form\" method=\"post\" name=\"G\u00f6r\u00fc\u015fme Planla Form\">\n\t\t\t<input type=\"hidden\" name=\"post_id\" value=\"4275\"\/>\n\t\t\t<input type=\"hidden\" name=\"form_id\" value=\"83b781b\"\/>\n\t\t\t<input type=\"hidden\" name=\"referer_title\" value=\"Dan\u0131\u015fmanl\u0131k\" \/>\n\n\t\t\t\t\t\t\t<input type=\"hidden\" name=\"queried_id\" value=\"4275\"\/>\n\t\t\t\n\t\t\t<div class=\"elementor-form-fields-wrapper elementor-labels-above\">\n\t\t\t\t\t\t\t\t<div class=\"elementor-field-type-text elementor-field-group elementor-column elementor-field-group-name elementor-col-50 elementor-field-required elementor-mark-required\">\n\t\t\t\t\t\t\t\t\t\t\t\t<label for=\"form-field-name\" class=\"elementor-field-label\">\n\t\t\t\t\t\t\t\t\u0130sim\t\t\t\t\t\t\t<\/label>\n\t\t\t\t\t\t\t\t\t\t\t\t\t\t<input size=\"1\" type=\"text\" name=\"form_fields[name]\" id=\"form-field-name\" class=\"elementor-field elementor-size-sm  elementor-field-textual\" required=\"required\">\n\t\t\t\t\t\t\t\t\t\t\t<\/div>\n\t\t\t\t\t\t\t\t<div class=\"elementor-field-type-email elementor-field-group elementor-column elementor-field-group-field_8bd9833 elementor-col-50 elementor-field-required elementor-mark-required\">\n\t\t\t\t\t\t\t\t\t\t\t\t<label for=\"form-field-field_8bd9833\" class=\"elementor-field-label\">\n\t\t\t\t\t\t\t\tEposta\t\t\t\t\t\t\t<\/label>\n\t\t\t\t\t\t\t\t\t\t\t\t\t\t<input size=\"1\" type=\"email\" name=\"form_fields[field_8bd9833]\" id=\"form-field-field_8bd9833\" class=\"elementor-field elementor-size-sm  elementor-field-textual\" required=\"required\">\n\t\t\t\t\t\t\t\t\t\t\t<\/div>\n\t\t\t\t\t\t\t\t<div class=\"elementor-field-type-textarea elementor-field-group elementor-column elementor-field-group-field_5d63c91 elementor-col-50 elementor-field-required elementor-mark-required\">\n\t\t\t\t\t\t\t\t\t\t\t\t<label for=\"form-field-field_5d63c91\" class=\"elementor-field-label\">\n\t\t\t\t\t\t\t\tGelecek Perspektifiniz Nedir?\t\t\t\t\t\t\t<\/label>\n\t\t\t\t\t\t<textarea class=\"elementor-field-textual elementor-field  elementor-size-sm\" name=\"form_fields[field_5d63c91]\" id=\"form-field-field_5d63c91\" rows=\"3\" required=\"required\"><\/textarea>\t\t\t\t<\/div>\n\t\t\t\t\t\t\t\t<div class=\"elementor-field-type-textarea elementor-field-group elementor-column elementor-field-group-field_e854b93 elementor-col-50 elementor-field-required elementor-mark-required\">\n\t\t\t\t\t\t\t\t\t\t\t\t<label for=\"form-field-field_e854b93\" class=\"elementor-field-label\">\n\t\t\t\t\t\t\t\t\u015eirketinizdeki \u00c7al\u0131\u015fan Say\u0131s\u0131n\u0131 Belirtir Misiniz?\t\t\t\t\t\t\t<\/label>\n\t\t\t\t\t\t<textarea class=\"elementor-field-textual elementor-field  elementor-size-sm\" name=\"form_fields[field_e854b93]\" id=\"form-field-field_e854b93\" rows=\"3\" required=\"required\"><\/textarea>\t\t\t\t<\/div>\n\t\t\t\t\t\t\t\t<div class=\"elementor-field-type-textarea elementor-field-group elementor-column elementor-field-group-field_006c226 elementor-col-50 elementor-field-required elementor-mark-required\">\n\t\t\t\t\t\t\t\t\t\t\t\t<label for=\"form-field-field_006c226\" class=\"elementor-field-label\">\n\t\t\t\t\t\t\t\t\u015eirketlerin Faaliyet Alanlar\u0131 Nelerdir?\t\t\t\t\t\t\t<\/label>\n\t\t\t\t\t\t<textarea class=\"elementor-field-textual elementor-field  elementor-size-sm\" name=\"form_fields[field_006c226]\" id=\"form-field-field_006c226\" rows=\"3\" required=\"required\"><\/textarea>\t\t\t\t<\/div>\n\t\t\t\t\t\t\t\t<div class=\"elementor-field-group elementor-column elementor-field-type-submit elementor-col-100 e-form__buttons\">\n\t\t\t\t\t<button class=\"elementor-button elementor-size-sm\" type=\"submit\">\n\t\t\t\t\t\t<span class=\"elementor-button-content-wrapper\">\n\t\t\t\t\t\t\t\t\t\t\t\t\t\t\t\t\t\t\t\t\t\t<span class=\"elementor-button-text\">G\u00f6r\u00fc\u015fme Planla<\/span>\n\t\t\t\t\t\t\t\t\t\t\t\t\t<\/span>\n\t\t\t\t\t<\/button>\n\t\t\t\t<\/div>\n\t\t\t<\/div>\n\t\t<\/form>\n\t\t\t\t\t\t<\/div>\n\t\t\t\t<\/div>\n\t\t\t\t<\/div>\n\t\t\t\t\t<\/div>\n\t\t\t\t<\/div>\n\t\t\t\t<\/div>\n\t\t","protected":false},"excerpt":{"rendered":"<p>Dan\u0131\u015fmanl\u0131k alan\u0131nda, dan\u0131\u015fman\u0131n beceri ve deneyiminin hizmet verilen firmadan daha yeni ve ay\u0131rt edici olmas\u0131 ve kuruma benzersiz bir \u015feyler katacak olmas\u0131 esast\u0131r. Bununla birlikte, bir dan\u0131\u015fman tarafs\u0131zl\u0131k ilkesini desteklemeli ve hizmet sa\u011flad\u0131\u011f\u0131 kurulu\u015fun ihtiya\u00e7lar\u0131n\u0131 dikkate almal\u0131d\u0131r. \u0130\u015f uygulamalar\u0131 do\u011fas\u0131 gere\u011fi h\u0131zla de\u011fi\u015fmektedir. Gen\u00e7 nesiller i\u015fyerini devrald\u0131k\u00e7a \u015firketlerin daha yarat\u0131c\u0131, \u00e7evik ve i\u015fbirlik\u00e7i olmas\u0131 bekleniyor. [&hellip;]<\/p>\n","protected":false},"author":3,"featured_media":0,"parent":2154,"menu_order":1,"comment_status":"closed","ping_status":"closed","template":"","meta":{"iawp_total_views":9,"footnotes":""},"class_list":["post-4275","page","type-page","status-publish","hentry"],"_links":{"self":[{"href":"https:\/\/kandpconsultancy.com\/ru\/wp-json\/wp\/v2\/pages\/4275","targetHints":{"allow":["GET"]}}],"collection":[{"href":"https:\/\/kandpconsultancy.com\/ru\/wp-json\/wp\/v2\/pages"}],"about":[{"href":"https:\/\/kandpconsultancy.com\/ru\/wp-json\/wp\/v2\/types\/page"}],"author":[{"embeddable":true,"href":"https:\/\/kandpconsultancy.com\/ru\/wp-json\/wp\/v2\/users\/3"}],"replies":[{"embeddable":true,"href":"https:\/\/kandpconsultancy.com\/ru\/wp-json\/wp\/v2\/comments?post=4275"}],"version-history":[{"count":0,"href":"https:\/\/kandpconsultancy.com\/ru\/wp-json\/wp\/v2\/pages\/4275\/revisions"}],"up":[{"embeddable":true,"href":"https:\/\/kandpconsultancy.com\/ru\/wp-json\/wp\/v2\/pages\/2154"}],"wp:attachment":[{"href":"https:\/\/kandpconsultancy.com\/ru\/wp-json\/wp\/v2\/media?parent=4275"}],"curies":[{"name":"wp","href":"https:\/\/api.w.org\/{rel}","templated":true}]}}